{"id":9131,"date":"2023-09-27T19:50:27","date_gmt":"2023-09-27T17:50:27","guid":{"rendered":"https:\/\/bicg.com\/politique-relative-aux-cookies\/"},"modified":"2025-03-18T16:33:32","modified_gmt":"2025-03-18T15:33:32","slug":"politique-relative-aux-cookies","status":"publish","type":"page","link":"https:\/\/bicg.com\/fr\/politique-relative-aux-cookies\/","title":{"rendered":"Politique relative aux cookies"},"content":{"rendered":"\t\t<div data-elementor-type=\"wp-page\" data-elementor-id=\"9131\" class=\"elementor elementor-9131 elementor-4201\" data-elementor-post-type=\"page\">\n\t\t\t\t\t\t<section class=\"elementor-section elementor-top-section elementor-element elementor-element-309cf71 elementor-section-boxed elementor-section-height-default elementor-section-height-default\" data-id=\"309cf71\" data-element_type=\"section\" data-e-type=\"section\">\n\t\t\t\t\t\t<div class=\"elementor-container elementor-column-gap-default\">\n\t\t\t\t\t<div class=\"elementor-column elementor-col-100 elementor-top-column elementor-element elementor-element-0beba25\" data-id=\"0beba25\" data-element_type=\"column\" data-e-type=\"column\">\n\t\t\t<div class=\"elementor-widget-wrap elementor-element-populated\">\n\t\t\t\t\t\t<div class=\"elementor-element elementor-element-56b5bda elementor-widget elementor-widget-heading\" data-id=\"56b5bda\" data-element_type=\"widget\" data-e-type=\"widget\" data-widget_type=\"heading.default\">\n\t\t\t\t<div class=\"elementor-widget-container\">\n\t\t\t\t\t<h3 class=\"elementor-heading-title elementor-size-default\">Politique relative aux cookies<\/h3>\t\t\t\t<\/div>\n\t\t\t\t<\/div>\n\t\t\t\t<div class=\"elementor-element elementor-element-6d4e32f elementor-widget elementor-widget-text-editor\" data-id=\"6d4e32f\" data-element_type=\"widget\" data-e-type=\"widget\" data-widget_type=\"text-editor.default\">\n\t\t\t\t<div class=\"elementor-widget-container\">\n\t\t\t\t\t\t\t\t\t<p class=\"p1\">Conform\u00e9ment \u00e0 l&rsquo;article 22 de la loi 34\/2002, du 11 juillet, sur les services de la soci\u00e9t\u00e9 de l&rsquo;information et du commerce \u00e9lectronique (LSSI), en relation avec le r\u00e8glement (UE) 2016\/679 du Parlement europ\u00e9en et du Conseil, du 27 avril 2016, relatif \u00e0 la protection g\u00e9n\u00e9rale des donn\u00e9es (RGPD) et \u00e0 la loi organique 3\/2018, du 5 d\u00e9cembre, sur la protection des donn\u00e9es et la garantie des droits num\u00e9riques (LOPDGDD), The Business Innovation Consulting Group met \u00e0 la disposition des utilisateurs la politique de collecte et de traitement des cookies sur le site Web.<\/p>\n<p class=\"p2\"><b> <\/b><\/p>\n<h3><b>Que sont les cookies<\/b><\/h3>\n<p class=\"p1\">Un cookie est un fichier t\u00e9l\u00e9charg\u00e9 sur votre ordinateur lorsque vous acc\u00e9dez \u00e0 certaines pages web. Les cookies permettent notamment \u00e0 un site web de stocker et de r\u00e9cup\u00e9rer des informations sur vos habitudes de navigation et, selon les informations qu&rsquo;ils contiennent et la fa\u00e7on dont vous utilisez votre ordinateur, de vous identifier.  <\/p>\n<p class=\"p2\"><b> <\/b><\/p>\n<h3><b>Cookies utilis\u00e9s sur le site<\/b><\/h3>\n<p class=\"p1\">Les cookies utilis\u00e9s par the&nbsp;<a href=\"https:\/\/bicg.com\/\" target=\"_blank\">https:\/\/www.bicg.com<\/a>&nbsp;site sont class\u00e9s ci-dessous :<\/p>\n<p class=\"p1\"><b>Selon l&rsquo;entit\u00e9 qui les g\u00e8re<\/b><\/p>\n<ul class=\"ul1\">\n<li class=\"li1\"><b>Own cookies:<\/b> Il s\u2019agit de ceux envoy\u00e9s et g\u00e9r\u00e9s directement par The Business Innovation Consulting Group.<\/li>\n<li class=\"li1\"><b>Third-party cookies:<\/b> Il s\u2019agit de ceux qui sont envoy\u00e9s \u00e0 l\u2019utilisateur depuis un domaine ext\u00e9rieur \u00e0 The Business Innovation Consulting Group.<\/li>\n<\/ul>\n<p class=\"p1\"><b>Selon leur objectif<\/b><\/p>\n<ul class=\"ul1\">\n<li class=\"li1\"><b>Technical Cookies:<\/b> Ce sont ceux qui permettent aux utilisateurs enregistr\u00e9s de naviguer sur le site Web, dans la zone restreinte et d&rsquo;utiliser ses diff\u00e9rentes fonctions, comme par exemple le syst\u00e8me de commentaires ou le moteur de recherche.<\/li>\n<li class=\"li1\"><b>Personalisation Cookies:<\/b> Ce sont ceux qui permettent aux utilisateurs d&rsquo;acc\u00e9der au Service avec certaines caract\u00e9ristiques g\u00e9n\u00e9rales pr\u00e9d\u00e9finies selon une s\u00e9rie de crit\u00e8res \u00e9tablis par l&rsquo;utilisateur, comme par exemple la langue ou le type de navigateur via lequel l&rsquo;utilisateur se connecte \u00e0 ce site Web.<\/li>\n<li class=\"li1\"><b>Analysis or measurement cookies:<\/b> Il s&rsquo;agit de cookies qui, trait\u00e9s par le site web ou par des tiers, nous permettent de quantifier le nombre d&rsquo;utilisateurs et ainsi de r\u00e9aliser des mesures et des analyses statistiques de leur utilisation. Pour ce faire, votre navigation sur ce site web est analys\u00e9e afin de l&rsquo;am\u00e9liorer.  <\/li>\n<li class=\"li1\"><b>Social Cookies:<\/b> Ils sont d\u00e9finis par les plateformes de r\u00e9seaux sociaux pour permettre aux utilisateurs de partager du contenu avec leurs amis et leurs r\u00e9seaux.<\/li>\n<\/ul>\n<p class=\"p1\"><b>Selon leur dur\u00e9e<\/b><\/p>\n<ul class=\"ul1\">\n<li class=\"li1\"><b>Session Cookies:<\/b> Ce sont ceux con\u00e7us pour collecter et stocker des donn\u00e9es pendant que l&rsquo;utilisateur acc\u00e8de au site Web.<\/li>\n<li class=\"li1\"><b>Persistent cookies:<\/b> Ce sont ceux dans lesquels les donn\u00e9es continuent d\u2019\u00eatre stock\u00e9es dans le terminal de l\u2019utilisateur et peuvent \u00eatre consult\u00e9es et trait\u00e9es pendant une p\u00e9riode d\u00e9finie par le responsable du cookie.<\/li>\n<\/ul>\n<p class=\"p2\"><b> <\/b><\/p>\n<h3><b>Liste des cookies utilis\u00e9s<\/b><\/h3>\n<p class=\"p1\">Ce site Web peut installer les cookies suivants :<\/p>\n<p class=\"p1\"><b>Cookies techniques<\/b><\/p>\n<ul class=\"ul1\">\n<li class=\"li1\"><b>wp-settings-{user_id}:<\/b> Cookie technique utilis\u00e9 pour maintenir la configuration de l&rsquo;utilisateur dans wp-admin. Il est persistant et dure un an.  <\/li>\n<li class=\"li1\"><b>hasConsent:<\/b> Cookie technique qui enregistre le consentement de l&rsquo;utilisateur. Il est persistant et dure un an.  <\/li>\n<\/ul>\n<p class=\"p1\"><b>Cookies d&rsquo;analyse ou de mesure<\/b><\/p>\n<ul class=\"ul1\">\n<li class=\"li1\"><b>_ga:<\/b> Cookie analytique permettant de contr\u00f4ler les visites uniques. Sa dur\u00e9e de conservation est de deux ans.  <\/li>\n<li class=\"li1\"><b>_gat:<\/b> Cookie analytique limitant le nombre de requ\u00eates. Sa dur\u00e9e est d&rsquo;une minute et sa dur\u00e9e est limit\u00e9e \u00e0 la session.  <\/li>\n<li class=\"li1\"><b>_gid:<\/b> Cookie analytique permettant de distinguer les utilisateurs. Sa dur\u00e9e est de 24 heures et sa dur\u00e9e de session est de 24 heures.  <\/li>\n<\/ul>\n<p class=\"p1\">Informations Compl\u00e9mentaires:<\/p>\n<ul class=\"ul1\">\n<li class=\"li1\">Google Analytics peut installer d&rsquo;autres cookies selon le document <a href=\"https:\/\/developers.google.com\/analytics\/devguides\/collection\/analyticsjs\/cookie-usage?hl=es\"><span class=\"s1\">Use of Google Analytics cookies on websites.<\/span><\/a><\/li>\n<\/ul>\n<p class=\"p1\"><b> <\/b><\/p>\n<h3><b>Social cookies<\/b><\/h3>\n<ul class=\"ul1\">\n<li class=\"li1\">Le site web inclut d&rsquo;autres fonctionnalit\u00e9s fournies par des services tiers et des r\u00e9seaux sociaux pour am\u00e9liorer l&rsquo;exp\u00e9rience utilisateur. Vous pouvez partager du contenu sur vos r\u00e9seaux sociaux tels que \u00ab Facebook \u00bb, \u00ab Twitter \u00bb, \u00ab Instagram \u00bb, \u00ab Vimeo \u00bb ou \u00ab YouTube \u00bb gr\u00e2ce aux boutons pr\u00e9vus \u00e0 cet effet ou \u00e0 leurs propres outils de partage. Ces services peuvent donc installer des cookies et les utiliser pour suivre votre activit\u00e9 en ligne. Nous n&rsquo;avons aucun contr\u00f4le direct sur les informations collect\u00e9es par ces cookies.    <\/li>\n<\/ul>\n<p class=\"p1\">Le site Web peut installer d\u2019autres cookies :<\/p>\n<p class=\"p1\">nextendsession _ga _gid PHPSESSID wordpress_test_cookie wp-settings-*<\/p>\n<p class=\"p2\"><b> <\/b><\/p>\n<h3><b>Accepter ou refuser l&rsquo;installation de cookies<\/b><\/h3>\n<p class=\"p1\">Le Business Innovation Consulting Group publie des informations sur sa politique en mati\u00e8re de cookies dans le menu de pied de page et dans la banni\u00e8re de cookies accessible sur toutes les pages du site web. Cette banni\u00e8re affiche des informations essentielles sur le traitement des donn\u00e9es et permet \u00e0 l&rsquo;utilisateur d&rsquo;effectuer les actions suivantes :  <\/p>\n<ul class=\"ul1\">\n<li class=\"li1\"><b>Accepter ou refuser l&rsquo;installation de cookies,<\/b> ou retirer votre consentement pr\u00e9c\u00e9demment accord\u00e9. Vous pouvez acc\u00e9der \u00e0 ces informations depuis la Politique relative aux cookies.  <\/li>\n<li class=\"li1\"><b>Obtenez des informations supplementaires <\/b> sur la politique relative aux &nbsp;<a href=\"https:\/\/bicg.com\/fr\/politique-relative-aux-cookies\/\" target=\"_blank\">Cookie Policy page<\/a>.<\/li>\n<\/ul>\n<p class=\"p2\"><b> <\/b><\/p>\n<h3><b>Suppression des cookies<\/b><\/h3>\n<p class=\"p1\">Vous pouvez accepter, bloquer ou supprimer les cookies install\u00e9s sur votre ordinateur en configurant les options de votre navigateur, mais une partie du site ne fonctionnera pas correctement ou sa qualit\u00e9 pourra \u00eatre affect\u00e9e.<\/p>\n<p class=\"p1\">Les liens suivants fournissent des instructions sur la fa\u00e7on d&rsquo;activer ou de d\u00e9sactiver les cookies dans les navigateurs les plus courants.<\/p>\n<ul class=\"ul1\">\n<li class=\"li5\"><span class=\"s4\"><b>Firefox<\/b> <a href=\"http:\/\/support.mozilla.org\/es\/kb\/habilitar-y-deshabilitar-cookies-que-los-sitios-we\">http:\/\/support.mozilla.org\/es\/kb\/habilitar-y-deshabilitar-cookies-que-los-sitios-we<\/a><\/span><\/li>\n<li class=\"li5\"><span class=\"s4\"><b>Google Chrome<\/b> <a href=\"https:\/\/support.google.com\/chrome\/answer\/95647?hl=es\">https:\/\/support.google.com\/chrome\/answer\/95647?hl=es<\/a><\/span><\/li>\n<li class=\"li5\"><span class=\"s4\"><b>Internet Explorer<\/b> <a href=\"https:\/\/support.microsoft.com\/es-es\/help\/17442\/windows-internet-explorer-delete-manage-cookies#ie=%22ie-10%22\">https:\/\/support.microsoft.com\/es-es\/help\/17442\/windows-internet-explorer-delete-manage-cookies#ie=\u00a0\u00bbie-10&Prime;<\/a><\/span><\/li>\n<li class=\"li5\"><span class=\"s4\"><b>Microsoft Edge<\/b> <a href=\"https:\/\/support.microsoft.com\/es-es\/help\/4468242\/microsoft-edge-browsing-data-and-privacy\">https:\/\/support.microsoft.com\/es-es\/help\/4468242\/microsoft-edge-browsing-data-and-privacy<\/a><\/span><\/li>\n<li class=\"li5\"><span class=\"s4\"><b>Safari<\/b> <a href=\"http:\/\/support.apple.com\/kb\/HT1677?viewlocale=es_ES\">http:\/\/support.apple.com\/kb\/HT1677?viewlocale=es_ES<\/a><\/span><\/li>\n<\/ul>\n<p class=\"p2\"><b> <\/b><\/p>\n<h3><b>Traitement des donn\u00e9es personnelles<\/b><\/h3>\n<p class=\"p1\">Le Business Innovation Consulting Group est responsable du traitement des donn\u00e9es personnelles de l&rsquo;utilisateur. Vous pouvez consulter toutes les informations relatives au traitement des donn\u00e9es personnelles collect\u00e9es par le responsable du traitement sur le site &nbsp;<a href=\"https:\/\/bicg.com\/fr\/privacy-policy\/\" target=\"_blank\">Privacy Policy page<\/a>. <\/p>\n<p class=\"p2\"><b> <\/b><\/p>\n<h3><b>Contact<\/b><\/h3>\n<p class=\"p1\">Si vous avez des questions sur cette politique en mati\u00e8re de cookies ou si vous souhaitez faire des commentaires sur ce site Web, vous pouvez envoyer un e-mail \u00e0 info@bicg.com.<\/p>\t\t\t\t\t\t\t\t<\/div>\n\t\t\t\t<\/div>\n\t\t\t\t\t<\/div>\n\t\t<\/div>\n\t\t\t\t\t<\/div>\n\t\t<\/section>\n\t\t<div class=\"elementor-element elementor-element-e7d510d e-flex e-con-boxed e-con e-parent\" data-id=\"e7d510d\" data-element_type=\"container\" data-e-type=\"container\">\n\t\t\t\t\t<div class=\"e-con-inner\">\n\t\t\t\t<div class=\"elementor-element elementor-element-168b018 elementor-widget elementor-widget-image\" data-id=\"168b018\" data-element_type=\"widget\" data-e-type=\"widget\" data-widget_type=\"image.default\">\n\t\t\t\t<div class=\"elementor-widget-container\">\n\t\t\t\t\t\t\t\t\t\t\t\t\t\t\t<img decoding=\"async\" width=\"150\" height=\"150\" src=\"https:\/\/bicg.com\/wp-content\/uploads\/2023\/09\/Cookie-150x150.png\" class=\"attachment-thumbnail size-thumbnail wp-image-2995\" alt=\"\" srcset=\"https:\/\/bicg.com\/wp-content\/uploads\/2023\/09\/Cookie-150x150.png 150w, https:\/\/bicg.com\/wp-content\/uploads\/2023\/09\/Cookie-300x300.png 300w, https:\/\/bicg.com\/wp-content\/uploads\/2023\/09\/Cookie.png 500w\" sizes=\"(max-width: 150px) 100vw, 150px\" \/>\t\t\t\t\t\t\t\t\t\t\t\t\t\t\t<\/div>\n\t\t\t\t<\/div>\n\t\t\t\t<div class=\"elementor-element elementor-element-3921b1e elementor-widget elementor-widget-heading\" data-id=\"3921b1e\" data-element_type=\"widget\" data-e-type=\"widget\" data-widget_type=\"heading.default\">\n\t\t\t\t<div class=\"elementor-widget-container\">\n\t\t\t\t\t<h2 class=\"elementor-heading-title elementor-size-default\">Merci de votre lecture, <p>\nVoici votre cookie<\/h2>\t\t\t\t<\/div>\n\t\t\t\t<\/div>\n\t\t\t\t\t<\/div>\n\t\t\t\t<\/div>\n\t\t\t\t<\/div>\n\t\t","protected":false},"excerpt":{"rendered":"<p>Politique relative aux cookies Conform\u00e9ment \u00e0 l&rsquo;article 22 de la loi 34\/2002, du 11 juillet, sur les services de la soci\u00e9t\u00e9 de l&rsquo;information et du commerce \u00e9lectronique (LSSI), en relation avec le r\u00e8glement (UE) 2016\/679 du Parlement europ\u00e9en et du Conseil, du 27 avril 2016, relatif \u00e0 la protection g\u00e9n\u00e9rale des donn\u00e9es (RGPD) et \u00e0 [&hellip;]<\/p>\n","protected":false},"author":1,"featured_media":0,"parent":0,"menu_order":0,"comment_status":"closed","ping_status":"closed","template":"","meta":{"footnotes":""},"class_list":["post-9131","page","type-page","status-publish","hentry"],"_links":{"self":[{"href":"https:\/\/bicg.com\/fr\/wp-json\/wp\/v2\/pages\/9131","targetHints":{"allow":["GET"]}}],"collection":[{"href":"https:\/\/bicg.com\/fr\/wp-json\/wp\/v2\/pages"}],"about":[{"href":"https:\/\/bicg.com\/fr\/wp-json\/wp\/v2\/types\/page"}],"author":[{"embeddable":true,"href":"https:\/\/bicg.com\/fr\/wp-json\/wp\/v2\/users\/1"}],"replies":[{"embeddable":true,"href":"https:\/\/bicg.com\/fr\/wp-json\/wp\/v2\/comments?post=9131"}],"version-history":[{"count":1,"href":"https:\/\/bicg.com\/fr\/wp-json\/wp\/v2\/pages\/9131\/revisions"}],"predecessor-version":[{"id":9132,"href":"https:\/\/bicg.com\/fr\/wp-json\/wp\/v2\/pages\/9131\/revisions\/9132"}],"wp:attachment":[{"href":"https:\/\/bicg.com\/fr\/wp-json\/wp\/v2\/media?parent=9131"}],"curies":[{"name":"wp","href":"https:\/\/api.w.org\/{rel}","templated":true}]}}