{"id":9129,"date":"2023-08-23T16:37:42","date_gmt":"2023-08-23T14:37:42","guid":{"rendered":"https:\/\/bicg.com\/privacy-policy\/"},"modified":"2025-03-18T16:10:40","modified_gmt":"2025-03-18T15:10:40","slug":"privacy-policy","status":"publish","type":"page","link":"https:\/\/bicg.com\/fr\/privacy-policy\/","title":{"rendered":"Privacy Policy"},"content":{"rendered":"\t\t<div data-elementor-type=\"wp-page\" data-elementor-id=\"9129\" class=\"elementor elementor-9129 elementor-4203\" data-elementor-post-type=\"page\">\n\t\t\t\t\t\t<section class=\"elementor-section elementor-top-section elementor-element elementor-element-9b5cfed elementor-section-boxed elementor-section-height-default elementor-section-height-default\" data-id=\"9b5cfed\" data-element_type=\"section\" data-e-type=\"section\">\n\t\t\t\t\t\t<div class=\"elementor-container elementor-column-gap-default\">\n\t\t\t\t\t<div class=\"elementor-column elementor-col-100 elementor-top-column elementor-element elementor-element-1186b67\" data-id=\"1186b67\" data-element_type=\"column\" data-e-type=\"column\">\n\t\t\t<div class=\"elementor-widget-wrap elementor-element-populated\">\n\t\t\t\t\t\t<div class=\"elementor-element elementor-element-e7dd6cc elementor-widget elementor-widget-heading\" data-id=\"e7dd6cc\" data-element_type=\"widget\" data-e-type=\"widget\" data-widget_type=\"heading.default\">\n\t\t\t\t<div class=\"elementor-widget-container\">\n\t\t\t\t\t<h3 class=\"elementor-heading-title elementor-size-default\">Privacy Policy<\/h3>\t\t\t\t<\/div>\n\t\t\t\t<\/div>\n\t\t\t\t<div class=\"elementor-element elementor-element-9a96292 elementor-widget elementor-widget-text-editor\" data-id=\"9a96292\" data-element_type=\"widget\" data-e-type=\"widget\" data-widget_type=\"text-editor.default\">\n\t\t\t\t<div class=\"elementor-widget-container\">\n\t\t\t\t\t\t\t\t\t<p class=\"p1\">The Business Innovation Consulting Group vous informe de sa politique de confidentialit\u00e9 concernant le traitement et la protection des donn\u00e9es personnelles des utilisateurs qui peuvent \u00eatre collect\u00e9es lors de la navigation sur le site <a href=\"https:\/\/bicg.com\/fr\/\"><span class=\"s1\">https:\/\/www.bicg.com<\/span><\/a>.<\/p>\n<p class=\"p1\">Dans ce sens, The Business Innovation Consulting Group garantit le respect de la r\u00e9glementation en vigueur en mati\u00e8re de protection des donn\u00e9es personnelles, refl\u00e9t\u00e9e dans la loi organique 3\/2018 du 5 d\u00e9cembre sur la protection des donn\u00e9es personnelles et la garantie des droits num\u00e9riques (LOPD GDD). Conforme \u00e9galement au r\u00e8glement (UE) 2016\/679 du Parlement europ\u00e9en et du Conseil du 27 avril 2016 relatif \u00e0 la protection des personnes physiques (RGPD). <\/p>\n<p class=\"p1\">L\u2019utilisation du site Web implique l\u2019acceptation de la pr\u00e9sente politique de confidentialit\u00e9 ainsi que des conditions incluses dans les mentions l\u00e9gales.&nbsp;<a href=\"https:\/\/bicg.com\/fr\/notice-legale\/\" target=\"_blank\" rel=\"noopener\">mentions l\u00e9gales<\/a>.<\/p>\n<h3>&nbsp;<\/h3>\n<h3><b>Identit\u00e9 du responsible<\/b><\/h3>\n<ul class=\"ul1\">\n<li class=\"li1\"><b>Titulaire:<\/b> The Business Innovation Consulting Group.<\/li>\n<li class=\"li1\"><b>NIF:<\/b> B82355843<\/li>\n<li class=\"li1\"><b>Domicile: <\/b> c\/ Padre Dami\u00e1n, 48. 28036. Madrid &#8211; Spain  <\/li>\n<li class=\"li1\"><b>E-mail:<\/b> info@bicg.com<\/li>\n<li class=\"li4\"><span class=\"s4\"><b>Website:<\/b>&nbsp;<\/span><a href=\"https:\/\/bicg.com\/fr\/\" target=\"_blank\" rel=\"noopener\">https:\/\/www.bicg.com<\/a><\/li>\n<\/ul>\n<h3><b>Principes appliqu\u00e9s au traitement des donn\u00e9es<\/b><\/h3>\n<p class=\"p1\">Dans le traitement de ses donn\u00e9es personnelles, le Titulaire appliquera les principes suivants qui sont conformes aux exigences du nouveau r\u00e8glement europ\u00e9en sur la protection des donn\u00e9es (RGPD) :<\/p>\n<ul class=\"ul1\">\n<li class=\"li1\"><b>Principe de lic\u00e9it\u00e9, loyaut\u00e9 et transparence<\/b> : le Titulaire demandera toujours le consentement pour le traitement des donn\u00e9es personnelles qui peuvent \u00eatre pour une ou plusieurs finalit\u00e9s sp\u00e9cifiques sur lesquelles le Titulaire informera pr\u00e9alablement l\u2019Utilisateur en toute transparence.<\/li>\n<li class=\"li1\"><b>Principe de minimisation des donn\u00e9es<\/b> : le Titulaire ne demandera que les donn\u00e9es strictement n\u00e9cessaires au ou aux fins pour lesquelles il les demande.<\/li>\n<li class=\"li1\"><b>Principe de limitation du d\u00e9lai de conservation<\/b> : le Titulaire conservera les donn\u00e9es personnelles collect\u00e9es pendant la dur\u00e9e strictement n\u00e9cessaire \u00e0 la finalit\u00e9 ou aux finalit\u00e9s du traitement. Le Titulaire informera l\u2019Utilisateur du d\u00e9lai de conservation correspondant. &nbsp;<a href=\"https:\/\/bicg.com\/fr\/privacy-policy\/\" target=\"_blank\" rel=\"noopener\">Dans le cas des abonnements, le Responsable du traitement devra examiner p\u00e9riodiquement les listes et supprimer les enregistrements qui sont rest\u00e9s inactifs pendant une p\u00e9riode de temps consid\u00e9rable.selon la finalit\u00e9.<\/a><\/li>\n<li class=\"li1\"><b>Principe d\u2019int\u00e9grit\u00e9 et de confidentialit\u00e9 <\/b>: les donn\u00e9es personnelles collect\u00e9es seront trait\u00e9es de mani\u00e8re \u00e0 garantir leur s\u00e9curit\u00e9, leur confidentialit\u00e9 et leur int\u00e9grit\u00e9.<br>Le Titulaire prend les pr\u00e9cautions n\u00e9cessaires pour \u00e9viter l\u2019acc\u00e8s non autoris\u00e9 ou l\u2019utilisation abusive des donn\u00e9es de ses utilisateurs par des tiers.<\/li>\n<\/ul>\n<h3><b>Collecte de donn\u00e9es personnelles<\/b><\/h3>\n<p class=\"p1\">Pour naviguer sur &nbsp;<a href=\"https:\/\/bicg.com\/fr\/\" target=\"_blank\" rel=\"noopener\">https:\/\/www.bicg.com<\/a> &nbsp;il n&rsquo;est pas n\u00e9cessaire de fournir des donn\u00e9es personnelles.<br><br><\/p>\n<p class=\"p2\"><b>Droits<\/b><\/p>\n<p class=\"p1\">Le Titulaire vous informe que, en ce qui concerne vos donn\u00e9es personnelles, il a le droit de :<\/p>\n<ul class=\"ul1\">\n<li class=\"li1\">Demander l\u2019acc\u00e8s aux donn\u00e9es stock\u00e9es.<\/li>\n<li class=\"li1\">Demander une rectification ou une annulation.<\/li>\n<li class=\"li1\">Demander la limitation de leur traitement.<\/li>\n<li class=\"li1\">Opposition au traitement.<\/li>\n<\/ul>\n<p class=\"p1\">Vous ne pouvez pas exercer le droit \u00e0 la portabilit\u00e9 des donn\u00e9es.<\/p>\n<p class=\"p1\">L\u2019exercice de ces droits est personnel et doit donc \u00eatre exerc\u00e9 directement par la personne concern\u00e9e, en le demandant directement au Titulaire, ce qui signifie que tout client, abonn\u00e9 ou collaborateur ayant fourni ses donn\u00e9es \u00e0 un moment donn\u00e9, vous pouvez contacter The Business Innovation Consulting Group et demander des informations sur les donn\u00e9es que vous avez stock\u00e9es et comment vous les avez obtenues, demander la rectification de celles-ci, vous opposer au traitement, limiter leur utilisation ou demander la suppression de ces donn\u00e9es dans les fichiers du Titulaire.<\/p>\n<p class=\"p1\">Pour exercer vos droits d\u2019acc\u00e8s, de rectification, d\u2019annulation et d\u2019opposition, vous devez envoyer un e-mail \u00e0 info@bicg.com avec la preuve valide en droit comme une photocopie du D.N.I. ou \u00e9quivalent.<\/p>\n<p class=\"p1\">Vous avez le droit d\u2019obtenir une protection juridictionnelle effective et de d\u00e9poser une plainte aupr\u00e8s de l\u2019autorit\u00e9 de contr\u00f4le, en l\u2019occurrence l\u2019Agence espagnole de protection des donn\u00e9es, si vous estimez que le traitement de vos donn\u00e9es personnelles enfreint le r\u00e8glement.<\/p>\n<h3><b>Finalit\u00e9 du traitement des donn\u00e9es personnelles<\/b><\/h3>\n<p class=\"p1\">Lorsque vous vous connectez au site Web pour envoyer un e-mail au titulaire, vous vous inscrivez \u00e0 votre newsletter et fournissez des informations personnelles dont le responsable est The Business Innovation Consulting Group. Ces informations peuvent inclure des donn\u00e9es personnelles telles que votre adresse IP, nom et pr\u00e9nom, adresse physique, adresse e-mail, num\u00e9ro de t\u00e9l\u00e9phone et autres informations. En fournissant ces informations, vous consentez \u00e0 ce que vos informations soient collect\u00e9es, utilis\u00e9es, g\u00e9r\u00e9es et stock\u00e9es par &#8211; The Business Innovation Consulting Group &#8211; uniquement comme d\u00e9crit dans les mentions l\u00e9gales et la pr\u00e9sente politique de confidentialit\u00e9.  &nbsp;<a href=\"https:\/\/bicg.com\/fr\/notice-legale\/\" target=\"_blank\" rel=\"noopener\">Legal Notice<\/a>&nbsp;and this&nbsp;<a href=\"https:\/\/bicg.com\/fr\/privacy-policy\/\" target=\"_blank\" rel=\"noopener\">Privacy Policy<\/a>.<\/p>\n<p class=\"p1\">Les donn\u00e9es personnelles et la finalit\u00e9 du traitement par le Titulaire est diff\u00e9rente selon le syst\u00e8me de capture d\u2019informations :<\/p>\n<p class=\"p1\">Il existe d\u2019autres finalit\u00e9s pour lesquelles le Titulaire traite des donn\u00e9es personnelles :<\/p>\n<ul class=\"ul1\">\n<li class=\"li1\">Pour garantir le respect des conditions \u00e9nonc\u00e9es dans <a href=\"https:\/\/bicg.com\/fr\/notice-legale\/\"><span class=\"s1\">l\u2019avis juridique <\/span><\/a>et la loi applicable. Cela peut inclure le d\u00e9veloppement d\u2019outils et d\u2019algorithmes qui aident ce site \u00e0 garantir la confidentialit\u00e9 des donn\u00e9es personnelles qu\u2019il collecte. <\/li>\n<li class=\"li1\">Pour soutenir et am\u00e9liorer les services offerts par ce site.<\/li>\n<li class=\"li1\">Pour analyser la navigation des utilisateurs. Le titulaire recueille d\u2019autres donn\u00e9es non identifiables qui sont obtenues par l\u2019utilisation de cookies qui sont t\u00e9l\u00e9charg\u00e9s sur l\u2019ordinateur de l\u2019utilisateur lors de la navigation sur le site Web dont les caract\u00e9ristiques et la finalit\u00e9 sont d\u00e9taill\u00e9es dans la politique des cookies. &nbsp;<a href=\"https:\/\/bicg.com\/en\/cookies-policy\/\" target=\"_blank\">Cookies Policy<\/a>.<\/li>\n<li class=\"li1\">Pour g\u00e9rer les r\u00e9seaux sociaux. The Business Innovation Consulting Group est pr\u00e9sent sur les r\u00e9seaux sociaux. Si vous devenez un suiveur sur les r\u00e9seaux sociaux du Titulaire, le traitement des donn\u00e9es personnelles sera r\u00e9gi par ce paragraphe ainsi que par ces conditions d\u2019utilisation, politiques de confidentialit\u00e9 et r\u00e8gles d\u2019acc\u00e8s appartenant au r\u00e9seau social applicable dans chaque cas et que vous avez pr\u00e9c\u00e9demment accept\u00e9.   <\/li>\n<\/ul>\n<ul class=\"ul1\">\n<li class=\"li4\"><span class=\"s3\"><a href=\"https:\/\/www.facebook.com\/help\/cookies\"><span class=\"s5\">Facebook<\/span><\/a><\/span><\/li>\n<li class=\"li4\"><span class=\"s3\"><a href=\"https:\/\/twitter.com\/privacy\"><span class=\"s5\">Twitter<\/span><\/a><\/span><\/li>\n<li class=\"li4\"><span class=\"s3\"><a href=\"https:\/\/www.linkedin.com\/legal\/cookie-policy\"><span class=\"s5\">Linkedin<\/span><\/a><\/span><\/li>\n<li class=\"li4\"><span class=\"s3\"><a href=\"https:\/\/www.youtube.com\/privacy\"><span class=\"s5\">YouTube<\/span><\/a><\/span><\/li>\n<li class=\"li4\"><span class=\"s3\"><a href=\"https:\/\/www.instagram.com\/legal\/privacy\/\"><span class=\"s5\">Instagram<\/span><\/a><\/span><\/li>\n<\/ul>\n<p class=\"p2\">\n<\/p><ul>\n<li class=\"li1\">Le Titulaire traitera vos donn\u00e9es personnelles dans le but de g\u00e9rer correctement votre pr\u00e9sence sur le r\u00e9seau social, vous informer de vos activit\u00e9s, ainsi que pour toute autre finalit\u00e9 autoris\u00e9e par les r\u00e9glementations des r\u00e9seaux sociaux.<br>En aucun cas le titulaire utilisera les profils de followers sur les r\u00e9seaux sociaux pour envoyer de la publicit\u00e9 de fa\u00e7on individuelle.<\/li>\n<\/ul>\n<h3><b>S\u00e9curit\u00e9 des donn\u00e9es personnelles<\/b><\/h3>\n<p class=\"p1\">Afin de prot\u00e9ger vos donn\u00e9es personnelles, le responsable du traitement des donn\u00e9es prend toutes les pr\u00e9cautions raisonnables et suit les meilleures pratiques du secteur pour emp\u00eacher la perte, l&rsquo;utilisation abusive, l&rsquo;acc\u00e8s inappropri\u00e9, la divulgation, l&rsquo;alt\u00e9ration ou la destruction de vos donn\u00e9es personnelles.<\/p>\n<p class=\"p1\">Vos donn\u00e9es pourront \u00eatre int\u00e9gr\u00e9es dans un fichier de liste de diffusion, dont The Business Innovation Consulting Group est responsable de la gestion et du traitement. La s\u00e9curit\u00e9 de vos donn\u00e9es est garantie, car The Business Innovation Consulting Group prend toutes les mesures de s\u00e9curit\u00e9 n\u00e9cessaires et garantit que les donn\u00e9es personnelles ne seront utilis\u00e9es qu&rsquo;aux fins indiqu\u00e9es. <\/p>\n<p class=\"p1\">Le Business Innovation Consulting Group informe l&rsquo;Utilisateur que ses donn\u00e9es personnelles ne seront pas transf\u00e9r\u00e9es \u00e0 des organismes tiers, sauf si un tel transfert de donn\u00e9es est couvert par une obligation l\u00e9gale ou lorsque la fourniture d&rsquo;un service implique la n\u00e9cessit\u00e9 d&rsquo;une relation contractuelle avec un sous-traitant de donn\u00e9es. Dans ce dernier cas, le transfert des donn\u00e9es au tiers ne sera effectu\u00e9 que lorsque The Business Innovation Consulting Group aura le consentement expr\u00e8s de l&rsquo;Utilisateur. <\/p>\n<p class=\"p1\">Toutefois, dans certains cas, des collaborations avec d&rsquo;autres professionnels peuvent \u00eatre r\u00e9alis\u00e9es, dans de tels cas, le consentement de l&rsquo;Utilisateur sera requis, informant l&rsquo;identit\u00e9 du collaborateur et le but de la collaboration. Cela sera toujours r\u00e9alis\u00e9 avec les normes de s\u00e9curit\u00e9 les plus strictes. <\/p>\n<h3><b>Contenu d&rsquo;autres sites Web<\/b><\/h3>\n<p class=\"p1\">Les pages de ce site Web peuvent inclure du contenu int\u00e9gr\u00e9 (par exemple des vid\u00e9os, des images, des articles, etc.). Le contenu int\u00e9gr\u00e9 provenant d\u2019autres sites Web se comporte exactement de la m\u00eame mani\u00e8re que si vous aviez visit\u00e9 l\u2019autre site Web. <\/p>\n<p class=\"p1\">Ces sites Web peuvent collecter des donn\u00e9es vous concernant, utiliser des cookies, int\u00e9grer un code de suivi suppl\u00e9mentaire provenant de tiers et surveiller votre interaction \u00e0 l&rsquo;aide de ce code.<\/p>\n<h3><b>Politique relative aux cookies<\/b><\/h3>\n<p class=\"p1\">Pour que ce site Web fonctionne correctement, il doit utiliser des cookies, qui sont des informations stock\u00e9es dans votre navigateur Web.<\/p>\n<p class=\"p1\">Sur la page&nbsp;<a href=\"https:\/\/bicg.com\/en\/cookies-policy\/\" target=\"_blank\">Politiques des cookies<\/a>&nbsp;vous pouvez consulter toutes les informations relatives \u00e0 la politique de collecte, \u00e0 la finalit\u00e9 et au traitement des cookies.<\/p>\n<h3><b>L\u00e9gitimation du traitement des donn\u00e9es<\/b><\/h3>\n<p class=\"p1\">La base juridique du traitement de vos donn\u00e9es est : le consentement.<\/p>\n<p class=\"p1\">Pour contacter le propri\u00e9taire, vous abonner \u00e0 une newsletter ou faire des commentaires sur ce site Web, vous devez accepter cette politique de confidentialit\u00e9.<\/p>\n<h3><b>Cat\u00e9gories de donn\u00e9es personnelles<\/b><\/h3>\n<p class=\"p1\">Les cat\u00e9gories de donn\u00e9es personnelles trait\u00e9es par le Responsable du traitement sont :<\/p>\n<ul class=\"ul1\">\n<li class=\"li1\">Donn\u00e9es d&rsquo;identification.<\/li>\n<li class=\"li1\">Aucune cat\u00e9gorie de donn\u00e9es sp\u00e9cialement prot\u00e9g\u00e9e n\u2019est trait\u00e9e.<\/li>\n<\/ul>\n<h3><b>Retention of personal data<\/b><\/h3>\n<p class=\"p1\">Les donn\u00e9es personnelles que vous fournissez au Responsable du traitement seront conserv\u00e9es jusqu\u2019\u00e0 ce que vous demandiez leur suppression.<\/p>\n<h3><b>Destinataires des donn\u00e9es personnelles<\/b><\/h3>\n<ul class=\"ul1\">\n<li class=\"li1\"><b>Google Analytics<\/b> iIl s&rsquo;agit d&rsquo;un service d&rsquo;analyse Web fourni par Google, Inc., une soci\u00e9t\u00e9 du Delaware dont le si\u00e8ge social est situ\u00e9 au 1600 Amphitheatre Parkway, Mountain View (Californie), CA 94043, \u00c9tats-Unis (\u00ab Google \u00bb).<br>Google Analytics utilise des \u00ab cookies \u00bb, qui sont des fichiers texte plac\u00e9s sur votre ordinateur, pour aider le propri\u00e9taire du site Web \u00e0 analyser la fa\u00e7on dont les utilisateurs utilisent le site Web. Les informations g\u00e9n\u00e9r\u00e9es par le cookie concernant votre utilisation du site Web (y compris votre adresse IP) seront transmises et stock\u00e9es par Google sur des serveurs aux \u00c9tats-Unis.<br>Plus d&rsquo;informations peuvent \u00eatre trouv\u00e9es sur: <a href=\"https:\/\/policies.google.com\/privacy?hl=es-ES\"><span class=\"s1\">https:\/\/analytics.google.com<\/span><\/a> <\/li>\n<\/ul>\n<p class=\"p1\"><a href=\"https:\/\/policies.google.com\/privacy?hl=es\"><span class=\"s1\">Google\u2019s Privacy Policy page<\/span><\/a> explique comment Google g\u00e8re la confidentialit\u00e9 concernant l&rsquo;utilisation des cookies et d&rsquo;autres informations.<\/p>\n<p class=\"p1\">Vous pouvez \u00e9galement consulter une liste des <a href=\"https:\/\/policies.google.com\/technologies\/types?hl=es\"><span class=\"s1\">types of cookies<\/span><\/a> utilis\u00e9s par Google et ses partenaires ainsi que des informations sur leur utilisation des <a href=\"https:\/\/policies.google.com\/technologies\/ads?hl=es\"><span class=\"s1\">advertising cookies<\/span><\/a>.<br><br><\/p>\n<h3><b>Navigation Web<\/b><\/h3>\n<p class=\"p1\">Lors de la navigation sur &nbsp;<a href=\"https:\/\/bicg.com\/fr\/\" target=\"_blank\" rel=\"noopener\">https:\/\/www.bicg.com<\/a>&nbsp;des donn\u00e9es non identifiables peuvent \u00eatre collect\u00e9es, qui peuvent inclure l&rsquo;adresse IP, la g\u00e9olocalisation, un enregistrement de la fa\u00e7on dont les services et les sites sont utilis\u00e9s, les habitudes de navigation et d&rsquo;autres donn\u00e9es qui ne peuvent pas \u00eatre utilis\u00e9es pour vous identifier.<\/p>\n<p class=\"p1\">Le site Web utilise les services d&rsquo;analyse tiers suivants :<\/p>\n<ul class=\"ul1\">\n<li class=\"li1\">Google Analytics.<\/li>\n<\/ul>\n<p class=\"p1\">Le Titulaire utilise les informations obtenues pour obtenir des donn\u00e9es statistiques, analyser les tendances, administrer le site, \u00e9tudier les habitudes de navigation et recueillir des informations d\u00e9mographiques.<\/p>\n<p class=\"p1\">Le Responsable du traitement n&rsquo;est pas responsable du traitement des donn\u00e9es personnelles par les sites Web accessibles via les diff\u00e9rents liens contenus dans le site Web.<\/p>\n<h3><b>Exactitude et v\u00e9racit\u00e9 des donn\u00e9es personnelles<\/b><\/h3>\n<p class=\"p1\">Vous vous engagez \u00e0 garantir que les donn\u00e9es fournies au Propri\u00e9taire sont correctes, compl\u00e8tes, exactes et \u00e0 jour, ainsi qu&rsquo;\u00e0 les maintenir d\u00fbment mises \u00e0 jour.<\/p>\n<p class=\"p1\">En tant qu&rsquo;utilisateur du site Web, vous \u00eates seul responsable de la v\u00e9racit\u00e9 et de l&rsquo;exactitude des donn\u00e9es soumises au site Web, exon\u00e9rant The Business Innovation Consulting Group de toute responsabilit\u00e9 \u00e0 cet \u00e9gard.<\/p>\n<h3><b>Acceptation et consentement<\/b><\/h3>\n<p class=\"p1\">En tant qu&rsquo;utilisateur du site Web, vous d\u00e9clarez avoir \u00e9t\u00e9 inform\u00e9 des conditions de protection des donn\u00e9es personnelles, vous acceptez et consentez au traitement de celles-ci par The Business Innovation Consulting Group de la mani\u00e8re et aux fins indiqu\u00e9es dans la pr\u00e9sente politique de confidentialit\u00e9.<\/p>\n<h3><b>R\u00e9vocabilit\u00e9<\/b><\/h3>\n<p class=\"p1\">Pour exercer vos droits d&rsquo;acc\u00e8s, de rectification, d&rsquo;annulation et d&rsquo;opposition, vous devez envoyer un courrier \u00e9lectronique \u00e0 datos.personales@bicg.com accompagn\u00e9 d&rsquo;une preuve juridique valable telle qu&rsquo;une photocopie de votre carte d&rsquo;identit\u00e9 ou \u00e9quivalent.<\/p>\n<p class=\"p1\">L\u2019exercice de ces droits n\u2019inclut pas les donn\u00e9es que The Business Innovation Consulting Group est oblig\u00e9 de conserver \u00e0 des fins administratives, l\u00e9gales ou de s\u00e9curit\u00e9.<\/p>\n<h3><b>Modifications de la politique de confidentialit\u00e9<\/b><\/h3>\n<p class=\"p1\">Le Propri\u00e9taire se r\u00e9serve le droit de modifier cette Politique de Confidentialit\u00e9 pour l&rsquo;adapter \u00e0 la nouvelle l\u00e9gislation ou jurisprudence, ainsi qu&rsquo;aux pratiques du secteur.<\/p>\n<p class=\"p1\">Ces politiques resteront en vigueur jusqu\u2019\u00e0 ce qu\u2019elles soient modifi\u00e9es par d\u2019autres politiques d\u00fbment publi\u00e9es.<\/p>\t\t\t\t\t\t\t\t<\/div>\n\t\t\t\t<\/div>\n\t\t\t\t\t<\/div>\n\t\t<\/div>\n\t\t\t\t\t<\/div>\n\t\t<\/section>\n\t\t\t\t<\/div>\n\t\t","protected":false},"excerpt":{"rendered":"<p>Privacy Policy The Business Innovation Consulting Group vous informe de sa politique de confidentialit\u00e9 concernant le traitement et la protection des donn\u00e9es personnelles des utilisateurs qui peuvent \u00eatre collect\u00e9es lors de la navigation sur le site https:\/\/www.bicg.com. Dans ce sens, The Business Innovation Consulting Group garantit le respect de la r\u00e9glementation en vigueur en mati\u00e8re [&hellip;]<\/p>\n","protected":false},"author":1,"featured_media":0,"parent":0,"menu_order":0,"comment_status":"closed","ping_status":"closed","template":"","meta":{"footnotes":""},"class_list":["post-9129","page","type-page","status-publish","hentry"],"_links":{"self":[{"href":"https:\/\/bicg.com\/fr\/wp-json\/wp\/v2\/pages\/9129","targetHints":{"allow":["GET"]}}],"collection":[{"href":"https:\/\/bicg.com\/fr\/wp-json\/wp\/v2\/pages"}],"about":[{"href":"https:\/\/bicg.com\/fr\/wp-json\/wp\/v2\/types\/page"}],"author":[{"embeddable":true,"href":"https:\/\/bicg.com\/fr\/wp-json\/wp\/v2\/users\/1"}],"replies":[{"embeddable":true,"href":"https:\/\/bicg.com\/fr\/wp-json\/wp\/v2\/comments?post=9129"}],"version-history":[{"count":1,"href":"https:\/\/bicg.com\/fr\/wp-json\/wp\/v2\/pages\/9129\/revisions"}],"predecessor-version":[{"id":9130,"href":"https:\/\/bicg.com\/fr\/wp-json\/wp\/v2\/pages\/9129\/revisions\/9130"}],"wp:attachment":[{"href":"https:\/\/bicg.com\/fr\/wp-json\/wp\/v2\/media?parent=9129"}],"curies":[{"name":"wp","href":"https:\/\/api.w.org\/{rel}","templated":true}]}}