{"id":9086,"date":"2024-03-21T23:20:34","date_gmt":"2024-03-21T22:20:34","guid":{"rendered":"https:\/\/bicg.com\/notice-legale\/"},"modified":"2025-03-18T15:40:29","modified_gmt":"2025-03-18T14:40:29","slug":"notice-legale","status":"publish","type":"page","link":"https:\/\/bicg.com\/fr\/notice-legale\/","title":{"rendered":"Mentions l\u00e9gales"},"content":{"rendered":"\t\t<div data-elementor-type=\"wp-page\" data-elementor-id=\"9086\" class=\"elementor elementor-9086 elementor-2540\" data-elementor-post-type=\"page\">\n\t\t\t\t\t\t<section class=\"elementor-section elementor-top-section elementor-element elementor-element-9b5cfed elementor-section-boxed elementor-section-height-default elementor-section-height-default\" data-id=\"9b5cfed\" data-element_type=\"section\" data-e-type=\"section\">\n\t\t\t\t\t\t<div class=\"elementor-container elementor-column-gap-default\">\n\t\t\t\t\t<div class=\"elementor-column elementor-col-100 elementor-top-column elementor-element elementor-element-1186b67\" data-id=\"1186b67\" data-element_type=\"column\" data-e-type=\"column\">\n\t\t\t<div class=\"elementor-widget-wrap elementor-element-populated\">\n\t\t\t\t\t\t<div class=\"elementor-element elementor-element-e7dd6cc elementor-widget elementor-widget-heading\" data-id=\"e7dd6cc\" data-element_type=\"widget\" data-e-type=\"widget\" data-widget_type=\"heading.default\">\n\t\t\t\t<div class=\"elementor-widget-container\">\n\t\t\t\t\t<h3 class=\"elementor-heading-title elementor-size-default\">Mentions l\u00e9gales<\/h3>\t\t\t\t<\/div>\n\t\t\t\t<\/div>\n\t\t\t\t<div class=\"elementor-element elementor-element-9a96292 elementor-widget elementor-widget-text-editor\" data-id=\"9a96292\" data-element_type=\"widget\" data-e-type=\"widget\" data-widget_type=\"text-editor.default\">\n\t\t\t\t<div class=\"elementor-widget-container\">\n\t\t\t\t\t\t\t\t\t<h3><b>Identification et Propri\u00e9t\u00e9<\/b><\/h3>\n<p class=\"p2\">En application de l\u2019article 10 de la loi 34\/2002, du 11 juillet, des services de la soci\u00e9t\u00e9 de l\u2019information et du commerce \u00e9lectronique, le titulaire expose ses donn\u00e9es d\u2019identification.<\/p>\n<ul class=\"ul1\">\n<li class=\"li2\">&nbsp;<b>Titulaire <\/b>: The Business Innovation Consulting Group.<\/li>\n<li class=\"li2\"><b>NIF<\/b>:&nbsp;B82355843<\/li>\n<li class=\"li2\">Inscrite au registre du commerce de Madrid, tome 14.283, livre, section 8, feuillet 164, feuille M-235497, inscription.<\/li>\n<li class=\"li2\"><b>Domicile<\/b> : c\/ Padre Dami\u00e1n, 48. 28036. Madrid &#8211; Spain  <\/li>\n<li class=\"li2\"><b>Adresse \u00e9lectronique<\/b>:&nbsp;info@bicg.com<\/li>\n<li class=\"li2\"><b>Num\u00e9ro de t\u00e9l\u00e9phone:<\/b>&nbsp;913141331<\/li>\n<li class=\"li4\"><span class=\"s3\"><b>Site Web:<\/b>&nbsp;<a href=\"https:\/\/bicg.com\/fr\/\">https:\/\/www.bicg.com<\/a><\/span><\/li>\n<\/ul>\n<p class=\"p1\"><b>&nbsp;<\/b><\/p>\n<h3><b>Conditions d\u2019utilisation<\/b><\/h3>\n<p class=\"p2\">L\u2019utilisation du site Web vous donne la condition d\u2019utilisateur, et implique l\u2019acceptation compl\u00e8te de toutes les clauses et conditions d\u2019utilisation incluses dans les pages :<\/p>\n<ul class=\"ul1\">\n<li class=\"li4\"><a href=\"https:\/\/bicg.com\/legal-notice\/\" target=\"_blank\">Mentions l\u00e9gales<\/a><br><\/li>\n<li class=\"li4\"><a href=\"https:\/\/bicg.com\/privacy-policy\/\" target=\"_blank\">Politique de confidentialit\u00e9<\/a><br><\/li>\n<li class=\"li4\"><a href=\"https:\/\/bicg.com\/cookie-policy\/\" target=\"_blank\">Politique de cookies<\/a><br><\/li>\n<\/ul>\n<p class=\"p2\">Si vous n&rsquo;\u00eates pas d&rsquo;accord avec chacun de ces termes et conditions, veuillez ne pas utiliser ce site web.<\/p>\n<p class=\"p2\">L\u2019acc\u00e8s \u00e0 ce site Web ne constitue en aucun cas une relation commerciale avec The Business Innovation Consulting Group.<\/p>\n<p class=\"p2\">Par le biais de ce site, le titulaire vous facilite l\u2019acc\u00e8s et l\u2019utilisation des diff\u00e9rents contenus que le titulaire ou ses collaborateurs ont publi\u00e9s sur Internet.<\/p>\n<p class=\"p2\">\u00c0 cette fin, vous \u00eates tenu et vous engagez \u00e0 ne pas utiliser le contenu du site Web \u00e0 des fins ou pour des effets illicites, interdits dans cet avis l\u00e9gal ou par la l\u00e9gislation en vigueur, portant atteinte aux droits et int\u00e9r\u00eats de tiers, ou qui pourraient porter pr\u00e9judice, rendre inutilisable, surcharger, d\u00e9t\u00e9riorer ou emp\u00eacher l\u2019utilisation normale des contenus, des \u00e9quipements informatiques ou des documents, fichiers et tout type de contenus stock\u00e9s sur tout \u00e9quipement informatique propre ou contract\u00e9 par The Business Innovation Consulting Group, d\u2019autres utilisateurs ou de tout utilisateur Internet.<\/p>\n<h3><b>Mesures de s\u00e9curit\u00e9<\/b><\/h3>\n<p class=\"p2\">Les donn\u00e9es personnelles fournies au Titulaire peuvent \u00eatre stock\u00e9es dans des bases de donn\u00e9es automatis\u00e9es ou non, dont la propri\u00e9t\u00e9 appartient exclusivement \u00e0 The Business Innovation Consulting Group, qui prend toutes les mesures techniques, organisationnelle et de s\u00e9curit\u00e9 qui garantissent la confidentialit\u00e9, l\u2019int\u00e9grit\u00e9 et la qualit\u00e9 des informations contenues dans les m\u00eames conform\u00e9ment \u00e0 ce qui est \u00e9tabli par la r\u00e9glementation en vigueur sur la protection des donn\u00e9es.<\/p>\n<p class=\"p2\">Cependant, vous devez \u00eatre conscient que les mesures de s\u00e9curit\u00e9 des syst\u00e8mes informatiques sur Internet ne sont pas enti\u00e8rement fiables et que le titulaire ne peut donc pas garantir l\u2019absence de virus ou d\u2019autres \u00e9l\u00e9ments qui peuvent provoquer des perturbations dans les syst\u00e8mes informatiques (logiciel et mat\u00e9riel) de l\u2019Utilisateur ou dans ses documents \u00e9lectroniques et fichiers contenus dans ceux-ci, bien que le Titulaire mette tous les moyens n\u00e9cessaires et prend les mesures de s\u00e9curit\u00e9 appropri\u00e9es pour \u00e9viter la pr\u00e9sence de ces \u00e9l\u00e9ments nuisibles.<\/p>\n<h3><b>Traitement des donn\u00e9es personnelles<\/b><\/h3>\n<p class=\"p2\">Vous pouvez consulter toutes les informations relatives au traitement des donn\u00e9es personnelles collect\u00e9es par le titulaire sur la page de la&nbsp;<a href=\"https:\/\/bicg.com\/privacy-policy\/\" target=\"_blank\">Politique de Confidentialit\u00e9<\/a>.<\/p>\n<p class=\"p1\"><b>&nbsp;<\/b><\/p>\n<h3><b>Contenu<\/b><\/h3>\n<p class=\"p2\">Le Titulaire a obtenu les informations, contenu multim\u00e9dia et les mat\u00e9riaux inclus dans le site Web de sources qu\u2019il consid\u00e8re comme fiables, mais, tout en ayant pris toutes les mesures raisonnables pour assurer que l\u2019information contenue est correcte, le Titulaire ne garantit pas qu\u2019elle soit exacte, compl\u00e8te ou \u00e0 jour. The Business Innovation Consulting Group d\u00e9cline express\u00e9ment toute responsabilit\u00e9 pour les erreurs ou omissions dans les informations contenues sur les pages de ce site. <\/p>\n<p class=\"p2\">Il est interdit de transmettre ou d\u2019envoyer par le biais du site tout contenu ill\u00e9gal ou illicite, virus informatiques, ou messages qui, en g\u00e9n\u00e9ral, affectent ou violent les droits du&nbsp;titulaire ou des tiers.<\/p>\n<p class=\"p2\">Le contenu de &nbsp;<a href=\"https:\/\/bicg.com\/es\/\"><span class=\"s5\">https:\/\/www.bicg.com<\/span><\/a>&nbsp;est \u00e0 titre informatif uniquement et ne doit en aucun cas \u00eatre utilis\u00e9 ou consid\u00e9r\u00e9 comme une offre de vente, demande d\u2019offre d\u2019achat ou recommandation pour effectuer toute autre op\u00e9ration, sauf indication contraire.<\/p>\n<p class=\"p2\">The Business Innovation Consulting Group se reserva el derecho a modificar, suspender, cancelar o restringir el contenido de&nbsp;<a href=\"https:\/\/bicg.com\/es\/\"><span class=\"s5\">https:\/\/www.bicg.com<\/span><\/a>, los v\u00ednculos o la informaci\u00f3n obtenida a trav\u00e9s del sitio Web, sin necesidad de previo aviso.<\/p>\n<p class=\"p2\">The Business Innovation Consulting Group &nbsp;n\u2019est pas responsable des dommages et pr\u00e9judices qui pourraient r\u00e9sulter de l\u2019utilisation des informations du site ou de celles contenues dans les r\u00e9seaux sociaux du Titulaire.<\/p>\n<p class=\"p1\"><b>&nbsp;<\/b><\/p>\n<h3><b>Politique des cookies<\/b><\/h3>\n<p class=\"p2\">Sur la page &nbsp;<a href=\"https:\/\/bicg.com\/cookie-policy\/\" target=\"_blank\">Politique de cookies<\/a>&nbsp;vous pouvez consulter toutes les informations relatives \u00e0 la politique de collecte et de traitement des cookies.<\/p>\n<p class=\"p1\"><b>&nbsp;<\/b><\/p>\n<h3><b>Liens vers d\u2019autres sites<\/b><\/h3>\n<p class=\"p2\">Le Titulaire peut vous fournir l\u2019acc\u00e8s \u00e0 des sites Web de tiers par des liens dans le seul but d\u2019informer sur l\u2019existence d\u2019autres sources d\u2019information sur Internet o\u00f9 il pourra \u00e9largir les donn\u00e9es offertes sur le site.<\/p>\n<p class=\"p2\">Ces liens vers d\u2019autres sites ne constituent en aucun cas une suggestion ou une recommandation pour vous de visiter les pages Web cibles, qui sont hors du contr\u00f4le du titulaire, The Business Innovation Consulting Group n\u2019est donc pas responsable du contenu des sites li\u00e9s ni du r\u00e9sultat obtenu en suivant les liens.<\/p>\n<p class=\"p2\">De plus, The Business Innovation Consulting Group n\u2019est pas responsable des liens ou des liens plac\u00e9s sur les sites li\u00e9s auxquels vous avez acc\u00e8s.<\/p>\n<p class=\"p2\">L\u2019\u00e9tablissement du lien n\u2019implique en aucun cas l\u2019existence de relations entre The Business Innovation Consulting Group et le propri\u00e9taire du site sur lequel le lien est \u00e9tabli, ni l\u2019acceptation ou l\u2019approbation par le titulaire de ses contenus ou services.<\/p>\n<p class=\"p2\">Si vous acc\u00e9dez \u00e0 un site Web externe \u00e0 partir d\u2019un lien que vous trouvez sur&nbsp;<a href=\"https:\/\/bicg.com\/es\/\"><span class=\"s5\">https:\/\/www.bicg.com<\/span><\/a>&nbsp; vous devez lire la politique de confidentialit\u00e9 propre de l\u2019autre site Web qui peut \u00eatre diff\u00e9rente de celle de ce site Web.<\/p>\n<p class=\"p1\"><b>&nbsp;<\/b><\/p>\n<h3><b>Propri\u00e9t\u00e9 intellectuelle et industrielle<\/b><\/h3>\n<p class=\"p2\">Tous droits r\u00e9serv\u00e9s.<\/p>\n<p class=\"p2\">Tout acc\u00e8s \u00e0 ce site est soumis aux conditions suivantes : La reproduction, le stockage permanent et la diffusion des contenus ou toute autre utilisation \u00e0 des fins publiques ou commerciales sont express\u00e9ment interdits sans l\u2019autorisation \u00e9crite pr\u00e9alable de The Business Innovation Consulting Group.<\/p>\n<p class=\"p1\"><b>&nbsp;<\/b><\/p>\n<h3><b>Limitation de responsabilit\u00e9<\/b><\/h3>\n<p class=\"p2\">The Business Innovation Consulting Group d\u00e9cline toute responsabilit\u00e9 en cas d\u2019interruption ou de dysfonctionnement des Services ou contenus propos\u00e9s sur Internet, quelle qu\u2019en soit la cause. De m\u00eame, le Titulaire ne peut \u00eatre tenu responsable des pannes du r\u00e9seau, pertes d\u2019affaires r\u00e9sultant de ces pannes, suspensions temporaires de fluide \u00e9lectrique ou tout autre type de dommage indirect qui pourrait vous \u00eatre caus\u00e9 par des causes ind\u00e9pendantes du Titulaire. <\/p>\n<p class=\"p2\">Avant de prendre des d\u00e9cisions et\/ou des actions sur la base des informations contenues dans le site, le Titulaire vous recommande de v\u00e9rifier et de comparer les informations re\u00e7ues avec d\u2019autres sources.<\/p>\n<p class=\"p1\"><b>&nbsp;<\/b><\/p>\n<h3><b>Juridiction<\/b><\/h3>\n<p class=\"p2\">Cet avis l\u00e9gal est r\u00e9gi int\u00e9gralement par la l\u00e9gislation espagnole.<\/p>\n<p class=\"p1\"><b>&nbsp;<\/b><\/p>\n<h3><b>Contactez-nous<\/b><\/h3>\n<p class=\"p2\">En caso de que usted tenga cualquier duda acerca de estas Condiciones legales o quiera realizar cualquier comentario sobre este sitio Web, puede enviar un mensaje de correo electr\u00f3nico a la direcci\u00f3n info@bicg.com.<\/p>\n<p class=\"p2\">\n<\/p>\t\t\t\t\t\t\t\t<\/div>\n\t\t\t\t<\/div>\n\t\t\t\t\t<\/div>\n\t\t<\/div>\n\t\t\t\t\t<\/div>\n\t\t<\/section>\n\t\t\t\t<\/div>\n\t\t","protected":false},"excerpt":{"rendered":"<p>Mentions l\u00e9gales Identification et Propri\u00e9t\u00e9 En application de l\u2019article 10 de la loi 34\/2002, du 11 juillet, des services de la soci\u00e9t\u00e9 de l\u2019information et du commerce \u00e9lectronique, le titulaire expose ses donn\u00e9es d\u2019identification. &nbsp;Titulaire : The Business Innovation Consulting Group. NIF:&nbsp;B82355843 Inscrite au registre du commerce de Madrid, tome 14.283, livre, section 8, feuillet [&hellip;]<\/p>\n","protected":false},"author":1,"featured_media":0,"parent":0,"menu_order":0,"comment_status":"closed","ping_status":"closed","template":"","meta":{"footnotes":""},"class_list":["post-9086","page","type-page","status-publish","hentry"],"_links":{"self":[{"href":"https:\/\/bicg.com\/fr\/wp-json\/wp\/v2\/pages\/9086","targetHints":{"allow":["GET"]}}],"collection":[{"href":"https:\/\/bicg.com\/fr\/wp-json\/wp\/v2\/pages"}],"about":[{"href":"https:\/\/bicg.com\/fr\/wp-json\/wp\/v2\/types\/page"}],"author":[{"embeddable":true,"href":"https:\/\/bicg.com\/fr\/wp-json\/wp\/v2\/users\/1"}],"replies":[{"embeddable":true,"href":"https:\/\/bicg.com\/fr\/wp-json\/wp\/v2\/comments?post=9086"}],"version-history":[{"count":7,"href":"https:\/\/bicg.com\/fr\/wp-json\/wp\/v2\/pages\/9086\/revisions"}],"predecessor-version":[{"id":9128,"href":"https:\/\/bicg.com\/fr\/wp-json\/wp\/v2\/pages\/9086\/revisions\/9128"}],"wp:attachment":[{"href":"https:\/\/bicg.com\/fr\/wp-json\/wp\/v2\/media?parent=9086"}],"curies":[{"name":"wp","href":"https:\/\/api.w.org\/{rel}","templated":true}]}}