{"id":4795,"date":"2024-01-23T17:44:10","date_gmt":"2024-01-23T16:44:10","guid":{"rendered":"https:\/\/bicg.com\/portail-de-denonciation\/"},"modified":"2024-05-31T20:10:41","modified_gmt":"2024-05-31T18:10:41","slug":"portail-de-denonciation","status":"publish","type":"page","link":"https:\/\/bicg.com\/fr\/portail-de-denonciation\/","title":{"rendered":"Portail de d\u00e9nonciation"},"content":{"rendered":"\t\t<div data-elementor-type=\"wp-page\" data-elementor-id=\"4795\" class=\"elementor elementor-4795 elementor-2277\" data-elementor-post-type=\"page\">\n\t\t\t\t<div class=\"elementor-element elementor-element-d916c8d e-flex e-con-boxed e-con e-parent\" data-id=\"d916c8d\" data-element_type=\"container\" data-e-type=\"container\">\n\t\t\t\t\t<div class=\"e-con-inner\">\n\t\t<div class=\"elementor-element elementor-element-6abc9ae e-flex e-con-boxed e-con e-child\" data-id=\"6abc9ae\" data-element_type=\"container\" data-e-type=\"container\">\n\t\t\t\t\t<div class=\"e-con-inner\">\n\t\t\t\t<div class=\"elementor-element elementor-element-8758ea7 elementor-widget elementor-widget-heading\" data-id=\"8758ea7\" data-element_type=\"widget\" data-e-type=\"widget\" data-widget_type=\"heading.default\">\n\t\t\t\t<div class=\"elementor-widget-container\">\n\t\t\t\t\t<h3 class=\"elementor-heading-title elementor-size-default\">Portail de d\u00e9nonciation<\/h3>\t\t\t\t<\/div>\n\t\t\t\t<\/div>\n\t\t\t\t<div class=\"elementor-element elementor-element-53ed64c elementor-widget elementor-widget-text-editor\" data-id=\"53ed64c\" data-element_type=\"widget\" data-e-type=\"widget\" data-widget_type=\"text-editor.default\">\n\t\t\t\t<div class=\"elementor-widget-container\">\n\t\t\t\t\t\t\t\t\t<section class=\"elementor-section elementor-top-section elementor-element elementor-element-df6ee16 elementor-section-boxed elementor-section-height-default elementor-section-height-default\" data-id=\"df6ee16\" data-element_type=\"section\">\n<div class=\"elementor-container elementor-column-gap-default\">\n<div class=\"elementor-column elementor-col-100 elementor-top-column elementor-element elementor-element-fc18e0e\" data-id=\"fc18e0e\" data-element_type=\"column\">\n<div class=\"elementor-widget-wrap elementor-element-populated\">\n<div class=\"elementor-element elementor-element-c067ca3 elementor-widget elementor-widget-text-editor\" data-id=\"c067ca3\" data-element_type=\"widget\" data-widget_type=\"text-editor.default\">\n<div class=\"elementor-widget-container\">\n<p>Le canal de d\u00e9nonciation de la bicg est destin\u00e9 \u00e0 permettre aux employ\u00e9s, aux partenaires et \u00e0 d&rsquo;autres personnes de signaler des plaintes de mani\u00e8re anonyme.<\/p>\n<p>Ces rapports sont enregistr\u00e9s et stock\u00e9s dans un service externe \u00e0 la bicg selon un processus facile \u00e0 comprendre et garantissant la meilleure protection possible des int\u00e9r\u00eats des personnes concern\u00e9es.<\/p>\n<\/div>\n<\/div>\n<\/div>\n<\/div>\n<\/div>\n<\/section>\n<section class=\"elementor-section elementor-top-section elementor-element elementor-element-304ece8 elementor-section-boxed elementor-section-height-default elementor-section-height-default\" data-id=\"304ece8\" data-element_type=\"section\">\n<div class=\"elementor-container elementor-column-gap-default\">\n<div class=\"elementor-column elementor-col-100 elementor-top-column elementor-element elementor-element-d991f0a\" data-id=\"d991f0a\" data-element_type=\"column\">\n<div class=\"elementor-widget-wrap elementor-element-populated\">\n<div class=\"elementor-element elementor-element-fe11350 content-align-left the7-hover-visibility-disabled transform-overlay-yes exceeding-frame-yes elementor-widget elementor-widget-the7-image-widget\" data-id=\"fe11350\" data-element_type=\"widget\" data-settings=\"{\"hover_visibility\":\"disabled\"}\" data-widget_type=\"the7-image-widget.default\">\n<div class=\"elementor-widget-container\">\n<div class=\"the7-image-container\">\n<div class=\"the7-image-wrapper the7-elementor-widget the7-transform-container\"> <\/div>\n<\/div>\n<\/div>\n<\/div>\n<\/div>\n<\/div>\n<\/div>\n<\/section>\n<section class=\"elementor-section elementor-top-section elementor-element elementor-element-cadd182 elementor-section-boxed elementor-section-height-default elementor-section-height-default\" data-id=\"cadd182\" data-element_type=\"section\">\n<div class=\"elementor-container elementor-column-gap-default\">\n<div class=\"elementor-column elementor-col-100 elementor-top-column elementor-element elementor-element-d0c6c1c\" data-id=\"d0c6c1c\" data-element_type=\"column\">\n<div class=\"elementor-widget-wrap elementor-element-populated\">\n<div class=\"elementor-element elementor-element-dc34bf8 elementor-widget elementor-widget-text-editor\" data-id=\"dc34bf8\" data-element_type=\"widget\" data-widget_type=\"text-editor.default\">\n<div class=\"elementor-widget-container\">\n<p>Vous pouvez acc\u00e9der au syst\u00e8me en cliquant sur le lien suivant :<\/p>\n<\/div>\n<\/div>\n<\/div>\n<\/div>\n<\/div>\n<\/section>\n\t\t\t\t\t\t\t\t<\/div>\n\t\t\t\t<\/div>\n\t\t\t\t<div class=\"elementor-element elementor-element-ea21999 elementor-align-center elementor-widget elementor-widget-button\" data-id=\"ea21999\" data-element_type=\"widget\" data-e-type=\"widget\" data-widget_type=\"button.default\">\n\t\t\t\t<div class=\"elementor-widget-container\">\n\t\t\t\t\t\t\t\t\t<div class=\"elementor-button-wrapper\">\n\t\t\t\t\t<a class=\"elementor-button elementor-button-link elementor-size-sm\" href=\"https:\/\/bicg.personiowhistleblowing.com\/\" target=\"_blank\" rel=\"nofollow\">\n\t\t\t\t\t\t<span class=\"elementor-button-content-wrapper\">\n\t\t\t\t\t\t\t\t\t<span class=\"elementor-button-text\">Acc\u00e8s<\/span>\n\t\t\t\t\t<\/span>\n\t\t\t\t\t<\/a>\n\t\t\t\t<\/div>\n\t\t\t\t\t\t\t\t<\/div>\n\t\t\t\t<\/div>\n\t\t\t\t\t<\/div>\n\t\t\t\t<\/div>\n\t\t<div class=\"elementor-element elementor-element-eb43d57 e-flex e-con-boxed e-con e-child\" data-id=\"eb43d57\" data-element_type=\"container\" data-e-type=\"container\">\n\t\t\t\t\t<div class=\"e-con-inner\">\n\t\t\t\t<div class=\"elementor-element elementor-element-fc2761c elementor-widget elementor-widget-image\" data-id=\"fc2761c\" data-element_type=\"widget\" data-e-type=\"widget\" data-widget_type=\"image.default\">\n\t\t\t\t<div class=\"elementor-widget-container\">\n\t\t\t\t\t\t\t\t\t\t\t\t\t\t\t<img fetchpriority=\"high\" decoding=\"async\" width=\"700\" height=\"700\" src=\"https:\/\/bicg.com\/wp-content\/uploads\/2024\/02\/Whistlebowing.png\" class=\"attachment-full size-full wp-image-4045\" alt=\"\" srcset=\"https:\/\/bicg.com\/wp-content\/uploads\/2024\/02\/Whistlebowing.png 700w, https:\/\/bicg.com\/wp-content\/uploads\/2024\/02\/Whistlebowing-300x300.png 300w, https:\/\/bicg.com\/wp-content\/uploads\/2024\/02\/Whistlebowing-150x150.png 150w\" sizes=\"(max-width: 700px) 100vw, 700px\" \/>\t\t\t\t\t\t\t\t\t\t\t\t\t\t\t<\/div>\n\t\t\t\t<\/div>\n\t\t\t\t\t<\/div>\n\t\t\t\t<\/div>\n\t\t\t\t\t<\/div>\n\t\t\t\t<\/div>\n\t\t\t\t<\/div>\n\t\t","protected":false},"excerpt":{"rendered":"<p>Portail de d\u00e9nonciation Le canal de d\u00e9nonciation de la bicg est destin\u00e9 \u00e0 permettre aux employ\u00e9s, aux partenaires et \u00e0 d&rsquo;autres personnes de signaler des plaintes de mani\u00e8re anonyme. Ces rapports sont enregistr\u00e9s et stock\u00e9s dans un service externe \u00e0 la bicg selon un processus facile \u00e0 comprendre et garantissant la meilleure protection possible des [&hellip;]<\/p>\n","protected":false},"author":1,"featured_media":0,"parent":0,"menu_order":0,"comment_status":"closed","ping_status":"closed","template":"","meta":{"footnotes":""},"class_list":["post-4795","page","type-page","status-publish","hentry"],"_links":{"self":[{"href":"https:\/\/bicg.com\/fr\/wp-json\/wp\/v2\/pages\/4795","targetHints":{"allow":["GET"]}}],"collection":[{"href":"https:\/\/bicg.com\/fr\/wp-json\/wp\/v2\/pages"}],"about":[{"href":"https:\/\/bicg.com\/fr\/wp-json\/wp\/v2\/types\/page"}],"author":[{"embeddable":true,"href":"https:\/\/bicg.com\/fr\/wp-json\/wp\/v2\/users\/1"}],"replies":[{"embeddable":true,"href":"https:\/\/bicg.com\/fr\/wp-json\/wp\/v2\/comments?post=4795"}],"version-history":[{"count":3,"href":"https:\/\/bicg.com\/fr\/wp-json\/wp\/v2\/pages\/4795\/revisions"}],"predecessor-version":[{"id":4798,"href":"https:\/\/bicg.com\/fr\/wp-json\/wp\/v2\/pages\/4795\/revisions\/4798"}],"wp:attachment":[{"href":"https:\/\/bicg.com\/fr\/wp-json\/wp\/v2\/media?parent=4795"}],"curies":[{"name":"wp","href":"https:\/\/api.w.org\/{rel}","templated":true}]}}