{"id":4657,"date":"2023-09-20T23:12:23","date_gmt":"2023-09-20T21:12:23","guid":{"rendered":"https:\/\/bicg.com\/portefeuille-numerique\/"},"modified":"2025-03-19T18:13:52","modified_gmt":"2025-03-19T17:13:52","slug":"portefeuille-numerique","status":"publish","type":"page","link":"https:\/\/bicg.com\/fr\/services\/portefeuille-numerique\/","title":{"rendered":"Portefeuille num\u00e9rique"},"content":{"rendered":"\t\t<div data-elementor-type=\"wp-page\" data-elementor-id=\"4657\" class=\"elementor elementor-4657 elementor-261\" data-elementor-post-type=\"page\">\n\t\t\t\t<div class=\"elementor-element elementor-element-0c83aa0 e-flex e-con-boxed e-con e-parent\" data-id=\"0c83aa0\" data-element_type=\"container\" data-e-type=\"container\">\n\t\t\t\t\t<div class=\"e-con-inner\">\n\t\t\t\t<div class=\"elementor-element elementor-element-1d318df elementor-widget elementor-widget-spacer\" data-id=\"1d318df\" data-element_type=\"widget\" data-e-type=\"widget\" data-widget_type=\"spacer.default\">\n\t\t\t\t<div class=\"elementor-widget-container\">\n\t\t\t\t\t\t\t<div class=\"elementor-spacer\">\n\t\t\t<div class=\"elementor-spacer-inner\"><\/div>\n\t\t<\/div>\n\t\t\t\t\t\t<\/div>\n\t\t\t\t<\/div>\n\t\t\t\t\t<\/div>\n\t\t\t\t<\/div>\n\t\t<div class=\"elementor-element elementor-element-e5be8d7 e-flex e-con-boxed e-con e-parent\" data-id=\"e5be8d7\" data-element_type=\"container\" data-e-type=\"container\">\n\t\t\t\t\t<div class=\"e-con-inner\">\n\t\t<div class=\"elementor-element elementor-element-fe5e0bb e-flex e-con-boxed e-con e-child\" data-id=\"fe5e0bb\" data-element_type=\"container\" data-e-type=\"container\">\n\t\t\t\t\t<div class=\"e-con-inner\">\n\t\t\t\t<div class=\"elementor-element elementor-element-59f8365 elementor-widget elementor-widget-heading\" data-id=\"59f8365\" data-element_type=\"widget\" data-e-type=\"widget\" data-widget_type=\"heading.default\">\n\t\t\t\t<div class=\"elementor-widget-container\">\n\t\t\t\t\t<h2 class=\"elementor-heading-title elementor-size-default\">PORTEFEUILLE NUMERIQU\u00c9<\/h2>\t\t\t\t<\/div>\n\t\t\t\t<\/div>\n\t\t\t\t<div class=\"elementor-element elementor-element-bef5616 elementor-widget-divider--view-line elementor-widget elementor-widget-divider\" data-id=\"bef5616\" data-element_type=\"widget\" data-e-type=\"widget\" data-widget_type=\"divider.default\">\n\t\t\t\t<div class=\"elementor-widget-container\">\n\t\t\t\t\t\t\t<div class=\"elementor-divider\">\n\t\t\t<span class=\"elementor-divider-separator\">\n\t\t\t\t\t\t<\/span>\n\t\t<\/div>\n\t\t\t\t\t\t<\/div>\n\t\t\t\t<\/div>\n\t\t\t\t<div class=\"elementor-element elementor-element-b989314 elementor-widget elementor-widget-heading\" data-id=\"b989314\" data-element_type=\"widget\" data-e-type=\"widget\" data-widget_type=\"heading.default\">\n\t\t\t\t<div class=\"elementor-widget-container\">\n\t\t\t\t\t<h2 class=\"elementor-heading-title elementor-size-default\">NOUS DOTONS VOTRE TRANSFORMATION D'OUTILS<\/h2>\t\t\t\t<\/div>\n\t\t\t\t<\/div>\n\t\t\t\t<div class=\"elementor-element elementor-element-3491fdb elementor-widget elementor-widget-text-editor\" data-id=\"3491fdb\" data-element_type=\"widget\" data-e-type=\"widget\" data-widget_type=\"text-editor.default\">\n\t\t\t\t<div class=\"elementor-widget-container\">\n\t\t\t\t\t\t\t\t\t<p>La technologie joue un r\u00f4le crucial dans la r\u00e9invention de l&rsquo;organisation du travail dans les entreprises d&rsquo;aujourd&rsquo;hui et bicg a d\u00e9velopp\u00e9 la suite d&rsquo;outils hyTeams pour r\u00e9pondre aux besoins \u00e9volutifs du mod\u00e8le de travail d&rsquo;aujourd&rsquo;hui.<\/p>\n<p>La vaste exp\u00e9rience de bicg en mati\u00e8re de transformation organisationnelle sous-tend le d\u00e9veloppement de hyTeams Suite, qui propose des technologies adapt\u00e9es \u00e0 la dynamique et aux besoins d\u00e9coulant de la mise en \u0153uvre de nouvelles m\u00e9thodes de travail et d&rsquo;organisation, telles que le travail hybride. Avec hyTeams Suite, les entreprises peuvent naviguer efficacement dans l&rsquo;avenir du travail, en tirant parti de solutions technologiques robustes et bien fond\u00e9es pour une gestion efficace et collaborative.<\/p>\n<p>hyTeams Suite se compose de trois outils pour l&rsquo;organisation des ressources humaines et l&rsquo;optimisation de la gestion immobili\u00e8re. L&rsquo;utilisation de ces outils peut \u00eatre individualis\u00e9e ou vous pouvez profiter pleinement de l&rsquo;utilisation combin\u00e9e des modules dans une puissante suite d&rsquo;outils.<\/p>\n\t\t\t\t\t\t\t\t<\/div>\n\t\t\t\t<\/div>\n\t\t\t\t\t<\/div>\n\t\t\t\t<\/div>\n\t\t<div class=\"elementor-element elementor-element-2fcba32 e-flex e-con-boxed e-con e-child\" data-id=\"2fcba32\" data-element_type=\"container\" data-e-type=\"container\">\n\t\t\t\t\t<div class=\"e-con-inner\">\n\t\t\t\t<div class=\"elementor-element elementor-element-602cf5f elementor-widget elementor-widget-image\" data-id=\"602cf5f\" data-element_type=\"widget\" data-e-type=\"widget\" data-widget_type=\"image.default\">\n\t\t\t\t<div class=\"elementor-widget-container\">\n\t\t\t\t\t\t\t\t\t\t\t\t\t\t\t<img fetchpriority=\"high\" decoding=\"async\" width=\"800\" height=\"1000\" src=\"https:\/\/bicg.com\/wp-content\/uploads\/2023\/10\/daniel-korpai-pKRNxEguRgM-unsplash-819x1024.jpg\" class=\"attachment-large size-large wp-image-3301\" alt=\"Soluciones digitales\" srcset=\"https:\/\/bicg.com\/wp-content\/uploads\/2023\/10\/daniel-korpai-pKRNxEguRgM-unsplash-819x1024.jpg 819w, https:\/\/bicg.com\/wp-content\/uploads\/2023\/10\/daniel-korpai-pKRNxEguRgM-unsplash-240x300.jpg 240w, https:\/\/bicg.com\/wp-content\/uploads\/2023\/10\/daniel-korpai-pKRNxEguRgM-unsplash-768x960.jpg 768w, https:\/\/bicg.com\/wp-content\/uploads\/2023\/10\/daniel-korpai-pKRNxEguRgM-unsplash-1229x1536.jpg 1229w, https:\/\/bicg.com\/wp-content\/uploads\/2023\/10\/daniel-korpai-pKRNxEguRgM-unsplash.jpg 1600w\" sizes=\"(max-width: 800px) 100vw, 800px\" \/>\t\t\t\t\t\t\t\t\t\t\t\t\t\t\t<\/div>\n\t\t\t\t<\/div>\n\t\t\t\t\t<\/div>\n\t\t\t\t<\/div>\n\t\t\t\t\t<\/div>\n\t\t\t\t<\/div>\n\t\t<div class=\"elementor-element elementor-element-771812e e-flex e-con-boxed e-con e-parent\" data-id=\"771812e\" data-element_type=\"container\" data-e-type=\"container\">\n\t\t\t\t\t<div class=\"e-con-inner\">\n\t\t\t\t<div class=\"elementor-element elementor-element-ee4edc5 elementor-widget elementor-widget-spacer\" data-id=\"ee4edc5\" data-element_type=\"widget\" data-e-type=\"widget\" data-widget_type=\"spacer.default\">\n\t\t\t\t<div class=\"elementor-widget-container\">\n\t\t\t\t\t\t\t<div class=\"elementor-spacer\">\n\t\t\t<div class=\"elementor-spacer-inner\"><\/div>\n\t\t<\/div>\n\t\t\t\t\t\t<\/div>\n\t\t\t\t<\/div>\n\t\t\t\t\t<\/div>\n\t\t\t\t<\/div>\n\t\t<div class=\"elementor-element elementor-element-bac4fcd e-flex e-con-boxed e-con e-parent\" data-id=\"bac4fcd\" data-element_type=\"container\" data-e-type=\"container\">\n\t\t\t\t\t<div class=\"e-con-inner\">\n\t\t\t\t<div class=\"elementor-element elementor-element-e3d53c3 elementor-widget elementor-widget-tp-animated-service-boxes\" data-id=\"e3d53c3\" data-element_type=\"widget\" data-e-type=\"widget\" data-widget_type=\"tp-animated-service-boxes.default\">\n\t\t\t\t<div class=\"elementor-widget-container\">\n\t\t\t\t\t<div id=\"ani_ser_box69ea2e396c545\" class=\"pt_plus_asb_wrapper image-accordion accordion-style-2 accordion-vertical  \" data-accordion-hover=\"yes\" ><div class=\"asb_wrap_list tp-row\"><div class=\"service-item-loop       \" style=\"flex-grow: 1;\"   data-flexgrow=\"10\"   ><img decoding=\"async\" class=\"theplus-image-accordion__image-instance loaded\" src=\"https:\/\/bicg.com\/wp-content\/uploads\/2024\/02\/Thumb-Serv-Digital-1.jpg\" alt=\"\">\n<div class=\"asb-content\" >\n\t<a class=\"asb-title-link\" href=\"http:\/\/www.hyteams.app\"><h6 class=\"asb-title \">HYTEAMS<\/h6><\/a><div class=\"asb-desc\"> <p><strong>La synchronisation de vos \u00e9quipements est la cl\u00e9 de la productivit\u00e9 dans les mod\u00e8les hybrides.<\/strong><\/p>\n<p>Une application con\u00e7ue pour la synchronisation d'\u00e9quipes hybrides entre professionnels, le suivi des performances, l'analyse statistique de l'exercice du travail hybride dans l'organisation et la cr\u00e9ation d'ONA (Organisation Network Analysis), entre autres possibilit\u00e9s.<\/p>\n<\/p>\n<p><a href=\"http:\/\/www.hyteams.app\"><strong>En savoir plus sur hyTeams &gt;<\/strong><\/a><\/p>\n <\/div><\/div>\n\t\n<\/div><div class=\"service-item-loop       \" style=\"flex-grow: 1;\"   data-flexgrow=\"10\"   ><img decoding=\"async\" class=\"theplus-image-accordion__image-instance loaded\" src=\"https:\/\/bicg.com\/wp-content\/uploads\/2024\/05\/Thumb-Serv-Digital-2-FR.jpg\" alt=\"\">\n<div class=\"asb-content\" >\n\t<h6 class=\"asb-title\">OUTIL DE BLOCAGE<\/h6><div class=\"asb-desc\"> <p><strong>L'utilisation efficace de votre espace pour offrir une exp\u00e9rience diff\u00e9rente \u00e0 vos \u00f1equipes.<\/strong><\/p><p>En utilisant les donn\u00e9es fournies par hyTeams, cet outil optimise la distribution des zones de travail et des \u00e9quipes dans un site d'entreprise. Il facilite la r\u00e9duction des co\u00fbts de l'espace, am\u00e9liore l'interaction entre les zones et les \u00e9quipes, pr\u00e9dit l'occupation des b\u00e2timents et permet une r\u00e9partition harmonieuse des zones de travail et des \u00e9quipes, tout en cr\u00e9ant un mod\u00e8le de gestion de l'espace liquide.<\/p><p><strong><a href=\"https:\/\/bicg.com\/fr\/contactez-nous\/\">Contactez-nous pour une d\u00e9monstration&gt;<\/a><\/strong><\/p> <\/div><\/div>\n\t\n<\/div><div class=\"service-item-loop       \" style=\"flex-grow: 1;\"   data-flexgrow=\"10\"   ><img decoding=\"async\" class=\"theplus-image-accordion__image-instance loaded\" src=\"https:\/\/bicg.com\/wp-content\/uploads\/2024\/05\/Thumb-Serv-Digital-3-FR.jpg\" alt=\"\">\n<div class=\"asb-content\" >\n\t<h6 class=\"asb-title\">OUTIL DE PORTEFEUILLE<\/h6><div class=\"asb-desc\"> <p><strong>D\u00e9couvrez les possibilit\u00e9s et maximisez la rentabilit\u00e9 de votre portefeuille immobilier.<\/strong><\/p><p>Un outil de gestion efficace des biens immobiliers, qu'il s'agisse de si\u00e8ges sociaux ou de campus, dans n'importe quelle zone et taille g\u00e9ographique, dans le but d'am\u00e9liorer la connexion entre les zones et les \u00e9quipes qui les occupent et d'optimiser le portefeuille pour exploiter les espaces inutilis\u00e9s, g\u00e9n\u00e9rant ainsi de plus grandes opportunit\u00e9s de croissance sans avoir besoin d'acqu\u00e9rir ou de louer de nouveaux biens immobiliers.<\/p><p><a href=\"https:\/\/bicg.com\/fr\/contactez-nous\/\"><strong>Contactez-nous pour une d\u00e9monstration&gt;<\/strong><\/a><\/p> <\/div><\/div>\n\t\n<\/div><\/div><\/div>\t\t\t\t<\/div>\n\t\t\t\t<\/div>\n\t\t\t\t<div class=\"elementor-element elementor-element-b7d0798 elementor-widget elementor-widget-spacer\" data-id=\"b7d0798\" data-element_type=\"widget\" data-e-type=\"widget\" data-widget_type=\"spacer.default\">\n\t\t\t\t<div class=\"elementor-widget-container\">\n\t\t\t\t\t\t\t<div class=\"elementor-spacer\">\n\t\t\t<div class=\"elementor-spacer-inner\"><\/div>\n\t\t<\/div>\n\t\t\t\t\t\t<\/div>\n\t\t\t\t<\/div>\n\t\t\t\t\t<\/div>\n\t\t\t\t<\/div>\n\t\t<div class=\"elementor-element elementor-element-cbce0d1 elementor-hidden-mobile e-flex e-con-boxed e-con e-child\" data-id=\"cbce0d1\" data-element_type=\"container\" data-e-type=\"container\">\n\t\t\t\t\t<div class=\"e-con-inner\">\n\t\t<div class=\"elementor-element elementor-element-c0b858b e-con-full e-flex e-con e-child\" data-id=\"c0b858b\" data-element_type=\"container\" data-e-type=\"container\">\n\t\t\t\t<div class=\"elementor-element elementor-element-6877246 elementor-widget elementor-widget-heading\" data-id=\"6877246\" data-element_type=\"widget\" data-e-type=\"widget\" data-widget_type=\"heading.default\">\n\t\t\t\t<div class=\"elementor-widget-container\">\n\t\t\t\t\t<h2 class=\"elementor-heading-title elementor-size-default\">D\u00e9couvrez ce que nous pouvons faire pour vous...<\/h2>\t\t\t\t<\/div>\n\t\t\t\t<\/div>\n\t\t\t\t<\/div>\n\t\t<div class=\"elementor-element elementor-element-4de009f e-flex e-con-boxed e-con e-child\" data-id=\"4de009f\" data-element_type=\"container\" data-e-type=\"container\" data-settings=\"{&quot;background_background&quot;:&quot;classic&quot;}\">\n\t\t\t\t\t<div class=\"e-con-inner\">\n\t\t\t\t<div class=\"elementor-element elementor-element-99e26d6 elementor-widget elementor-widget-video\" data-id=\"99e26d6\" data-element_type=\"widget\" data-e-type=\"widget\" data-settings=\"{&quot;video_type&quot;:&quot;vimeo&quot;}\" data-widget_type=\"video.default\">\n\t\t\t\t<div class=\"elementor-widget-container\">\n\t\t\t\t\t\t\t<div class=\"elementor-wrapper elementor-open-inline\">\n\t\t\t <div class=\"brlbs-cmpnt-container brlbs-cmpnt-content-blocker brlbs-cmpnt-with-individual-styles\" data-borlabs-cookie-content-blocker-id=\"vimeo-content-blocker\" data-borlabs-cookie-content=\"PGlmcmFtZSBjbGFzcz0iZWxlbWVudG9yLXZpZGVvLWlmcmFtZSIgYWxsb3dmdWxsc2NyZWVuIGFsbG93PSJjbGlwYm9hcmQtd3JpdGUiIHRpdGxlPSJMZWN0ZXVyIHZpZMOpbyB2aW1lbyIgc3JjPSJodHRwczovL3BsYXllci52aW1lby5jb20vdmlkZW8vNzE5ODAzODM3P2NvbG9yJmFtcDthdXRvcGF1c2U9MCZhbXA7bG9vcD0wJmFtcDttdXRlZD0wJmFtcDt0aXRsZT0wJmFtcDtwb3J0cmFpdD0wJmFtcDtieWxpbmU9MCN0PSI+PC9pZnJhbWU+\"><div class=\"brlbs-cmpnt-cb-preset-c brlbs-cmpnt-cb-vimeo\"> <div class=\"brlbs-cmpnt-cb-thumbnail\" style=\"background-image: url('https:\/\/bicg.com\/wp-content\/uploads\/borlabs-cookie\/1\/vimeo_719803837.jpg')\"><\/div> <div class=\"brlbs-cmpnt-cb-main\"> <div class=\"brlbs-cmpnt-cb-play-button\"><\/div> <div class=\"brlbs-cmpnt-cb-content\"> <p class=\"brlbs-cmpnt-cb-description\">Vous \u00eates actuellement en train de consulter le contenu d'un espace r\u00e9serv\u00e9 de <strong>Vimeo<\/strong>. Pour acc\u00e9der au contenu r\u00e9el, cliquez sur le bouton ci-dessous. Veuillez noter que ce faisant, des donn\u00e9es seront partag\u00e9es avec des providers tiers.<\/p> <a class=\"brlbs-cmpnt-cb-provider-toggle\" href=\"#\" data-borlabs-cookie-show-provider-information role=\"button\">Plus d'informations<\/a> <\/div> <div class=\"brlbs-cmpnt-cb-buttons\"> <a class=\"brlbs-cmpnt-cb-btn\" href=\"#\" data-borlabs-cookie-unblock role=\"button\">D\u00e9bloquer le contenu<\/a> <a class=\"brlbs-cmpnt-cb-btn\" href=\"#\" data-borlabs-cookie-accept-service role=\"button\" style=\"display: inherit\">Accepter le service requis et d\u00e9bloquer les contenus<\/a> <\/div> <\/div> <\/div><\/div>\t\t<\/div>\n\t\t\t\t\t\t<\/div>\n\t\t\t\t<\/div>\n\t\t\t\t\t<\/div>\n\t\t\t\t<\/div>\n\t\t\t\t\t<\/div>\n\t\t\t\t<\/div>\n\t\t<div class=\"elementor-element elementor-element-4a45c3f e-flex e-con-boxed e-con e-parent\" data-id=\"4a45c3f\" data-element_type=\"container\" data-e-type=\"container\">\n\t\t\t\t\t<div class=\"e-con-inner\">\n\t\t<div class=\"elementor-element elementor-element-8e8bf0a e-flex e-con-boxed e-con e-child\" data-id=\"8e8bf0a\" data-element_type=\"container\" data-e-type=\"container\">\n\t\t\t\t\t<div class=\"e-con-inner\">\n\t\t\t\t<div class=\"elementor-element elementor-element-e8ce2a7 elementor-widget elementor-widget-spacer\" data-id=\"e8ce2a7\" data-element_type=\"widget\" data-e-type=\"widget\" data-widget_type=\"spacer.default\">\n\t\t\t\t<div class=\"elementor-widget-container\">\n\t\t\t\t\t\t\t<div class=\"elementor-spacer\">\n\t\t\t<div class=\"elementor-spacer-inner\"><\/div>\n\t\t<\/div>\n\t\t\t\t\t\t<\/div>\n\t\t\t\t<\/div>\n\t\t\t\t<div class=\"elementor-element elementor-element-ca96d8b elementor-widget elementor-widget-heading\" data-id=\"ca96d8b\" data-element_type=\"widget\" data-e-type=\"widget\" data-widget_type=\"heading.default\">\n\t\t\t\t<div class=\"elementor-widget-container\">\n\t\t\t\t\t<h2 class=\"elementor-heading-title elementor-size-default\">Acc\u00e9dez \u00e0 notre \u00e9tude de cas<\/h2>\t\t\t\t<\/div>\n\t\t\t\t<\/div>\n\t\t\t\t<div class=\"elementor-element elementor-element-3bf227d elementor-align-center elementor-widget__width-initial elementor-widget elementor-widget-button\" data-id=\"3bf227d\" data-element_type=\"widget\" data-e-type=\"widget\" data-widget_type=\"button.default\">\n\t\t\t\t<div class=\"elementor-widget-container\">\n\t\t\t\t\t\t\t\t\t<div class=\"elementor-button-wrapper\">\n\t\t\t\t\t<a class=\"elementor-button elementor-button-link elementor-size-sm\" href=\"#elementor-action%3Aaction%3Dpopup%3Aopen%26settings%3DeyJpZCI6OTIzMSwidG9nZ2xlIjpmYWxzZX0%3D\">\n\t\t\t\t\t\t<span class=\"elementor-button-content-wrapper\">\n\t\t\t\t\t\t\t\t\t<span class=\"elementor-button-text\">T\u00e9l\u00e9chargement gratuit<\/span>\n\t\t\t\t\t<\/span>\n\t\t\t\t\t<\/a>\n\t\t\t\t<\/div>\n\t\t\t\t\t\t\t\t<\/div>\n\t\t\t\t<\/div>\n\t\t\t\t\t<\/div>\n\t\t\t\t<\/div>\n\t\t\t\t<div class=\"elementor-element elementor-element-2436d93 elementor-widget elementor-widget-spacer\" data-id=\"2436d93\" data-element_type=\"widget\" data-e-type=\"widget\" data-widget_type=\"spacer.default\">\n\t\t\t\t<div class=\"elementor-widget-container\">\n\t\t\t\t\t\t\t<div class=\"elementor-spacer\">\n\t\t\t<div class=\"elementor-spacer-inner\"><\/div>\n\t\t<\/div>\n\t\t\t\t\t\t<\/div>\n\t\t\t\t<\/div>\n\t\t<div class=\"elementor-element elementor-element-9a72038 e-flex e-con-boxed e-con e-child\" data-id=\"9a72038\" data-element_type=\"container\" data-e-type=\"container\">\n\t\t\t\t\t<div class=\"e-con-inner\">\n\t\t\t\t<div class=\"elementor-element elementor-element-6a5b808 elementor-align-center elementor-widget__width-initial elementor-widget elementor-widget-button\" data-id=\"6a5b808\" data-element_type=\"widget\" data-e-type=\"widget\" data-widget_type=\"button.default\">\n\t\t\t\t<div class=\"elementor-widget-container\">\n\t\t\t\t\t\t\t\t\t<div class=\"elementor-button-wrapper\">\n\t\t\t\t\t<a class=\"elementor-button elementor-button-link elementor-size-sm\" href=\"#elementor-action%3Aaction%3Dpopup%3Aopen%26settings%3DeyJpZCI6NDg0NSwidG9nZ2xlIjpmYWxzZX0%3D\">\n\t\t\t\t\t\t<span class=\"elementor-button-content-wrapper\">\n\t\t\t\t\t\t\t\t\t<span class=\"elementor-button-text\">Avez-vous besoin de notre aide ?<\/span>\n\t\t\t\t\t<\/span>\n\t\t\t\t\t<\/a>\n\t\t\t\t<\/div>\n\t\t\t\t\t\t\t\t<\/div>\n\t\t\t\t<\/div>\n\t\t\t\t<div class=\"elementor-element elementor-element-08739b6 elementor-widget elementor-widget-spacer\" data-id=\"08739b6\" data-element_type=\"widget\" data-e-type=\"widget\" data-widget_type=\"spacer.default\">\n\t\t\t\t<div class=\"elementor-widget-container\">\n\t\t\t\t\t\t\t<div class=\"elementor-spacer\">\n\t\t\t<div class=\"elementor-spacer-inner\"><\/div>\n\t\t<\/div>\n\t\t\t\t\t\t<\/div>\n\t\t\t\t<\/div>\n\t\t\t\t<div class=\"elementor-element elementor-element-d92d0af elementor-align-center elementor-widget__width-initial elementor-widget elementor-widget-button\" data-id=\"d92d0af\" data-element_type=\"widget\" data-e-type=\"widget\" data-widget_type=\"button.default\">\n\t\t\t\t<div class=\"elementor-widget-container\">\n\t\t\t\t\t\t\t\t\t<div class=\"elementor-button-wrapper\">\n\t\t\t\t\t<a class=\"elementor-button elementor-button-link elementor-size-sm\" href=\"https:\/\/bicg.com\/fr\/histoires-de-reussite\/\">\n\t\t\t\t\t\t<span class=\"elementor-button-content-wrapper\">\n\t\t\t\t\t\t\t\t\t<span class=\"elementor-button-text\">D\u00e9couvrez nos r\u00e9ussites<\/span>\n\t\t\t\t\t<\/span>\n\t\t\t\t\t<\/a>\n\t\t\t\t<\/div>\n\t\t\t\t\t\t\t\t<\/div>\n\t\t\t\t<\/div>\n\t\t\t\t\t<\/div>\n\t\t\t\t<\/div>\n\t\t\t\t<div class=\"elementor-element elementor-element-dd588dc elementor-widget elementor-widget-spacer\" data-id=\"dd588dc\" data-element_type=\"widget\" data-e-type=\"widget\" data-widget_type=\"spacer.default\">\n\t\t\t\t<div class=\"elementor-widget-container\">\n\t\t\t\t\t\t\t<div class=\"elementor-spacer\">\n\t\t\t<div class=\"elementor-spacer-inner\"><\/div>\n\t\t<\/div>\n\t\t\t\t\t\t<\/div>\n\t\t\t\t<\/div>\n\t\t\t\t\t<\/div>\n\t\t\t\t<\/div>\n\t\t<div class=\"elementor-element elementor-element-325db21 e-flex e-con-boxed e-con e-parent\" data-id=\"325db21\" data-element_type=\"container\" data-e-type=\"container\">\n\t\t\t\t\t<div class=\"e-con-inner\">\n\t\t\t\t\t<\/div>\n\t\t\t\t<\/div>\n\t\t\t\t<\/div>\n\t\t","protected":false},"excerpt":{"rendered":"<p>PORTEFEUILLE NUMERIQU\u00c9 NOUS DOTONS VOTRE TRANSFORMATION D&rsquo;OUTILS La technologie joue un r\u00f4le crucial dans la r\u00e9invention de l&rsquo;organisation du travail dans les entreprises d&rsquo;aujourd&rsquo;hui et bicg a d\u00e9velopp\u00e9 la suite d&rsquo;outils hyTeams pour r\u00e9pondre aux besoins \u00e9volutifs du mod\u00e8le de travail d&rsquo;aujourd&rsquo;hui. La vaste exp\u00e9rience de bicg en mati\u00e8re de transformation organisationnelle sous-tend le d\u00e9veloppement [&hellip;]<\/p>\n","protected":false},"author":1,"featured_media":0,"parent":6111,"menu_order":0,"comment_status":"closed","ping_status":"closed","template":"","meta":{"footnotes":""},"class_list":["post-4657","page","type-page","status-publish","hentry"],"_links":{"self":[{"href":"https:\/\/bicg.com\/fr\/wp-json\/wp\/v2\/pages\/4657","targetHints":{"allow":["GET"]}}],"collection":[{"href":"https:\/\/bicg.com\/fr\/wp-json\/wp\/v2\/pages"}],"about":[{"href":"https:\/\/bicg.com\/fr\/wp-json\/wp\/v2\/types\/page"}],"author":[{"embeddable":true,"href":"https:\/\/bicg.com\/fr\/wp-json\/wp\/v2\/users\/1"}],"replies":[{"embeddable":true,"href":"https:\/\/bicg.com\/fr\/wp-json\/wp\/v2\/comments?post=4657"}],"version-history":[{"count":21,"href":"https:\/\/bicg.com\/fr\/wp-json\/wp\/v2\/pages\/4657\/revisions"}],"predecessor-version":[{"id":9140,"href":"https:\/\/bicg.com\/fr\/wp-json\/wp\/v2\/pages\/4657\/revisions\/9140"}],"up":[{"embeddable":true,"href":"https:\/\/bicg.com\/fr\/wp-json\/wp\/v2\/pages\/6111"}],"wp:attachment":[{"href":"https:\/\/bicg.com\/fr\/wp-json\/wp\/v2\/media?parent=4657"}],"curies":[{"name":"wp","href":"https:\/\/api.w.org\/{rel}","templated":true}]}}