{"id":7916,"date":"2023-08-23T16:37:42","date_gmt":"2023-08-23T14:37:42","guid":{"rendered":"https:\/\/bicg.com\/datenschutzerklaerung\/"},"modified":"2025-03-17T15:58:09","modified_gmt":"2025-03-17T14:58:09","slug":"datenschutzerklaerung","status":"publish","type":"page","link":"https:\/\/bicg.com\/de\/datenschutzerklaerung\/","title":{"rendered":"Datenschutzerkl\u00e4rung"},"content":{"rendered":"\t\t<div data-elementor-type=\"wp-page\" data-elementor-id=\"7916\" class=\"elementor elementor-7916 elementor-3\" data-elementor-post-type=\"page\">\n\t\t\t\t\t\t<section class=\"elementor-section elementor-top-section elementor-element elementor-element-9b5cfed elementor-section-boxed elementor-section-height-default elementor-section-height-default\" data-id=\"9b5cfed\" data-element_type=\"section\" data-e-type=\"section\">\n\t\t\t\t\t\t<div class=\"elementor-container elementor-column-gap-default\">\n\t\t\t\t\t<div class=\"elementor-column elementor-col-100 elementor-top-column elementor-element elementor-element-1186b67\" data-id=\"1186b67\" data-element_type=\"column\" data-e-type=\"column\">\n\t\t\t<div class=\"elementor-widget-wrap elementor-element-populated\">\n\t\t\t\t\t\t<div class=\"elementor-element elementor-element-e7dd6cc elementor-widget elementor-widget-heading\" data-id=\"e7dd6cc\" data-element_type=\"widget\" data-e-type=\"widget\" data-widget_type=\"heading.default\">\n\t\t\t\t<div class=\"elementor-widget-container\">\n\t\t\t\t\t<h3 class=\"elementor-heading-title elementor-size-default\">Datenschutzerkl\u00e4rung<\/h3>\t\t\t\t<\/div>\n\t\t\t\t<\/div>\n\t\t\t\t<div class=\"elementor-element elementor-element-9a96292 elementor-widget elementor-widget-text-editor\" data-id=\"9a96292\" data-element_type=\"widget\" data-e-type=\"widget\" data-widget_type=\"text-editor.default\">\n\t\t\t\t<div class=\"elementor-widget-container\">\n\t\t\t\t\t\t\t\t\t<p class=\"p1\">The Business Innovation Consulting Group informiert Sie in dieser Datenschutzerkl\u00e4rung \u00fcber die Verarbeitung und den Schutz der personenbezogenen Nutzerdaten, die beim Surfen auf der Website &nbsp;<a href=\"https:\/\/bicg.com\/de\/\" target=\"_blank\">https:\/\/www.bicg.com<\/a> erhoben werden k\u00f6nnen.<\/p>\n<p class=\"p1\">In diesem Sinne garantiert The Business Innovation Consulting Group die Einhaltung der geltenden Vorschriften zum Schutz personenbezogener Daten, die im spanischen Organgesetz 3\/2018 vom 5. Dezember 2018 \u00fcber den Schutz personenbezogener Daten und die Gew\u00e4hrleistung der digitalen Rechte (LOPD-GDD) niedergelegt sind. Ebenso erf\u00fcllt sie die Vorgaben der Verordnung (EU) 2016\/679 des Europ\u00e4ischen Parlaments und des Rates vom 27. April 2016 zum Schutz nat\u00fcrlicher Personen bei der Verarbeitung personenbezogener Daten (DSGVO). <\/p>\n<p class=\"p1\">Die Nutzung der Website setzt die Zustimmung zu dieser&nbsp;<a href=\"https:\/\/bicg.com\/legal-notice\/\" target=\"_blank\">Datenschutzerkl\u00e4rung<\/a> sowie zu den im Rechtshinweis enthaltenen Bedingungen voraus.<\/p>\n<h3><b>&nbsp;<\/b><\/h3>\n<h3><b>Identit\u00e4t der verantwortlichen Stelle<\/b><\/h3>\n<ul class=\"ul1\">\n<li class=\"li1\"><b>Website-Betreiber:<\/b>&nbsp;The Business Innovation Consulting Group.<\/li>\n<li class=\"li1\"><b>Steueridentifikationsnummer (NIF):<\/b>&nbsp;B82355843<\/li>\n<li class=\"li1\"><b>Anschrift:<\/b> c\/ Padre Dami\u00e1n, 48. 28036. Madrid &#8211; Spanien  <\/li>\n<li class=\"li1\"><b>E-Mail-Adresse:<\/b>&nbsp;info@bicg.com<\/li>\n<li class=\"li4\"><span class=\"s4\"><b>Website:<\/b>&nbsp;<\/span><a href=\"https:\/\/bicg.com\/de\/\">https:\/\/www.bicg.com<\/a><\/li>\n<\/ul>\n<p class=\"p2\"><b>&nbsp;<\/b><\/p>\n<h3><b>Grunds\u00e4tze unserer Datenverarbeitung<\/b><\/h3>\n<p class=\"p1\">Bei der Verarbeitung Ihrer personenbezogenen Daten wendet der f\u00fcr die Verarbeitung Verantwortliche die nachstehenden Grunds\u00e4tze an, die im Einklang mit den Anforderungen der aktuellen europ\u00e4ischen Datenschutz-Grundverordnung (DSGVO) stehen:<\/p>\n<ul class=\"ul1\">\n<li class=\"li1\"><b>Grundsatz der Rechtm\u00e4\u00dfigkeit, Verarbeitung nach Treu und Glauben, Transparenz:<\/b>&nbsp;Der f\u00fcr die Verarbeitung Verantwortliche holt stets die Einwilligung zur Verarbeitung personenbezogener Daten ein, wobei diese einem oder mehreren bestimmten Zwecken dienen kann, \u00fcber die der f\u00fcr die Verarbeitung Verantwortliche den Nutzer im Voraus in aller Transparenz informiert.<\/li>\n<li class=\"li1\"><b>Grundsatz der Datenminimierung:<\/b>&nbsp;Der f\u00fcr die Verarbeitung Verantwortliche erhebt nur die Daten, die f\u00fcr den Zweck bzw. die Zwecke, f\u00fcr die die Daten angefordert werden, unbedingt erforderlich sind.<\/li>\n<li class=\"li1\"><b>Grundsatz der Speicherbegrenzung:<\/b>&nbsp;Der f\u00fcr die Verarbeitung Verantwortliche speichert die erhobenen personenbezogenen Daten nur so lange, wie es f\u00fcr den Zweck bzw. die Zwecke der Verarbeitung unbedingt notwendig ist. Der f\u00fcr die Verarbeitung Verantwortliche informiert den Nutzer \u00fcber &nbsp;<a href=\"https:\/\/bicg.com\/privacy-policy\/\" target=\"_blank\">die entsprechende Speicherdauer je nach Zweck.<\/a><br>Im Falle von Abonnements \u00fcberpr\u00fcft der f\u00fcr die Verarbeitung Verantwortliche regelm\u00e4\u00dfig die Listen und l\u00f6scht diejenigen Eintragungen, die \u00fcber einen l\u00e4ngeren Zeitraum inaktiv waren.<\/li>\n<li class=\"li1\"><b>Grundsatz der Integrit\u00e4t und Vertraulichkeit:<\/b>&nbsp;Die erhobenen personenbezogenen Daten werden in einer Weise verarbeitet, die ihre Sicherheit, Vertraulichkeit und Integrit\u00e4t gew\u00e4hrleistet.<br>Der f\u00fcr die Verarbeitung Verantwortliche trifft die erforderlichen Vorkehrungen, um den unbefugten Zugriff oder den Missbrauch der Daten seiner Nutzer durch Dritte zu verhindern.<\/li>\n<\/ul>\n<p class=\"p2\"><b>&nbsp;<\/b><\/p>\n<h3><b>Erhebung personenbezogener Daten<\/b><\/h3>\n<p class=\"p1\">Um auf der Website &nbsp;<a href=\"https:\/\/bicg.com\/de\/\" target=\"_blank\" rel=\"noopener\">https:\/\/www.bicg.com<\/a>&nbsp;m\u00fcssen Sie keine pers\u00f6nlichen Daten angeben.<\/p>\n<p class=\"p2\"><b>Rechte<\/b><\/p>\n<p class=\"p1\">Der Website-Betreiber informiert Sie hiermit, dass Sie das Recht haben,<\/p>\n<ul class=\"ul1\">\n<li class=\"li1\">Auskunft \u00fcber die zu Ihrer Person gespeicherten Daten zu verlangen<\/li>\n<li class=\"li1\">die Berichtigung oder L\u00f6schung Ihrer Daten zu verlangen<\/li>\n<li class=\"li1\">die Einschr\u00e4nkung der Verarbeitung Ihrer Daten zu verlangen<\/li>\n<li class=\"li1\">der Verarbeitung Ihrer Daten zu widersprechen<\/li>\n<\/ul>\n<p class=\"p1\">Das Recht auf Daten\u00fcbertragbarkeit k\u00f6nnen Sie nicht aus\u00fcben.<\/p>\n<p class=\"p1\">Die vorgenannten Rechte sind h\u00f6chstpers\u00f6nlicher Natur und k\u00f6nnen daher nur von der betroffenen Person selbst ausge\u00fcbt werden, indem sie sich direkt an den Betreiber der Website wendet. Dies bedeutet, dass jeder Kunde, Abonnent oder Mitarbeiter, der zu irgendeinem Zeitpunkt seine personenbezogenen Daten bereitgestellt hat, das Recht hat, sich an The Business Innovation Consulting Group zu wenden, um Auskunft \u00fcber die zu seiner Person gespeicherten Daten und deren Erhebung zu erhalten, die Berichtigung seiner Daten, die Einschr\u00e4nkung ihrer Verarbeitung oder die L\u00f6schung seiner Daten aus den Dateien des Verantwortlichen zu verlangen sowie der weiteren Verarbeitung zu widersprechen.<\/p>\n<p class=\"p1\">Um Ihre Rechte auf Auskunft, Berichtigung, L\u00f6schung und Widerspruch auszu\u00fcben, senden Sie bitte unter Beif\u00fcgung einer Kopie Ihres Personalausweises oder eines gleichwertigen rechtsg\u00fcltigen Ausweisdokuments eine E-Mail an info@bicg.com.<\/p>\n<p class=\"p1\">Sie haben ferner Anspruch auf effektiven Rechtsschutz sowie das Recht, eine Beschwerde bei der zust\u00e4ndigen Aufsichtsbeh\u00f6rde \u2013 in diesem Fall der spanischen Datenschutzbeh\u00f6rde (AEPD) \u2013 einzureichen, wenn Sie der Ansicht sind, dass die Verarbeitung der Sie betreffenden personenbezogenen Daten gegen das Datenschutzrecht verst\u00f6\u00dft.<\/p>\n<p class=\"p2\"><b>&nbsp;<\/b><\/p>\n<h3><b>Zweck der Verarbeitung von personenbezogenen Daten<\/b><\/h3>\n<p class=\"p1\">Wenn Sie auf die Website zugreifen, um eine E-Mail an den Betreiber zu senden oder den Newsletter zu abonnieren, geben Sie pers\u00f6nliche Daten an, f\u00fcr die The Business Innovation Consulting Group verantwortlich ist. Diese Informationen k\u00f6nnen personenbezogene Daten wie Ihre IP-Adresse, Ihren Vor- und Nachnamen, Ihre Anschrift, Ihre E-Mail-Adresse, Ihre Telefonnummer und andere Daten enthalten. Durch die Bereitstellung dieser Informationen erkl\u00e4ren Sie sich damit einverstanden, dass Ihre Daten von \u2014 The Business Innovation Consulting Group \u2014 nur in der im  &nbsp;<a href=\"https:\/\/bicg.com\/legal-notice\/\" target=\"_blank\">Rechtshinweis<\/a>&nbsp; und dieser&nbsp;<a href=\"https:\/\/bicg.com\/privacy-policy\/\" target=\"_blank\">Datenschutzerkl\u00e4rung<\/a> beschriebenen Art und Weise erfasst, verwendet, verwaltet und gespeichert werden.<\/p>\n<p class=\"p1\">Die personenbezogenen Daten und der Zweck der Verarbeitung durch den Verantwortlichen unterscheiden sich je nach dem verwendeten Informationserfassungssystem.<br><br><span style=\"color: var( --e-global-color-text ); word-spacing: normal;\">&nbsp;<\/span><\/p>\n<p class=\"p1\">Es gibt weitere Zwecke, f\u00fcr die der f\u00fcr die Verarbeitung Verantwortliche personenbezogene Daten verarbeitet:<\/p>\n<ul class=\"ul1\">\n<li class=\"li1\">Sicherstellung der Einhaltung der im&nbsp;<a href=\"https:\/\/bicg.com\/legal-notice\/\" target=\"_blank\">Rechtshinweis<\/a>&nbsp; und in den gesetzlichen Vorschriften festgelegten Vorgaben. Dies kann auch die Entwicklung von Werkzeugen und Algorithmen einschlie\u00dfen, die dieser Website helfen, die Vertraulichkeit der gesammelten personenbezogenen Daten zu gew\u00e4hrleisten. <\/li>\n<li class=\"li1\">Unterst\u00fctzung und Verbesserung der auf dieser Website angebotenen Dienste.<\/li>\n<li class=\"li1\">Analyse des Nutzerverhaltens. Durch die Verwendung von Cookies, die auf den Computer des Nutzers heruntergeladen werden, w\u00e4hrend er auf der Website navigiert, sammelt der Betreiber weitere, nicht identifizierende Daten, deren Merkmale und Zweck in der &nbsp;<a href=\"https:\/\/bicg.com\/cookie-policy\/\" target=\"_blank\">Cookie-Erkl\u00e4rung<\/a> detailliert beschrieben sind.<\/li>\n<li class=\"li1\">Social-Media-Verwaltung. The Business Innovation Consulting Group ist auf sozialen Netzwerken pr\u00e4sent. Wenn Sie uns auf unseren sozialen Netzwerken folgen, unterliegt die Verarbeitung der personenbezogenen Daten diesem Abschnitt sowie den Nutzungsbedingungen, Datenschutzerkl\u00e4rungen und Zugriffsregeln des jeweiligen sozialen Netzwerks, die Sie zuvor akzeptiert haben.<br>Unter den nachstehenden Links finden Sie die Datenschutzerkl\u00e4rungen der wichtigsten sozialen Netzwerke:  <br><ul class=\"ul1\">\n<li class=\"li4\"><span class=\"s3\"><a href=\"https:\/\/www.facebook.com\/help\/cookies\"><span class=\"s5\">Facebook<\/span><\/a><\/span><\/li>\n<li class=\"li4\"><span class=\"s3\"><a href=\"https:\/\/twitter.com\/privacy\"><span class=\"s5\">Twitter<\/span><\/a><\/span><\/li>\n<li class=\"li4\"><span class=\"s3\"><a href=\"https:\/\/www.linkedin.com\/legal\/cookie-policy\"><span class=\"s5\">Linkedin<\/span><\/a><\/span><\/li>\n<li class=\"li4\"><span class=\"s3\"><a href=\"https:\/\/www.youtube.com\/privacy\"><span class=\"s5\">YouTube<\/span><\/a><\/span><\/li>\n<li class=\"li4\"><span class=\"s3\"><a href=\"https:\/\/www.instagram.com\/legal\/privacy\/\"><span class=\"s5\">Instagram<\/span><\/a><\/span><\/li>\n<\/ul>\n<\/li>\n<li class=\"li1\">Der Website-Betreiber verarbeitet Ihre personenbezogenen Daten, um seine Pr\u00e4senz im jeweiligen sozialen Netzwerk ordnungsgem\u00e4\u00df zu verwalten, Sie \u00fcber seine Aktivit\u00e4ten zu informieren sowie f\u00fcr alle weiteren Zwecke, die nach den Vorschriften der sozialen Netzwerke zul\u00e4ssig sind.<br>Der Betreiber nutzt die Profile von Followern in sozialen Netzwerken unter keinen Umst\u00e4nden, um individuell Werbung zu versenden.<\/li>\n<\/ul>\n<p class=\"p2\"><b>&nbsp;<\/b><\/p>\n<h3><b>Sicherheit der personenbezogenen Daten<\/b><\/h3>\n<p class=\"p1\">Zum Schutz Ihrer personenbezogenen Daten ergreift der f\u00fcr die Verarbeitung Verantwortliche alle angemessenen Sicherheitsvorkehrungen und befolgt die besten branchen\u00fcblichen Praktiken, um den Verlust, den Missbrauch, den unbefugten Zugriff, die Offenlegung, die \u00c4nderung oder die Zerst\u00f6rung Ihrer personenbezogenen Daten zu verhindern.<\/p>\n<p class=\"p1\">Ihre Daten k\u00f6nnen in eine Mailingliste aufgenommen werden, f\u00fcr deren Verwaltung und Verarbeitung The Business Innovation Consulting Group verantwortlich ist. Da The Business Innovation Consulting Group alle notwendigen Sicherheitsma\u00dfnahmen ergreift und sicherstellt, dass personenbezogene Daten nur f\u00fcr die angegebenen Zwecke verwendet werden, ist die Sicherheit Ihrer Daten gew\u00e4hrleistet. <\/p>\n<p class=\"p1\">The Business Innovation Consulting Group informiert den Nutzer dar\u00fcber, dass seine personenbezogenen Daten nicht an Dritte weitergegeben werden, es sei denn, die Weitergabe der Daten beruht auf einer gesetzlichen Verpflichtung oder die Erbringung einer Dienstleistung erfordert die Beauftragung eines Auftragsverarbeiters. Im letzteren Fall erfolgt die Weitergabe der Daten an den Dritten nur, wenn The Business Innovation Consulting Group \u00fcber die ausdr\u00fcckliche Einwilligung des Nutzers verf\u00fcgt. <\/p>\n<p class=\"p1\">In F\u00e4llen, in denen es zu einer Zusammenarbeit mit anderen Fachleuten kommt, wird stets die Einwilligung des Nutzers eingeholt und dieser \u00fcber die Identit\u00e4t der Partner sowie den Zweck der Zusammenarbeit informiert, wobei zu jeder Zeit h\u00f6chste Sicherheitsstandards gew\u00e4hrleistet werden. <\/p>\n<p class=\"p2\"><b>&nbsp;<\/b><\/p>\n<h3><b>Inhalte anderer Websites<\/b><\/h3>\n<p class=\"p1\">Die Seiten dieser Website k\u00f6nnen eingebettete Inhalte (z. B. Videos, Bilder, Artikel usw.) enthalten. Eingebettete Inhalte von anderen Websites verhalten sich genau so, als ob Sie die andere Website besuchen w\u00fcrden. <\/p>\n<p class=\"p1\">Diese Websites k\u00f6nnen Daten \u00fcber Sie sammeln, Cookies verwenden, zus\u00e4tzlichen Tracking-Code von Dritten einbetten und Ihre Interaktion mit diesem Code \u00fcberwachen.<\/p>\n<p class=\"p2\"><b>&nbsp;<\/b><\/p>\n<h3><b>Cookie-Erkl\u00e4rung<\/b><\/h3>\n<p class=\"p1\">Damit diese Website ordnungsgem\u00e4\u00df funktioniert, muss sie Cookies verwenden, d. h. Informationen, die in Ihrem Webbrowser gespeichert werden.<\/p>\n<p class=\"p1\">Auf der Seite&nbsp;<a href=\"https:\/\/bicg.com\/cookie-policy\/\" target=\"_blank\">\u201eCookie-Erkl\u00e4rung\u201c<\/a>&nbsp;finden Sie alle Informationen \u00fcber die Datensammlung, den Zweck und die Verarbeitung von Cookies.<\/p>\n<p class=\"p2\"><b>&nbsp;<\/b><\/p>\n<h3><b>Rechtsgrundlage der Datenverarbeitung<\/b><\/h3>\n<p class=\"p1\">Die Rechtsgrundlage f\u00fcr die Verarbeitung Ihrer Daten ist Ihre Einwilligung.<\/p>\n<p class=\"p1\">Um den Website-Betreiber zu kontaktieren, einen Newsletter zu abonnieren oder Kommentare auf dieser Website abzugeben, m\u00fcssen Sie diese Datenschutzerkl\u00e4rung akzeptieren.<\/p>\n<p class=\"p2\"><b>&nbsp;<\/b><\/p>\n<h3><b>Kategorien personenbezogener Daten<\/b><\/h3>\n<p class=\"p1\">Der Website-Betreiber verarbeitet folgende Kategorien von personenbezogenen Daten:<\/p>\n<ul class=\"ul1\">\n<li class=\"li1\">Identifikationsdaten<\/li>\n<li class=\"li1\">Es werden keine besonders gesch\u00fctzten Kategorien von Daten verarbeitet.<\/li>\n<\/ul>\n<p class=\"p2\"><b>&nbsp;<\/b><\/p>\n<h3><b>Speicherung der personenbezogenen Daten<\/b><\/h3>\n<p class=\"p1\">Die personenbezogenen Daten, die Sie dem Website-Betreiber zur Verf\u00fcgung stellen, werden so lange gespeichert, bis Sie deren L\u00f6schung beantragen.<\/p>\n<p class=\"p2\"><b>&nbsp;<\/b><\/p>\n<h3><b>Empf\u00e4nger der personenbezogenen Daten<\/b><\/h3>\n<ul class=\"ul1\">\n<li class=\"li1\"><b>Google Analytics<\/b>&nbsp;ist ein Webanalysedienst, der von Google Inc., Delaware, mit Hauptsitz in 1600 Amphitheatre Parkway, Mountain View (Kalifornien), CA 94043, USA (\u201eGoogle\u201c) bereitgestellt wird.<br>Google Analytics verwendet Cookies, d. h. Textdateien, die auf Ihrem Computer gespeichert werden und es dem Website-Betreiber erm\u00f6glichen, die Nutzung der Website durch die Besucher zu analysieren. Die durch das Cookie gesammelten Informationen (einschlie\u00dflich der IP-Adresse) werden direkt an einen Server von Google in den USA \u00fcbertragen und dort gespeichert.<br>Weitere Informationen auf: &nbsp;<a href=\"https:\/\/policies.google.com\/privacy?hl=es-ES\"><span class=\"s1\">https:\/\/analytics.google.com<\/span><\/a><\/li>\n<\/ul>\n<p class=\"p1\">In Googles &nbsp;<a href=\"https:\/\/policies.google.com\/privacy?hl=es\"><span class=\"s1\">Datenschutzerkl\u00e4rung wird erl\u00e4utert<\/span><\/a>&nbsp;<br>, wie Google den Datenschutz in Bezug auf die Verwendung von Cookies und anderen Informationen handhabt.<\/p>\n<p class=\"p1\">Sie finden dort auch eine &nbsp;<a href=\"https:\/\/policies.google.com\/technologies\/types?hl=es\"><span class=\"s1\">Liste der von Google<\/span><\/a>&nbsp;und seinen Partnern verwendeten Cookie-Arten und Informationen \u00fcber die&nbsp;<a href=\"https:\/\/policies.google.com\/technologies\/ads?hl=es\"><span class=\"s1\">Verwendung von Werbe-Cookies<\/span><\/a>.<\/p>\n<p class=\"p2\"><b>&nbsp;<\/b><\/p>\n<h3><b>Navigieren durch die Website<\/b><\/h3>\n<p class=\"p1\">Beim Navigieren auf&nbsp;<a href=\"https:\/\/bicg.com\/de\/\" target=\"_blank\" rel=\"noopener\">https:\/\/www.bicg.com&nbsp;<\/a>k\u00f6nnen nicht identifizierende Daten erfasst werden, wie z. B. IP-Adresse, Geolokalisierung, Aufzeichnung der Nutzung von Diensten und Seiten, Surfgewohnheiten und andere Informationen, die nicht zur Identifizierung Ihrer Person verwendet werden k\u00f6nnen.<\/p>\n<p class=\"p1\">Die Website nutzt die folgenden Analysedienste Dritter:<\/p>\n<ul class=\"ul1\">\n<li class=\"li1\">Google Analytics.<\/li>\n<\/ul>\n<p class=\"p1\">Der Website-Betreiber verwendet die erhobenen Informationen, um statistische Daten zu generieren, Trends zu analysieren, die Website zu verwalten, Browsing-Muster zu untersuchen und demographische Informationen zu sammeln.<\/p>\n<p class=\"p1\">Der Website-Betreiber \u00fcbernimmt keinerlei Verantwortung f\u00fcr die Verarbeitung personenbezogener Daten durch Websites, auf die \u00fcber die verschiedenen auf der Website enthaltenen Links zugegriffen werden kann.<\/p>\n<h3><b>Richtigkeit und Genauigkeit der personenbezogenen Daten<\/b><\/h3>\n<p class=\"p1\">Sie verpflichten sich, daf\u00fcr zu sorgen, dass die dem f\u00fcr die Verarbeitung Verantwortlichen zur Verf\u00fcgung gestellten Daten sachlich richtig, vollst\u00e4ndig, genau und auf dem neuesten Stand sind, und sie ordnungsgem\u00e4\u00df zu aktualisieren.<\/p>\n<p class=\"p1\">Als Nutzer der Website sind Sie allein f\u00fcr die sachliche Richtigkeit und Genauigkeit der an die Website \u00fcbermittelten Daten verantwortlich und entbinden The Business Innovation Consulting Group von jeder diesbez\u00fcglichen Haftung.<\/p>\n<p class=\"p2\"><b>&nbsp;<\/b><\/p>\n<h3><b>Zustimmung und Einwilligung<\/b><\/h3>\n<p class=\"p1\">Als Nutzer der Website best\u00e4tigen Sie, \u00fcber die Datenschutzbedingungen informiert worden zu sein, und erkl\u00e4ren sich mit der Verarbeitung der personenbezogenen Daten durch The Business Innovation Consulting Group in der Art und Weise und zu den Zwecken, die in dieser Datenschutzerkl\u00e4rung angegeben sind, einverstanden.<\/p>\n<p class=\"p2\"><b>&nbsp;<\/b><\/p>\n<h3><b>Widerrufbarkeit<\/b><\/h3>\n<p class=\"p1\">Um Ihre Rechte auf Auskunft, Berichtigung, L\u00f6schung und Widerspruch auszu\u00fcben, senden Sie bitte unter Beif\u00fcgung einer Kopie Ihres Personalausweises oder eines gleichwertigen rechtsg\u00fcltigen Ausweisdokuments eine E-Mail an info@bicg.com.<\/p>\n<p class=\"p1\">Die Aus\u00fcbung dieser Rechte erstreckt sich nicht auf Daten, die The Business Innovation Consulting Group aus verwaltungstechnischen, rechtlichen oder sicherheitsrelevanten Gr\u00fcnden aufbewahren muss.<\/p>\n<p class=\"p2\"><b>&nbsp;<\/b><\/p>\n<h3><b>\u00c4nderungen der Datenschutzerkl\u00e4rung<\/b><\/h3>\n<p class=\"p1\">Der Website-Betreiber beh\u00e4lt sich das Recht vor, diese Datenschutzerkl\u00e4rung jederzeit zu \u00e4ndern, um sie an ge\u00e4nderte Gesetzgebungen oder Rechtsprechungen sowie an Branchenpraktiken anzupassen.<\/p>\n<p class=\"p1\">\u00c4nderungen dieser Datenschutzerkl\u00e4rung treten in Kraft, sobald sie ordnungsgem\u00e4\u00df ver\u00f6ffentlicht werden.<\/p>\t\t\t\t\t\t\t\t<\/div>\n\t\t\t\t<\/div>\n\t\t\t\t\t<\/div>\n\t\t<\/div>\n\t\t\t\t\t<\/div>\n\t\t<\/section>\n\t\t\t\t<\/div>\n\t\t","protected":false},"excerpt":{"rendered":"<p>Datenschutzerkl\u00e4rung The Business Innovation Consulting Group informiert Sie in dieser Datenschutzerkl\u00e4rung \u00fcber die Verarbeitung und den Schutz der personenbezogenen Nutzerdaten, die beim Surfen auf der Website &nbsp;https:\/\/www.bicg.com erhoben werden k\u00f6nnen. In diesem Sinne garantiert The Business Innovation Consulting Group die Einhaltung der geltenden Vorschriften zum Schutz personenbezogener Daten, die im spanischen Organgesetz 3\/2018 vom 5. [&hellip;]<\/p>\n","protected":false},"author":1,"featured_media":0,"parent":0,"menu_order":0,"comment_status":"closed","ping_status":"closed","template":"","meta":{"footnotes":""},"class_list":["post-7916","page","type-page","status-publish","hentry"],"_links":{"self":[{"href":"https:\/\/bicg.com\/de\/wp-json\/wp\/v2\/pages\/7916","targetHints":{"allow":["GET"]}}],"collection":[{"href":"https:\/\/bicg.com\/de\/wp-json\/wp\/v2\/pages"}],"about":[{"href":"https:\/\/bicg.com\/de\/wp-json\/wp\/v2\/types\/page"}],"author":[{"embeddable":true,"href":"https:\/\/bicg.com\/de\/wp-json\/wp\/v2\/users\/1"}],"replies":[{"embeddable":true,"href":"https:\/\/bicg.com\/de\/wp-json\/wp\/v2\/comments?post=7916"}],"version-history":[{"count":3,"href":"https:\/\/bicg.com\/de\/wp-json\/wp\/v2\/pages\/7916\/revisions"}],"predecessor-version":[{"id":9073,"href":"https:\/\/bicg.com\/de\/wp-json\/wp\/v2\/pages\/7916\/revisions\/9073"}],"wp:attachment":[{"href":"https:\/\/bicg.com\/de\/wp-json\/wp\/v2\/media?parent=7916"}],"curies":[{"name":"wp","href":"https:\/\/api.w.org\/{rel}","templated":true}]}}