{"id":7913,"date":"2023-09-27T19:50:27","date_gmt":"2023-09-27T17:50:27","guid":{"rendered":"https:\/\/bicg.com\/cookie-erklaerung\/"},"modified":"2025-03-17T15:56:46","modified_gmt":"2025-03-17T14:56:46","slug":"cookie-erklaerung","status":"publish","type":"page","link":"https:\/\/bicg.com\/de\/cookie-erklaerung\/","title":{"rendered":"Cookie-Erkl\u00e4rung"},"content":{"rendered":"\t\t<div data-elementor-type=\"wp-page\" data-elementor-id=\"7913\" class=\"elementor elementor-7913 elementor-552\" data-elementor-post-type=\"page\">\n\t\t\t\t\t\t<section class=\"elementor-section elementor-top-section elementor-element elementor-element-309cf71 elementor-section-boxed elementor-section-height-default elementor-section-height-default\" data-id=\"309cf71\" data-element_type=\"section\" data-e-type=\"section\">\n\t\t\t\t\t\t<div class=\"elementor-container elementor-column-gap-default\">\n\t\t\t\t\t<div class=\"elementor-column elementor-col-100 elementor-top-column elementor-element elementor-element-0beba25\" data-id=\"0beba25\" data-element_type=\"column\" data-e-type=\"column\">\n\t\t\t<div class=\"elementor-widget-wrap elementor-element-populated\">\n\t\t\t\t\t\t<div class=\"elementor-element elementor-element-56b5bda elementor-widget elementor-widget-heading\" data-id=\"56b5bda\" data-element_type=\"widget\" data-e-type=\"widget\" data-widget_type=\"heading.default\">\n\t\t\t\t<div class=\"elementor-widget-container\">\n\t\t\t\t\t<h3 class=\"elementor-heading-title elementor-size-default\">Cookie-Erkl\u00e4rung<\/h3>\t\t\t\t<\/div>\n\t\t\t\t<\/div>\n\t\t\t\t<div class=\"elementor-element elementor-element-6d4e32f elementor-widget elementor-widget-text-editor\" data-id=\"6d4e32f\" data-element_type=\"widget\" data-e-type=\"widget\" data-widget_type=\"text-editor.default\">\n\t\t\t\t<div class=\"elementor-widget-container\">\n\t\t\t\t\t\t\t\t\t<p class=\"p1\">Gem\u00e4\u00df den Vorgaben von Artikel 22 des spanischen Gesetzes 34\/2002 vom 11. Juli 2002 \u00fcber die Dienste der Informationsgesellschaft und den elektronischen Gesch\u00e4ftsverkehr (LSSI) in Verbindung mit der Datenschutz-Grundverordnung (EU) 2016\/679 des Europ\u00e4ischen Parlaments und des Rates vom 27. April 2016 (DSGVO) und dem spanischen Organgesetz 3\/2018 vom 5. Dezember 2018 \u00fcber den Schutz personenbezogener Daten und die Gew\u00e4hrleistung der digitalen Rechte (LOPD-GDD) informiert The Business Innovation Consulting Group die Nutzer hiermit \u00fcber den Einsatz und die Verarbeitung von Cookies auf dieser Website.<\/p>\n<p class=\"p2\"><b>&nbsp;<\/b><\/p>\n<h3><b>Was sind Cookies?<\/b><\/h3>\n<p class=\"p1\">Ein Cookie ist eine Datei, die auf Ihrem Rechner abgelegt wird, wenn Sie bestimmte Webseiten aufrufen. Cookies erm\u00f6glichen es einer Webseite unter anderem, Informationen \u00fcber Ihr Surfverhalten zu speichern und abzurufen. Je nach den in ihnen enthaltenen Informationen und den Einstellungen auf Ihrem Ger\u00e4t k\u00f6nnen sie dazu dienen, Sie wiederzuerkennen. <\/p>\n<p class=\"p2\"><b>&nbsp;<\/b><\/p>\n<h3><b>Auf der Website verwendete Cookies<\/b><\/h3>\n<p class=\"p1\">Die von der Website &nbsp;<a href=\"https:\/\/bicg.com\/de\/\"><span class=\"s1\">https:\/\/www.bicg.com<\/span><\/a>verwendeten Cookies sind im Folgenden aufgef\u00fchrt:<\/p>\n<p class=\"p1\"><b>Herkunft<\/b><\/p>\n<ul class=\"ul1\">\n<li class=\"li1\"><b>Eigene Cookies<\/b>&nbsp;<br>Diese Cookies werden direkt von The Business Innovation Consulting Group gesetzt und verwaltet.<\/li>\n<li class=\"li1\"><b>Drittanbieter-Cookies:<\/b>&nbsp; Dabei handelt es sich um Cookies, die von einer anderen Domain als der von The Business Innovation Consulting Group auf dem Ger\u00e4t des Nutzers abgelegt werden.<\/li>\n<\/ul>\n<p class=\"p1\"><b>Zweck<\/b><\/p>\n<ul class=\"ul1\">\n<li class=\"li1\"><b>Technische Cookies:<\/b>&nbsp;<br>Diese erm\u00f6glichen es registrierten Nutzern, durch die Website und ihre nicht \u00f6ffentlich zug\u00e4nglichen Bereiche zu navigieren und die verschiedenen Funktionen, wie etwa das Kommentarsystem oder die Suchmaschine, zu nutzen.<\/li>\n<li class=\"li1\"><b>Personalisierungs-Cookies:<\/b>&nbsp; Diese Cookies erm\u00f6glichen es den Nutzern, mit einigen allgemeinen Voreinstellungen auf den Dienst zuzugreifen, die auf von ihnen festgelegten Kriterien basieren, wie z. B. die Sprachauswahl oder der Browser, mit dem die Website aufgerufen wird.<\/li>\n<li class=\"li1\"><b>Analyse- bzw. Statistik-Cookies:<\/b>&nbsp;<br>Diese Cookies werden von uns oder Drittanbietern eingesetzt, um die Besucherzahlen zu erfassen und Statistiken \u00fcber die Nutzung der Website zu erstellen. Dabei wird Ihr Surfverhalten auf dieser Website analysiert, um deren Leistung zu optimieren. <\/li>\n<li class=\"li1\"><b>Social-Media-Cookies:<\/b>&nbsp; Diese Cookies werden von Social-Media-Plattformen eingesetzt, damit die Nutzer Inhalte mit ihren Freunden und Netzwerken teilen k\u00f6nnen.<\/li>\n<\/ul>\n<p class=\"p1\"><b>Lebensdauer<\/b><\/p>\n<ul class=\"ul1\">\n<li class=\"li1\"><b>Sitzungs-Cookies:<\/b>&nbsp;<br>Diese Cookies dienen dazu, Daten zu erfassen und zu speichern, w\u00e4hrend der Besucher auf einer Website verweilt.<\/li>\n<li class=\"li1\"><b>Persistente Cookies:<\/b>&nbsp;<br>Diese erm\u00f6glichen es, Daten \u00fcber l\u00e4ngere Zeit auf dem Ger\u00e4t des Nutzers zu speichern, sodass sie f\u00fcr einen vom Verantwortlichen festgelegten Zeitraum abgerufen und verarbeitet werden k\u00f6nnen.<\/li>\n<\/ul>\n<p class=\"p2\"><b>&nbsp;<\/b><\/p>\n<h3><b>Liste der verwendeten Cookies<\/b><\/h3>\n<p class=\"p1\">Diese Website kann die folgenden Cookies setzen:<\/p>\n<p class=\"p1\"><b>Technische Cookies<\/b><\/p>\n<ul class=\"ul1\">\n<li class=\"li1\"><b>wp-settings-{user_id}:<\/b>&nbsp;Technisches Cookie, das zur Speicherung der Benutzereinstellungen im wp-admin verwendet wird. Persistentes Cookie mit einer Lebensdauer von 1 Jahr. <\/li>\n<li class=\"li1\"><b>hasConsent:<\/b>&nbsp;Technisches Cookie, das die Einwilligung des Nutzers speichert. Persistentes Cookie mit einer Lebensdauer von 1 Jahr. <\/li>\n<\/ul>\n<p class=\"p1\"><b>Analyse- bzw. Statistik-Cookies<\/b><\/p>\n<ul class=\"ul1\">\n<li class=\"li1\"><b>_ga:<\/b>&nbsp; Analyse-Cookie, das eine eindeutige Kennung f\u00fcr jeden Besucher erstellt. Persistentes Cookie mit einer Lebensdauer von 2 Jahren. <\/li>\n<li class=\"li1\"><b>_gat:<\/b>&nbsp; Analyse-Cookie zur Drosselung der Anfragerate. Sitzungs-Cookie mit einer Lebensdauer von 1 Minute. <\/li>\n<li class=\"li1\"><b>_gid:<\/b>&nbsp; Analyse-Cookie zur Unterscheidung von Nutzern. Sitzungs-Cookie mit einer Lebensdauer von 24 Stunden. <\/li>\n<\/ul>\n<p class=\"p1\">Weitere Informationen:<\/p>\n<ul class=\"ul1\">\n<li class=\"li1\"><br>Google Analytics kann weitere Cookies gem\u00e4\u00df dem Dokument Verwendung von<br>&nbsp;<a href=\"https:\/\/developers.google.com\/analytics\/devguides\/collection\/analyticsjs\/cookie-usage?hl=es\"><span class=\"s1\"> Google Analytics-Cookies auf Websites setzen.<\/span><\/a><\/li>\n<\/ul>\n<p class=\"p1\"><b>&nbsp;<\/b><\/p>\n<h3><b>Social-Media-Cookies<\/b><\/h3>\n<ul class=\"ul1\">\n<li class=\"li1\">Unsere Website enth\u00e4lt weitere Funktionen, die von Drittanbietern und sozialen Netzwerken bereitgestellt werden, um das Besuchererlebnis zu verbessern. So haben Sie die M\u00f6glichkeit, die Inhalte in sozialen Netzwerken wie Facebook, Twitter, Instagram, Vimeo oder YouTube \u00fcber die daf\u00fcr vorgesehenen Schaltfl\u00e4chen oder die Teilen-Funktionen der jeweiligen Plattformen zu teilen. In einem solchen Fall k\u00f6nnen diese Dienste Cookies setzen und diese verwenden, um Ihre Online-Aktivit\u00e4ten zu verfolgen. Wir haben keine direkte Kontrolle \u00fcber die von diesen Cookies gesammelten Informationen.   <\/li>\n<\/ul>\n<p class=\"p1\">Weitere Cookies, die von der Website gesetzt werden k\u00f6nnen:<\/p>\n<p class=\"p1\">nextendsession _ga _gid PHPSESSID wordpress_test_cookie wp-settings-*<\/p>\n<p class=\"p2\"><b>&nbsp;<\/b><\/p>\n<h3><b>Akzeptieren oder Ablehnen von Cookies<\/b><\/h3>\n<p class=\"p1\">The Business Innovation Consulting Group hat ihre Cookie-Erkl\u00e4rung im Footer-Men\u00fc und im Cookie-Banner verlinkt, sodass von allen Seiten der Website auf sie zugegriffen werden kann. Das Cookie-Banner enth\u00e4lt wesentliche Informationen zur Datenverarbeitung und bietet dem Nutzer die folgenden M\u00f6glichkeiten: <\/p>\n<ul class=\"ul1\">\n<li class=\"li1\"><b>Cookies zu akzeptieren oder abzulehnen <\/b>oder eine zuvor erteilte Zustimmung zu widerrufen. Auf diese Funktion kann direkt vom Cookie-Hinweis aus zugegriffen werden. <\/li>\n<li class=\"li1\"><b>die Cookie-Erkl\u00e4rung aufzurufen, um weitere Informationen \u00fcber <\/b>&nbsp;&nbsp;<a href=\"https:\/\/bicg.com\/cookie-policy\/\" target=\"_blank\">Cookies zu erhalten<\/a>.<\/li>\n<\/ul>\n<p class=\"p2\"><b>&nbsp;<\/b><\/p>\n<h3><b>L\u00f6schen von Cookies<\/b><\/h3>\n<p class=\"p1\">Durch die entsprechenden Einstellungen in Ihrem Browser k\u00f6nnen Sie Cookies akzeptieren oder ablehnen sowie bereits auf Ihrem Rechner installierte Cookies l\u00f6schen. Dies kann jedoch einen Teil der Funktionen und die Qualit\u00e4t der Website beeintr\u00e4chtigen.<\/p>\n<p class=\"p1\">Unter den folgenden Links finden Sie Anleitungen, wie Sie Cookies in den g\u00e4ngigsten Browsern aktivieren oder deaktivieren k\u00f6nnen.<\/p>\n<ul class=\"ul1\">\n<li class=\"li5\"><span class=\"s4\"><b>Firefox<\/b>&nbsp;: <a href=\"https:\/\/support.mozilla.org\/de\/kb\/Cookies-blockieren\">https:\/\/support.mozilla.org\/de\/kb\/Cookies-blockieren<\/a><\/span><\/li>\n<li class=\"li5\"><span class=\"s4\"><b>Google Chrome<\/b>&nbsp;<a href=\"https:\/\/support.google.com\/chrome\/answer\/95647?hl=de\"> https:\/\/support.google.com\/chrome\/answer\/95647?hl=de<\/a><\/span><\/li>\n<li class=\"li5\"><span class=\"s4\"><b>Internet Explorer<\/b>&nbsp;<a href=\"https:\/\/support.microsoft.com\/es-es\/help\/17442\/windows-internet-explorer-delete-manage-cookies#ie=%22ie-10%22\">https:\/\/support.microsoft.com\/de-de\/help\/17442\/windows-internet-explorer-delete-manage-cookies#ie=&#8220;ie-10&#8243;<\/a><\/span><\/li>\n<li class=\"li5\"><span class=\"s4\"><b>Microsoft Edge<\/b>&nbsp;<a href=\"https:\/\/support.microsoft.com\/de-de\/windows\/microsoft-edge-browserdaten-und-datenschutz-bb8174ba-9d73-dcf2-9b4a-c582b4e640dd\">https:\/\/support.microsoft.com\/de-de\/windows\/microsoft-edge-browserdaten-und-datenschutz-bb8174ba-9d73-dcf2-9b4a-c582b4e640dd<\/a><\/span><\/li>\n<li class=\"li5\"><span class=\"s4\"><b>Safari<\/b>&nbsp;<a href=\"https:\/\/support.apple.com\/de-de\/105082\">https:\/\/support.apple.com\/de-de\/105082<\/a><\/span><\/li>\n<\/ul>\n<p class=\"p2\"><b>&nbsp;<\/b><\/p>\n<h3><b>Verarbeitung personenbezogener Daten<\/b><\/h3>\n<p class=\"p1\">Die f\u00fcr die Verarbeitung der personenbezogenen Daten des Nutzers verantwortliche Stelle ist The Business Innovation Consulting Group. Ausf\u00fchrliche Informationen \u00fcber die Verarbeitung der vom Website-Betreiber erhobenen personenbezogenen Daten finden Sie auf der Seite &nbsp;<a href=\"https:\/\/bicg.com\/privacy-policy\/\"><span class=\"s1\">Datenschutzerkl\u00e4rung<\/span><\/a>.<\/p>\n<p class=\"p2\"><b>&nbsp;<\/b><\/p>\n<h3><b>Kontakt<\/b><\/h3>\n<p class=\"p1\">Wenn Sie Fragen zu dieser Cookie-Erkl\u00e4rung haben oder Anmerkungen zu dieser Website machen m\u00f6chten, senden Sie bitte eine E-Mail an info@bicg.com.<\/p>\t\t\t\t\t\t\t\t<\/div>\n\t\t\t\t<\/div>\n\t\t\t\t\t<\/div>\n\t\t<\/div>\n\t\t\t\t\t<\/div>\n\t\t<\/section>\n\t\t<div class=\"elementor-element elementor-element-e7d510d e-flex e-con-boxed e-con e-parent\" data-id=\"e7d510d\" data-element_type=\"container\" data-e-type=\"container\">\n\t\t\t\t\t<div class=\"e-con-inner\">\n\t\t\t\t<div class=\"elementor-element elementor-element-168b018 elementor-widget elementor-widget-image\" data-id=\"168b018\" data-element_type=\"widget\" data-e-type=\"widget\" data-widget_type=\"image.default\">\n\t\t\t\t<div class=\"elementor-widget-container\">\n\t\t\t\t\t\t\t\t\t\t\t\t\t\t\t<img decoding=\"async\" width=\"150\" height=\"150\" src=\"https:\/\/bicg.com\/wp-content\/uploads\/2023\/09\/Cookie-150x150.png\" class=\"attachment-thumbnail size-thumbnail wp-image-2996\" alt=\"\" srcset=\"https:\/\/bicg.com\/wp-content\/uploads\/2023\/09\/Cookie-150x150.png 150w, https:\/\/bicg.com\/wp-content\/uploads\/2023\/09\/Cookie-300x300.png 300w, https:\/\/bicg.com\/wp-content\/uploads\/2023\/09\/Cookie.png 500w\" sizes=\"(max-width: 150px) 100vw, 150px\" \/>\t\t\t\t\t\t\t\t\t\t\t\t\t\t\t<\/div>\n\t\t\t\t<\/div>\n\t\t\t\t<div class=\"elementor-element elementor-element-3921b1e elementor-widget elementor-widget-heading\" data-id=\"3921b1e\" data-element_type=\"widget\" data-e-type=\"widget\" data-widget_type=\"heading.default\">\n\t\t\t\t<div class=\"elementor-widget-container\">\n\t\t\t\t\t<h2 class=\"elementor-heading-title elementor-size-default\">Vielen Dank f\u00fcrs Lesen,<p><\/h2>\t\t\t\t<\/div>\n\t\t\t\t<\/div>\n\t\t\t\t\t<\/div>\n\t\t\t\t<\/div>\n\t\t\t\t<\/div>\n\t\t","protected":false},"excerpt":{"rendered":"<p>Cookie-Erkl\u00e4rung Gem\u00e4\u00df den Vorgaben von Artikel 22 des spanischen Gesetzes 34\/2002 vom 11. Juli 2002 \u00fcber die Dienste der Informationsgesellschaft und den elektronischen Gesch\u00e4ftsverkehr (LSSI) in Verbindung mit der Datenschutz-Grundverordnung (EU) 2016\/679 des Europ\u00e4ischen Parlaments und des Rates vom 27. April 2016 (DSGVO) und dem spanischen Organgesetz 3\/2018 vom 5. Dezember 2018 \u00fcber den Schutz [&hellip;]<\/p>\n","protected":false},"author":1,"featured_media":0,"parent":0,"menu_order":0,"comment_status":"closed","ping_status":"closed","template":"","meta":{"footnotes":""},"class_list":["post-7913","page","type-page","status-publish","hentry"],"_links":{"self":[{"href":"https:\/\/bicg.com\/de\/wp-json\/wp\/v2\/pages\/7913","targetHints":{"allow":["GET"]}}],"collection":[{"href":"https:\/\/bicg.com\/de\/wp-json\/wp\/v2\/pages"}],"about":[{"href":"https:\/\/bicg.com\/de\/wp-json\/wp\/v2\/types\/page"}],"author":[{"embeddable":true,"href":"https:\/\/bicg.com\/de\/wp-json\/wp\/v2\/users\/1"}],"replies":[{"embeddable":true,"href":"https:\/\/bicg.com\/de\/wp-json\/wp\/v2\/comments?post=7913"}],"version-history":[{"count":3,"href":"https:\/\/bicg.com\/de\/wp-json\/wp\/v2\/pages\/7913\/revisions"}],"predecessor-version":[{"id":9071,"href":"https:\/\/bicg.com\/de\/wp-json\/wp\/v2\/pages\/7913\/revisions\/9071"}],"wp:attachment":[{"href":"https:\/\/bicg.com\/de\/wp-json\/wp\/v2\/media?parent=7913"}],"curies":[{"name":"wp","href":"https:\/\/api.w.org\/{rel}","templated":true}]}}