{"id":7911,"date":"2024-03-21T23:20:34","date_gmt":"2024-03-21T22:20:34","guid":{"rendered":"https:\/\/bicg.com\/rechtshinweis\/"},"modified":"2025-03-17T15:55:44","modified_gmt":"2025-03-17T14:55:44","slug":"rechtshinweis","status":"publish","type":"page","link":"https:\/\/bicg.com\/de\/rechtshinweis\/","title":{"rendered":"Rechtshinweis"},"content":{"rendered":"\t\t<div data-elementor-type=\"wp-page\" data-elementor-id=\"7911\" class=\"elementor elementor-7911 elementor-2540\" data-elementor-post-type=\"page\">\n\t\t\t\t\t\t<section class=\"elementor-section elementor-top-section elementor-element elementor-element-9b5cfed elementor-section-boxed elementor-section-height-default elementor-section-height-default\" data-id=\"9b5cfed\" data-element_type=\"section\" data-e-type=\"section\">\n\t\t\t\t\t\t<div class=\"elementor-container elementor-column-gap-default\">\n\t\t\t\t\t<div class=\"elementor-column elementor-col-100 elementor-top-column elementor-element elementor-element-1186b67\" data-id=\"1186b67\" data-element_type=\"column\" data-e-type=\"column\">\n\t\t\t<div class=\"elementor-widget-wrap elementor-element-populated\">\n\t\t\t\t\t\t<div class=\"elementor-element elementor-element-e7dd6cc elementor-widget elementor-widget-heading\" data-id=\"e7dd6cc\" data-element_type=\"widget\" data-e-type=\"widget\" data-widget_type=\"heading.default\">\n\t\t\t\t<div class=\"elementor-widget-container\">\n\t\t\t\t\t<h3 class=\"elementor-heading-title elementor-size-default\">Rechtshinweis<\/h3>\t\t\t\t<\/div>\n\t\t\t\t<\/div>\n\t\t\t\t<div class=\"elementor-element elementor-element-9a96292 elementor-widget elementor-widget-text-editor\" data-id=\"9a96292\" data-element_type=\"widget\" data-e-type=\"widget\" data-widget_type=\"text-editor.default\">\n\t\t\t\t<div class=\"elementor-widget-container\">\n\t\t\t\t\t\t\t\t\t<h3><b>Angaben zum Betreiber der Website<\/b><\/h3>\n<p class=\"p2\">Gem\u00e4\u00df den Bestimmungen von Artikel 10 des spanischen Gesetzes 34\/2002 vom 11. Juli 2002 \u00fcber die Dienste der Informationsgesellschaft und den elektronischen Gesch\u00e4ftsverkehr (LSSI-CE) werden nachstehend die folgenden Informationen zum Betreiber der Website bereitgestellt:<\/p>\n<ul class=\"ul1\">\n<li class=\"li2\"><b>Website-Betreiber:<\/b>&nbsp;The Business Innovation Consulting Group.<\/li>\n<li class=\"li2\"><b>Steueridentifikationsnummer (NIF):<\/b>&nbsp;B82355843<\/li>\n<li class=\"li2\">Eingetragen im Handelsregister von Madrid in Band 14.283, Buch , Abschnitt 8, Blatt 164, Seite M-235497, Eintragung .<\/li>\n<li class=\"li2\"><b>Anschrift:<\/b> c\/ Padre Dami\u00e1n, 48. 28036 Madrid \u2013 Spanien  <\/li>\n<li class=\"li2\"><b>E-Mail-Adresse:<\/b>&nbsp;info@bicg.com<\/li>\n<li class=\"li2\"><b>Telefon:<\/b>&nbsp;+34 913 141 331<\/li>\n<li class=\"li4\"><span class=\"s3\"><b>Website:<\/b>&nbsp;<a href=\"https:\/\/bicg.com\/es\/\">https:\/\/www.bicg.com<\/a><\/span><\/li>\n<\/ul>\n<p class=\"p1\"><b>&nbsp;<\/b><\/p>\n<h3><b>Nutzungsbedingungen<\/b><\/h3>\n<p class=\"p2\">Durch den Zugriff auf die Website wird der Besucher automatisch zum Nutzer derselben, was die einschr\u00e4nkungslose Annahme aller auf den Seiten enthaltenen Bestimmungen und Nutzungsbedingungen voraussetzt:<\/p>\n<ul class=\"ul1\">\n<li class=\"li4\"><a href=\"https:\/\/bicg.com\/legal-notice\/\" target=\"_blank\">Rechtshinweis<\/a><br><\/li>\n<li class=\"li4\"><a href=\"https:\/\/bicg.com\/privacy-policy\/\" target=\"_blank\"><a href=\"https:\/\/bicg.com\/privacy-policy\/\">Datenschutzerkl\u00e4rung<\/a><\/a><br><\/li>\n<li class=\"li4\"><a href=\"https:\/\/bicg.com\/cookie-policy\/\" target=\"_blank\"><a href=\"https:\/\/bicg.com\/cookie-policy\/\">Cookie-Erkl\u00e4rung<br><\/a><\/a><br><\/li>\n<\/ul>\n<p class=\"p2\">Falls Sie nicht mit allen diesen Bestimmungen und Bedingungen einverstanden sind, benutzen Sie diese Website bitte nicht.<\/p>\n<p class=\"p2\">Der Zugriff auf diese Website bedeutet in keinem Falle, dass eine Gesch\u00e4ftsbeziehung mit The Business Innovation Consulting Group zustande kommt.<\/p>\n<p class=\"p2\">\u00dcber diese Website erm\u00f6glicht Ihnen der Betreiber den Zugang zu und die Nutzung von Inhalten verschiedener Art, die der Betreiber oder seine Partner im Internet ver\u00f6ffentlicht haben.<\/p>\n<p class=\"p2\">Dabei verpflichten Sie sich, die Inhalte der Website NICHT f\u00fcr Zwecke oder Absichten zu nutzen, die rechtswidrig sind, gegen diesen Rechtshinweis oder geltende Gesetze versto\u00dfen, die Rechte oder Interessen Dritter verletzen oder die ordnungsgem\u00e4\u00dfe Nutzung der Inhalte oder die Funktion von Computerausr\u00fcstungen sowie Dokumente, Dateien und sonstige Inhalte, die auf eigenen oder gemieteten Computersystemen von The Business Innovation Consulting Group oder anderen Nutzern der Website oder des Internets gespeichert sind, in irgendeiner Weise sch\u00e4digen, deaktivieren, \u00fcberlasten, beeintr\u00e4chtigen oder behindern k\u00f6nnten.<\/p>\n<h3><b>Sicherheitsma\u00dfnahmen<\/b><\/h3>\n<p class=\"p2\">Die dem Betreiber zur Verf\u00fcgung gestellten personenbezogenen Daten k\u00f6nnen in automatisierten oder nicht automatisierten Datenbanken gespeichert werden, deren ausschlie\u00dflicher Inhaber die Business Innovation Consulting Group ist, die alle technischen, organisatorischen und sicherheitstechnischen Ma\u00dfnahmen ergreift, um die Vertraulichkeit, Integrit\u00e4t und Qualit\u00e4t der darin enthaltenen Informationen gem\u00e4\u00df den Bestimmungen der geltenden Datenschutzgesetze zu gew\u00e4hrleisten.<\/p>\n<p class=\"p2\">Sie sollten sich jedoch bewusst sein, dass die Sicherheitsvorkehrungen der Computersysteme im Internet keinen hundertprozentigen Schutz bieten k\u00f6nnen, weshalb der Betreiber nicht garantieren kann, dass keine Viren oder andere Elemente vorhanden sind, die Ver\u00e4nderungen in den Computersystemen (Software und Hardware) des Nutzers oder in seinen darauf gespeicherten elektronischen Dokumenten und Dateien verursachen k\u00f6nnen, obwohl der Betreiber alle Anstrengungen unternimmt und die erforderlichen Sicherheitsma\u00dfnahmen ergreift, um das Vorhandensein dieser sch\u00e4dlichen Elemente zu verhindern.<\/p>\n<h3><b>Verarbeitung personenbezogener Daten<\/b><\/h3>\n<p class=\"p2\"><br>Ausf\u00fchrliche Informationen \u00fcber die Verarbeitung der vom Website-Betreiber erhobenen personenbezogenen Daten finden Sie auf der Seite.&nbsp;<a href=\"https:\/\/bicg.com\/privacy-policy\/\" target=\"_blank\">\u201eDatenschutzerkl\u00e4rung\u201c<\/a>.<\/p>\n<p class=\"p1\"><b>&nbsp;<\/b><\/p>\n<h3><b>Inhalte<\/b><\/h3>\n<p class=\"p2\">Der Betreiber hat die auf der Website enthaltenen Informationen, Multimedia-Inhalte und Materialien aus Quellen bezogen, die er als zuverl\u00e4ssig erachtet. Trotz aller angemessenen Bem\u00fchungen, die Richtigkeit der enthaltenen Informationen sicherzustellen, \u00fcbernimmt der Betreiber keine Garantie f\u00fcr deren Wahrhaftigkeit, Vollst\u00e4ndigkeit oder Aktualit\u00e4t. The Business Innovation Consulting Group lehnt ausdr\u00fccklich jede Haftung f\u00fcr Fehler oder Auslassungen in den auf den Seiten dieser Website enthaltenen Informationen ab. <\/p>\n<p class=\"p2\">Es ist strikt untersagt, \u00fcber die Website unrechtm\u00e4\u00dfige oder unzul\u00e4ssige Inhalte, Computerviren oder Nachrichten zu \u00fcbermitteln, die die Rechte des Betreibers oder&nbsp;Dritter beeintr\u00e4chtigen oder verletzen.<\/p>\n<p class=\"p2\">Die Inhalte der Website&nbsp;<a href=\"https:\/\/bicg.com\/es\/\"><span class=\"s5\">https:\/\/www.bicg.com<\/span><\/a>&nbsp; dienen ausschlie\u00dflich der Information und d\u00fcrfen unter keinen Umst\u00e4nden als Verkaufsangebot, als Aufforderung zum Kauf oder als Empfehlung zum Abschluss irgendeiner sonstigen Transaktion verwendet oder betrachtet werden, es sei denn, dies ist ausdr\u00fccklich angegeben.<\/p>\n<p class=\"p2\">Die Inhalte der Website &nbsp;<a href=\"https:\/\/bicg.com\/es\/\"><span class=\"s5\">https:\/\/www.bicg.com<\/span><\/a> dienen ausschlie\u00dflich der Information und d\u00fcrfen unter keinen Umst\u00e4nden als Verkaufsangebot, als Aufforderung zum Kauf oder als Empfehlung zum Abschluss irgendeiner sonstigen Transaktion verwendet oder betrachtet werden, es sei denn, dies ist ausdr\u00fccklich angegeben.<\/p>\n<p class=\"p2\">The Business Innovation Consulting Group&nbsp;beh\u00e4lt sich das Recht vor, die Inhalte der Website https:\/\/www.bicg.com sowie die darauf enthaltenen Links und Informationen ohne vorherige Ank\u00fcndigung zu \u00e4ndern, auszusetzen, zu l\u00f6schen oder einzuschr\u00e4nken.<\/p>\n<p class=\"p1\"><b>&nbsp;<\/b><\/p>\n<h3><b>Cookie-Erkl\u00e4rung<\/b><\/h3>\n<p class=\"p2\">Ausf\u00fchrliche Informationen \u00fcber den Einsatz und die Verarbeitung von Cookies finden Sie auf der Seite&nbsp;<a href=\"https:\/\/bicg.com\/cookie-policy\/\" target=\"_blank\">\u201eCookie-Erkl\u00e4rung\u201c <\/a>&nbsp;<\/p>\n<p class=\"p1\"><b>&nbsp;<\/b><\/p>\n<h3><b>Links zu anderen Websites<\/b><\/h3>\n<p class=\"p2\">Der Betreiber kann Ihnen \u00fcber Links den Zugriff auf Websites Dritter erm\u00f6glichen, um Sie auf zus\u00e4tzliche Informationsquellen im Internet aufmerksam zu machen, die weitere Details zu den auf der Website angebotenen Daten bieten.<\/p>\n<p class=\"p2\">Diese Links stellen weder eine Empfehlung noch eine Aufforderung zum Besuch der verlinkten Websites dar, \u00fcber die der Betreiber keinerlei Kontrolle hat. Daher \u00fcbernimmt The Business Innovation Consulting Group keine Verantwortung f\u00fcr deren Inhalt oder f\u00fcr die Ergebnisse, die Sie erhalten, wenn Sie den Links folgen.<\/p>\n<p class=\"p2\">Ebenso ist The Business Innovation Consulting Group nicht verantwortlich f\u00fcr die Links oder Verkn\u00fcpfungen, die sich auf den verlinkten Websites befinden, zu denen sie Zugang gew\u00e4hrt.<\/p>\n<p class=\"p2\">Das Setzen eines Links bedeutet in keinem Fall, dass eine Beziehung zwischen The Business Innovation Consulting Group und dem Eigent\u00fcmer der verlinkten Website besteht oder dass The Business Innovation Consulting Group sich deren Inhalte oder Dienstleistungen zu eigen macht oder diese unterst\u00fctzt.<\/p>\n<p class=\"p2\">Wenn Sie \u00fcber einen auf&nbsp;<span class=\"s5\"><a href=\"https:\/\/bicg.com\/es\/\">https:\/\/www.bicg.com<\/a><\/span>&nbsp;eingerichteten Link auf eine externe Website gelangen, sollten Sie deren Datenschutzerkl\u00e4rung lesen, da sich diese von der unseren unterscheiden kann.<\/p>\n<p class=\"p1\"><b>&nbsp;<\/b><\/p>\n<h3><b>Urheberrechte und gewerbliche Schutzrechte<\/b><\/h3>\n<p class=\"p2\">Alle Rechte vorbehalten.<\/p>\n<p class=\"p2\">Jeder Zugriff auf diese Website unterliegt den folgenden Bedingungen: Das Reproduzieren, dauerhafte Speichern, Verbreiten oder jede sonstige Nutzung der Inhalte f\u00fcr \u00f6ffentliche oder kommerzielle Zwecke ist ohne die vorherige ausdr\u00fcckliche schriftliche Zustimmung von The Business Innovation Consulting Group streng untersagt.<\/p>\n<p class=\"p1\"><b>&nbsp;<\/b><\/p>\n<h3><b>Haftungsbeschr\u00e4nkung<\/b><\/h3>\n<p class=\"p2\">The Business Innovation Consulting Group lehnt jede Haftung f\u00fcr m\u00f6gliche Unterbrechungen oder Fehlfunktionen der im Internet angebotenen Dienste und Inhalte unabh\u00e4ngig von deren Ursache ab. Ebenso haftet der Website-Betreiber nicht f\u00fcr Netzausf\u00e4lle, daraus resultierende Gesch\u00e4ftsverluste, vor\u00fcbergehende Stromunterbrechungen oder sonstige indirekte Sch\u00e4den, die durch Ursachen au\u00dferhalb seines Einflussbereichs entstehen. <\/p>\n<p class=\"p2\">Bevor Sie auf Grundlage der auf der Website bereitgestellten Informationen Entscheidungen treffen oder Ma\u00dfnahmen ergreifen, empfiehlt Ihnen der Betreiber, diese Informationen mit anderen Quellen abzugleichen.<\/p>\n<p class=\"p1\"><b>&nbsp;<\/b><\/p>\n<h3><b>Gerichtsstand<\/b><\/h3>\n<p class=\"p2\">Dieser Rechtshinweis unterliegt ausschlie\u00dflich dem spanischen Recht.<\/p>\n<p class=\"p1\"><b>&nbsp;<\/b><\/p>\n<h3><b>Kontakt<\/b><\/h3>\n<p class=\"p2\">Wenn Sie Fragen zu den vorliegenden Allgemeinen Gesch\u00e4ftsbedingungen haben oder Anmerkungen zu dieser Website machen m\u00f6chten, senden Sie uns bitte eine E-Mail an info@bicg.com.<\/p>\n<p class=\"p2\">\n<\/p>\t\t\t\t\t\t\t\t<\/div>\n\t\t\t\t<\/div>\n\t\t\t\t\t<\/div>\n\t\t<\/div>\n\t\t\t\t\t<\/div>\n\t\t<\/section>\n\t\t\t\t<\/div>\n\t\t","protected":false},"excerpt":{"rendered":"<p>Rechtshinweis Angaben zum Betreiber der Website Gem\u00e4\u00df den Bestimmungen von Artikel 10 des spanischen Gesetzes 34\/2002 vom 11. Juli 2002 \u00fcber die Dienste der Informationsgesellschaft und den elektronischen Gesch\u00e4ftsverkehr (LSSI-CE) werden nachstehend die folgenden Informationen zum Betreiber der Website bereitgestellt: Website-Betreiber:&nbsp;The Business Innovation Consulting Group. Steueridentifikationsnummer (NIF):&nbsp;B82355843 Eingetragen im Handelsregister von Madrid in Band 14.283, [&hellip;]<\/p>\n","protected":false},"author":1,"featured_media":0,"parent":0,"menu_order":0,"comment_status":"closed","ping_status":"closed","template":"","meta":{"footnotes":""},"class_list":["post-7911","page","type-page","status-publish","hentry"],"_links":{"self":[{"href":"https:\/\/bicg.com\/de\/wp-json\/wp\/v2\/pages\/7911","targetHints":{"allow":["GET"]}}],"collection":[{"href":"https:\/\/bicg.com\/de\/wp-json\/wp\/v2\/pages"}],"about":[{"href":"https:\/\/bicg.com\/de\/wp-json\/wp\/v2\/types\/page"}],"author":[{"embeddable":true,"href":"https:\/\/bicg.com\/de\/wp-json\/wp\/v2\/users\/1"}],"replies":[{"embeddable":true,"href":"https:\/\/bicg.com\/de\/wp-json\/wp\/v2\/comments?post=7911"}],"version-history":[{"count":3,"href":"https:\/\/bicg.com\/de\/wp-json\/wp\/v2\/pages\/7911\/revisions"}],"predecessor-version":[{"id":9069,"href":"https:\/\/bicg.com\/de\/wp-json\/wp\/v2\/pages\/7911\/revisions\/9069"}],"wp:attachment":[{"href":"https:\/\/bicg.com\/de\/wp-json\/wp\/v2\/media?parent=7911"}],"curies":[{"name":"wp","href":"https:\/\/api.w.org\/{rel}","templated":true}]}}