{"id":6231,"date":"2024-01-23T17:44:10","date_gmt":"2024-01-23T16:44:10","guid":{"rendered":"https:\/\/bicg.com\/portal-pfeifenblaser\/"},"modified":"2025-02-17T09:33:24","modified_gmt":"2025-02-17T08:33:24","slug":"portal-pfeifenblaser","status":"publish","type":"page","link":"https:\/\/bicg.com\/de\/portal-pfeifenblaser\/","title":{"rendered":"Hinweisgeberportal"},"content":{"rendered":"\t\t<div data-elementor-type=\"wp-page\" data-elementor-id=\"6231\" class=\"elementor elementor-6231 elementor-2277\" data-elementor-post-type=\"page\">\n\t\t\t\t<div class=\"elementor-element elementor-element-d916c8d e-flex e-con-boxed e-con e-parent\" data-id=\"d916c8d\" data-element_type=\"container\" data-e-type=\"container\">\n\t\t\t\t\t<div class=\"e-con-inner\">\n\t\t<div class=\"elementor-element elementor-element-6abc9ae e-flex e-con-boxed e-con e-child\" data-id=\"6abc9ae\" data-element_type=\"container\" data-e-type=\"container\">\n\t\t\t\t\t<div class=\"e-con-inner\">\n\t\t\t\t<div class=\"elementor-element elementor-element-8758ea7 elementor-widget elementor-widget-heading\" data-id=\"8758ea7\" data-element_type=\"widget\" data-e-type=\"widget\" data-widget_type=\"heading.default\">\n\t\t\t\t<div class=\"elementor-widget-container\">\n\t\t\t\t\t<h3 class=\"elementor-heading-title elementor-size-default\">Hinweisgeberportal<\/h3>\t\t\t\t<\/div>\n\t\t\t\t<\/div>\n\t\t\t\t<div class=\"elementor-element elementor-element-53ed64c elementor-widget elementor-widget-text-editor\" data-id=\"53ed64c\" data-element_type=\"widget\" data-e-type=\"widget\" data-widget_type=\"text-editor.default\">\n\t\t\t\t<div class=\"elementor-widget-container\">\n\t\t\t\t\t\t\t\t\t<section class=\"elementor-section elementor-top-section elementor-element elementor-element-df6ee16 elementor-section-boxed elementor-section-height-default elementor-section-height-default\" data-id=\"df6ee16\" data-element_type=\"section\">\n<div class=\"elementor-container elementor-column-gap-default\">\n<div class=\"elementor-column elementor-col-100 elementor-top-column elementor-element elementor-element-fc18e0e\" data-id=\"fc18e0e\" data-element_type=\"column\">\n<div class=\"elementor-widget-wrap elementor-element-populated\">\n<div class=\"elementor-element elementor-element-c067ca3 elementor-widget elementor-widget-text-editor\" data-id=\"c067ca3\" data-element_type=\"widget\" data-widget_type=\"text-editor.default\">\n<div class=\"elementor-widget-container\">\n<p>Der Whistleblower-Kanal von bicg soll Mitarbeitern, Partnern und anderen Personen die M\u00f6glichkeit geben, Beschwerden anonym zu melden.<\/p>\n<p>Diese Meldungen werden in einem leicht verst\u00e4ndlichen Verfahren, das den bestm\u00f6glichen Schutz der Interessen der Betroffenen gew\u00e4hrleistet, in einem bicg-externen Dienst erfasst und gespeichert.<\/p>\n<\/div>\n<\/div>\n<\/div>\n<\/div>\n<\/div>\n<\/section>\n<section class=\"elementor-section elementor-top-section elementor-element elementor-element-304ece8 elementor-section-boxed elementor-section-height-default elementor-section-height-default\" data-id=\"304ece8\" data-element_type=\"section\">\n<div class=\"elementor-container elementor-column-gap-default\">\n<div class=\"elementor-column elementor-col-100 elementor-top-column elementor-element elementor-element-d991f0a\" data-id=\"d991f0a\" data-element_type=\"column\">\n<div class=\"elementor-widget-wrap elementor-element-populated\">\n<div class=\"elementor-element elementor-element-fe11350 content-align-left the7-hover-visibility-disabled transform-overlay-yes exceeding-frame-yes elementor-widget elementor-widget-the7-image-widget\" data-id=\"fe11350\" data-element_type=\"widget\" data-settings=\"{\"hover_visibility\":\"disabled\"}\" data-widget_type=\"the7-image-widget.default\">\n<div class=\"elementor-widget-container\">\n<div class=\"the7-image-container\">\n<div class=\"the7-image-wrapper the7-elementor-widget the7-transform-container\"> <\/div>\n<\/div>\n<\/div>\n<\/div>\n<\/div>\n<\/div>\n<\/div>\n<\/section>\n<section class=\"elementor-section elementor-top-section elementor-element elementor-element-cadd182 elementor-section-boxed elementor-section-height-default elementor-section-height-default\" data-id=\"cadd182\" data-element_type=\"section\">\n<div class=\"elementor-container elementor-column-gap-default\">\n<div class=\"elementor-column elementor-col-100 elementor-top-column elementor-element elementor-element-d0c6c1c\" data-id=\"d0c6c1c\" data-element_type=\"column\">\n<div class=\"elementor-widget-wrap elementor-element-populated\">\n<div class=\"elementor-element elementor-element-dc34bf8 elementor-widget elementor-widget-text-editor\" data-id=\"dc34bf8\" data-element_type=\"widget\" data-widget_type=\"text-editor.default\">\n<div class=\"elementor-widget-container\">\n<p>Sie k\u00f6nnen auf das System zugreifen, indem Sie auf den folgenden Link klicken:<\/p>\n<\/div>\n<\/div>\n<\/div>\n<\/div>\n<\/div>\n<\/section>\n\t\t\t\t\t\t\t\t<\/div>\n\t\t\t\t<\/div>\n\t\t\t\t<div class=\"elementor-element elementor-element-ea21999 elementor-align-center elementor-widget elementor-widget-button\" data-id=\"ea21999\" data-element_type=\"widget\" data-e-type=\"widget\" data-widget_type=\"button.default\">\n\t\t\t\t<div class=\"elementor-widget-container\">\n\t\t\t\t\t\t\t\t\t<div class=\"elementor-button-wrapper\">\n\t\t\t\t\t<a class=\"elementor-button elementor-button-link elementor-size-sm\" href=\"https:\/\/bicg.personiowhistleblowing.com\/\" target=\"_blank\" rel=\"nofollow\">\n\t\t\t\t\t\t<span class=\"elementor-button-content-wrapper\">\n\t\t\t\t\t\t\t\t\t<span class=\"elementor-button-text\">Zugang<\/span>\n\t\t\t\t\t<\/span>\n\t\t\t\t\t<\/a>\n\t\t\t\t<\/div>\n\t\t\t\t\t\t\t\t<\/div>\n\t\t\t\t<\/div>\n\t\t\t\t\t<\/div>\n\t\t\t\t<\/div>\n\t\t<div class=\"elementor-element elementor-element-eb43d57 e-flex e-con-boxed e-con e-child\" data-id=\"eb43d57\" data-element_type=\"container\" data-e-type=\"container\">\n\t\t\t\t\t<div class=\"e-con-inner\">\n\t\t\t\t<div class=\"elementor-element elementor-element-fc2761c elementor-widget elementor-widget-image\" data-id=\"fc2761c\" data-element_type=\"widget\" data-e-type=\"widget\" data-widget_type=\"image.default\">\n\t\t\t\t<div class=\"elementor-widget-container\">\n\t\t\t\t\t\t\t\t\t\t\t\t\t\t\t<img fetchpriority=\"high\" decoding=\"async\" width=\"700\" height=\"700\" src=\"https:\/\/bicg.com\/wp-content\/uploads\/2024\/02\/Whistlebowing.png\" class=\"attachment-full size-full wp-image-4046\" alt=\"\" srcset=\"https:\/\/bicg.com\/wp-content\/uploads\/2024\/02\/Whistlebowing.png 700w, https:\/\/bicg.com\/wp-content\/uploads\/2024\/02\/Whistlebowing-300x300.png 300w, https:\/\/bicg.com\/wp-content\/uploads\/2024\/02\/Whistlebowing-150x150.png 150w\" sizes=\"(max-width: 700px) 100vw, 700px\" \/>\t\t\t\t\t\t\t\t\t\t\t\t\t\t\t<\/div>\n\t\t\t\t<\/div>\n\t\t\t\t\t<\/div>\n\t\t\t\t<\/div>\n\t\t\t\t\t<\/div>\n\t\t\t\t<\/div>\n\t\t\t\t<\/div>\n\t\t","protected":false},"excerpt":{"rendered":"<p>Hinweisgeberportal Der Whistleblower-Kanal von bicg soll Mitarbeitern, Partnern und anderen Personen die M\u00f6glichkeit geben, Beschwerden anonym zu melden. Diese Meldungen werden in einem leicht verst\u00e4ndlichen Verfahren, das den bestm\u00f6glichen Schutz der Interessen der Betroffenen gew\u00e4hrleistet, in einem bicg-externen Dienst erfasst und gespeichert. Sie k\u00f6nnen auf das System zugreifen, indem Sie auf den folgenden Link klicken: [&hellip;]<\/p>\n","protected":false},"author":1,"featured_media":0,"parent":0,"menu_order":0,"comment_status":"closed","ping_status":"closed","template":"","meta":{"footnotes":""},"class_list":["post-6231","page","type-page","status-publish","hentry"],"_links":{"self":[{"href":"https:\/\/bicg.com\/de\/wp-json\/wp\/v2\/pages\/6231","targetHints":{"allow":["GET"]}}],"collection":[{"href":"https:\/\/bicg.com\/de\/wp-json\/wp\/v2\/pages"}],"about":[{"href":"https:\/\/bicg.com\/de\/wp-json\/wp\/v2\/types\/page"}],"author":[{"embeddable":true,"href":"https:\/\/bicg.com\/de\/wp-json\/wp\/v2\/users\/1"}],"replies":[{"embeddable":true,"href":"https:\/\/bicg.com\/de\/wp-json\/wp\/v2\/comments?post=6231"}],"version-history":[{"count":3,"href":"https:\/\/bicg.com\/de\/wp-json\/wp\/v2\/pages\/6231\/revisions"}],"predecessor-version":[{"id":8794,"href":"https:\/\/bicg.com\/de\/wp-json\/wp\/v2\/pages\/6231\/revisions\/8794"}],"wp:attachment":[{"href":"https:\/\/bicg.com\/de\/wp-json\/wp\/v2\/media?parent=6231"}],"curies":[{"name":"wp","href":"https:\/\/api.w.org\/{rel}","templated":true}]}}