{"id":6173,"date":"2023-12-18T22:55:09","date_gmt":"2023-12-18T21:55:09","guid":{"rendered":"https:\/\/bicg.com\/ressourcen\/medien\/"},"modified":"2024-08-29T06:19:39","modified_gmt":"2024-08-29T04:19:39","slug":"medien","status":"publish","type":"page","link":"https:\/\/bicg.com\/de\/ressourcen\/medien\/","title":{"rendered":"Medien"},"content":{"rendered":"\t\t<div data-elementor-type=\"wp-page\" data-elementor-id=\"6173\" class=\"elementor elementor-6173 elementor-1795\" data-elementor-post-type=\"page\">\n\t\t\t\t<div class=\"elementor-element elementor-element-cc2c3bd e-flex e-con-boxed e-con e-parent\" data-id=\"cc2c3bd\" data-element_type=\"container\" data-e-type=\"container\">\n\t\t\t\t\t<div class=\"e-con-inner\">\n\t\t\t\t<div class=\"elementor-element elementor-element-e01ab84 elementor-widget elementor-widget-spacer\" data-id=\"e01ab84\" data-element_type=\"widget\" data-e-type=\"widget\" data-widget_type=\"spacer.default\">\n\t\t\t\t<div class=\"elementor-widget-container\">\n\t\t\t\t\t\t\t<div class=\"elementor-spacer\">\n\t\t\t<div class=\"elementor-spacer-inner\"><\/div>\n\t\t<\/div>\n\t\t\t\t\t\t<\/div>\n\t\t\t\t<\/div>\n\t\t\t\t\t<\/div>\n\t\t\t\t<\/div>\n\t\t<div class=\"elementor-element elementor-element-3aefeef e-flex e-con-boxed e-con e-parent\" data-id=\"3aefeef\" data-element_type=\"container\" data-e-type=\"container\">\n\t\t\t\t\t<div class=\"e-con-inner\">\n\t\t<div class=\"elementor-element elementor-element-6ba637e e-flex e-con-boxed e-con e-child\" data-id=\"6ba637e\" data-element_type=\"container\" data-e-type=\"container\">\n\t\t\t\t\t<div class=\"e-con-inner\">\n\t\t\t\t<div class=\"elementor-element elementor-element-ac0a611 elementor-widget elementor-widget-heading\" data-id=\"ac0a611\" data-element_type=\"widget\" data-e-type=\"widget\" data-widget_type=\"heading.default\">\n\t\t\t\t<div class=\"elementor-widget-container\">\n\t\t\t\t\t<h2 class=\"elementor-heading-title elementor-size-default\">MEDIEN<\/h2>\t\t\t\t<\/div>\n\t\t\t\t<\/div>\n\t\t\t\t\t<\/div>\n\t\t\t\t<\/div>\n\t\t\t\t\t<\/div>\n\t\t\t\t<\/div>\n\t\t<div class=\"elementor-element elementor-element-8b817d1 e-flex e-con-boxed e-con e-parent\" data-id=\"8b817d1\" data-element_type=\"container\" data-e-type=\"container\">\n\t\t\t\t\t<div class=\"e-con-inner\">\n\t\t<div class=\"elementor-element elementor-element-282409e e-flex e-con-boxed e-con e-child\" data-id=\"282409e\" data-element_type=\"container\" data-e-type=\"container\">\n\t\t\t\t\t<div class=\"e-con-inner\">\n\t\t<div class=\"elementor-element elementor-element-1b23add e-flex e-con-boxed e-con e-child\" data-id=\"1b23add\" data-element_type=\"container\" data-e-type=\"container\">\n\t\t\t\t\t<div class=\"e-con-inner\">\n\t\t\t\t<div class=\"elementor-element elementor-element-71a6541 elementor-widget-divider--view-line elementor-widget elementor-widget-divider\" data-id=\"71a6541\" data-element_type=\"widget\" data-e-type=\"widget\" data-widget_type=\"divider.default\">\n\t\t\t\t<div class=\"elementor-widget-container\">\n\t\t\t\t\t\t\t<div class=\"elementor-divider\">\n\t\t\t<span class=\"elementor-divider-separator\">\n\t\t\t\t\t\t<\/span>\n\t\t<\/div>\n\t\t\t\t\t\t<\/div>\n\t\t\t\t<\/div>\n\t\t<div class=\"elementor-element elementor-element-58dfe53 e-flex e-con-boxed e-con e-child\" data-id=\"58dfe53\" data-element_type=\"container\" data-e-type=\"container\">\n\t\t\t\t\t<div class=\"e-con-inner\">\n\t\t\t\t<div class=\"elementor-element elementor-element-879370d elementor-widget elementor-widget-tp-blog-listout\" data-id=\"879370d\" data-element_type=\"widget\" data-e-type=\"widget\" data-widget_type=\"tp-blog-listout.default\">\n\t\t\t\t\t<div id=\"pt-plus-blog-post-list\" class=\"blog-list post69eebdbc3a4b4  list-isotope  blog-style-2 hover-image-style-1 layout-style-2  animate-general\"  data-layout-type=\"fitRows\"   data-id=\"post69eebdbc3a4b4\" data-style=\"style-2\"  data-animate-type=\"transition.fadeIn\" data-animate-delay=\"50\" data-animate-offset=\"85%\"  dir= data-enable-isotope=\"1\" filter-type = \"normal\"><div id=\"post69eebdbc3a4b4\" class=\"tp-row post-inner-loop post69eebdbc3a4b4 text-left   tp-listing-preloader\" data-extparam= '{\"loading-opt\":\"skeleton\",\"URL-para\":\"\"}'  ><div class=\"grid-item metro-item  tp-col-lg-3 tp-col-md-3 tp-col-sm-6 tp-col-6  \"><article id=\"post-9564\" class=\"post-9564 post type-post status-publish format-standard has-post-thumbnail hentry category-medien\">\n\t<div class=\"blog-list-content\">\n\t\t\t\t<div class=\"post-content-image\">\n\t\t\t<a href=\"https:\/\/bicg.com\/de\/artikel-wie-samsung-und-nestle-fachkraefte-in-die-bueros-locken-frankfurter-allgemeine\/\">\n\t\t\t\t\t<div class=\"blog-featured-image \">\n\t<span class=\"thumb-wrap\">\n\t\t<img fetchpriority=\"high\" decoding=\"async\" width=\"521\" height=\"521\" src=\"https:\/\/bicg.com\/wp-content\/uploads\/2025\/04\/Articulo-Inaki.png\" class=\"attachment-tp-image-grid size-tp-image-grid\" alt=\"\" srcset=\"https:\/\/bicg.com\/wp-content\/uploads\/2025\/04\/Articulo-Inaki.png 521w, https:\/\/bicg.com\/wp-content\/uploads\/2025\/04\/Articulo-Inaki-300x300.png 300w, https:\/\/bicg.com\/wp-content\/uploads\/2025\/04\/Articulo-Inaki-150x150.png 150w\" sizes=\"(max-width: 521px) 100vw, 521px\" \/>\t<\/span>\n\t<\/div>\n\t\t\t<\/a>\n\t\t\t\t\t<\/div>\n\t\t\t\t<div class=\"post-content-bottom\">\n\t\t\t\t\t\t<div class=\"post-metro-content\">\n\t\t\t\t<h3 class=\"post-title\">\n\t<a href=\"https:\/\/bicg.com\/de\/artikel-wie-samsung-und-nestle-fachkraefte-in-die-bueros-locken-frankfurter-allgemeine\/\" class=\"normal\">Artikel: Wie Samsung und Nestl\u00e9 Fachkr\u00e4fte in die B\u00fcros locken &#8211; Frankfurter Allgemeine<\/a>\n<\/h3>\n\t\t\t\t\t\t\t\t\t\t\t<\/div>\n\t\t<\/div>\n\t\t\t\t\t<\/div>\n<\/article>\n<\/div><div class=\"grid-item metro-item  tp-col-lg-3 tp-col-md-3 tp-col-sm-6 tp-col-6  \"><article id=\"post-9062\" class=\"post-9062 post type-post status-publish format-standard has-post-thumbnail hentry category-medien tag-podcast-de\">\n\t<div class=\"blog-list-content\">\n\t\t\t\t<div class=\"post-content-image\">\n\t\t\t<a href=\"https:\/\/bicg.com\/de\/podcast-fuehren-der-transformation-des-arbeitsplatzes-fuehrung-kultur-und-die-zukunft-der-arbeit\/\">\n\t\t\t\t\t<div class=\"blog-featured-image \">\n\t<span class=\"thumb-wrap\">\n\t\t<img decoding=\"async\" width=\"700\" height=\"700\" src=\"https:\/\/bicg.com\/wp-content\/uploads\/2025\/03\/Thumbs_Alejandra_Boluda_Tranformacion-700x700.png\" class=\"attachment-tp-image-grid size-tp-image-grid\" alt=\"\" srcset=\"https:\/\/bicg.com\/wp-content\/uploads\/2025\/03\/Thumbs_Alejandra_Boluda_Tranformacion-700x700.png 700w, https:\/\/bicg.com\/wp-content\/uploads\/2025\/03\/Thumbs_Alejandra_Boluda_Tranformacion-300x300.png 300w, https:\/\/bicg.com\/wp-content\/uploads\/2025\/03\/Thumbs_Alejandra_Boluda_Tranformacion-1024x1024.png 1024w, https:\/\/bicg.com\/wp-content\/uploads\/2025\/03\/Thumbs_Alejandra_Boluda_Tranformacion-150x150.png 150w, https:\/\/bicg.com\/wp-content\/uploads\/2025\/03\/Thumbs_Alejandra_Boluda_Tranformacion-768x768.png 768w, https:\/\/bicg.com\/wp-content\/uploads\/2025\/03\/Thumbs_Alejandra_Boluda_Tranformacion-1536x1536.png 1536w, https:\/\/bicg.com\/wp-content\/uploads\/2025\/03\/Thumbs_Alejandra_Boluda_Tranformacion-2048x2048.png 2048w\" sizes=\"(max-width: 700px) 100vw, 700px\" \/>\t<\/span>\n\t<\/div>\n\t\t\t<\/a>\n\t\t\t\t\t<\/div>\n\t\t\t\t<div class=\"post-content-bottom\">\n\t\t\t\t\t\t<div class=\"post-metro-content\">\n\t\t\t\t<h3 class=\"post-title\">\n\t<a href=\"https:\/\/bicg.com\/de\/podcast-fuehren-der-transformation-des-arbeitsplatzes-fuehrung-kultur-und-die-zukunft-der-arbeit\/\" class=\"normal\">Podcast: F\u00fchren der Transformation des Arbeitsplatzes: F\u00fchrung, Kultur und die Zukunft der Arbeit.<\/a>\n<\/h3>\n\t\t\t\t\t\t\t\t\t\t\t<\/div>\n\t\t<\/div>\n\t\t\t\t\t<\/div>\n<\/article>\n<\/div><\/div><\/div>\t\t\t\t<\/div>\n\t\t\t\t\t<\/div>\n\t\t\t\t<\/div>\n\t\t\t\t\t<\/div>\n\t\t\t\t<\/div>\n\t\t\t\t\t<\/div>\n\t\t\t\t<\/div>\n\t\t\t\t\t<\/div>\n\t\t\t\t<\/div>\n\t\t<div class=\"elementor-element elementor-element-668399b e-flex e-con-boxed e-con e-parent\" data-id=\"668399b\" data-element_type=\"container\" data-e-type=\"container\">\n\t\t\t\t\t<div class=\"e-con-inner\">\n\t\t\t\t<div class=\"elementor-element elementor-element-12406a9 elementor-widget elementor-widget-spacer\" data-id=\"12406a9\" data-element_type=\"widget\" data-e-type=\"widget\" data-widget_type=\"spacer.default\">\n\t\t\t\t<div class=\"elementor-widget-container\">\n\t\t\t\t\t\t\t<div class=\"elementor-spacer\">\n\t\t\t<div class=\"elementor-spacer-inner\"><\/div>\n\t\t<\/div>\n\t\t\t\t\t\t<\/div>\n\t\t\t\t<\/div>\n\t\t\t\t\t<\/div>\n\t\t\t\t<\/div>\n\t\t\t\t<\/div>\n\t\t","protected":false},"excerpt":{"rendered":"<p>MEDIEN Podcast: Cambio y Cultura &#8211; Claves para una Transformaci\u00f3n integral. Art\u00edculo: Urbaser traslada su sede de Madrid a unas oficinas m\u00e1s sostenibles &#8211; Expansi\u00f3n Entrevista I\u00f1aki Lozano: El Economista Podcast: De espacios limitados a ecosistemas flexibles<\/p>\n","protected":false},"author":1,"featured_media":0,"parent":6119,"menu_order":0,"comment_status":"closed","ping_status":"closed","template":"","meta":{"footnotes":""},"class_list":["post-6173","page","type-page","status-publish","hentry"],"_links":{"self":[{"href":"https:\/\/bicg.com\/de\/wp-json\/wp\/v2\/pages\/6173","targetHints":{"allow":["GET"]}}],"collection":[{"href":"https:\/\/bicg.com\/de\/wp-json\/wp\/v2\/pages"}],"about":[{"href":"https:\/\/bicg.com\/de\/wp-json\/wp\/v2\/types\/page"}],"author":[{"embeddable":true,"href":"https:\/\/bicg.com\/de\/wp-json\/wp\/v2\/users\/1"}],"replies":[{"embeddable":true,"href":"https:\/\/bicg.com\/de\/wp-json\/wp\/v2\/comments?post=6173"}],"version-history":[{"count":1,"href":"https:\/\/bicg.com\/de\/wp-json\/wp\/v2\/pages\/6173\/revisions"}],"predecessor-version":[{"id":6174,"href":"https:\/\/bicg.com\/de\/wp-json\/wp\/v2\/pages\/6173\/revisions\/6174"}],"up":[{"embeddable":true,"href":"https:\/\/bicg.com\/de\/wp-json\/wp\/v2\/pages\/6119"}],"wp:attachment":[{"href":"https:\/\/bicg.com\/de\/wp-json\/wp\/v2\/media?parent=6173"}],"curies":[{"name":"wp","href":"https:\/\/api.w.org\/{rel}","templated":true}]}}