{"id":6171,"date":"2023-12-18T23:03:25","date_gmt":"2023-12-18T22:03:25","guid":{"rendered":"https:\/\/bicg.com\/ressourcen\/insights\/"},"modified":"2024-08-29T06:19:19","modified_gmt":"2024-08-29T04:19:19","slug":"insights","status":"publish","type":"page","link":"https:\/\/bicg.com\/de\/ressourcen\/insights\/","title":{"rendered":"Insights"},"content":{"rendered":"\t\t<div data-elementor-type=\"wp-page\" data-elementor-id=\"6171\" class=\"elementor elementor-6171 elementor-1804\" data-elementor-post-type=\"page\">\n\t\t\t\t<div class=\"elementor-element elementor-element-cc2c3bd e-flex e-con-boxed e-con e-parent\" data-id=\"cc2c3bd\" data-element_type=\"container\" data-e-type=\"container\">\n\t\t\t\t\t<div class=\"e-con-inner\">\n\t\t\t\t<div class=\"elementor-element elementor-element-e01ab84 elementor-widget elementor-widget-spacer\" data-id=\"e01ab84\" data-element_type=\"widget\" data-e-type=\"widget\" data-widget_type=\"spacer.default\">\n\t\t\t\t<div class=\"elementor-widget-container\">\n\t\t\t\t\t\t\t<div class=\"elementor-spacer\">\n\t\t\t<div class=\"elementor-spacer-inner\"><\/div>\n\t\t<\/div>\n\t\t\t\t\t\t<\/div>\n\t\t\t\t<\/div>\n\t\t\t\t\t<\/div>\n\t\t\t\t<\/div>\n\t\t<div class=\"elementor-element elementor-element-3aefeef e-flex e-con-boxed e-con e-parent\" data-id=\"3aefeef\" data-element_type=\"container\" data-e-type=\"container\">\n\t\t\t\t\t<div class=\"e-con-inner\">\n\t\t<div class=\"elementor-element elementor-element-6ba637e e-flex e-con-boxed e-con e-child\" data-id=\"6ba637e\" data-element_type=\"container\" data-e-type=\"container\">\n\t\t\t\t\t<div class=\"e-con-inner\">\n\t\t\t\t<div class=\"elementor-element elementor-element-ac0a611 elementor-widget elementor-widget-heading\" data-id=\"ac0a611\" data-element_type=\"widget\" data-e-type=\"widget\" data-widget_type=\"heading.default\">\n\t\t\t\t<div class=\"elementor-widget-container\">\n\t\t\t\t\t<h2 class=\"elementor-heading-title elementor-size-default\">INSIGHTS<\/h2>\t\t\t\t<\/div>\n\t\t\t\t<\/div>\n\t\t\t\t\t<\/div>\n\t\t\t\t<\/div>\n\t\t\t\t\t<\/div>\n\t\t\t\t<\/div>\n\t\t<div class=\"elementor-element elementor-element-8b817d1 e-flex e-con-boxed e-con e-parent\" data-id=\"8b817d1\" data-element_type=\"container\" data-e-type=\"container\">\n\t\t\t\t\t<div class=\"e-con-inner\">\n\t\t<div class=\"elementor-element elementor-element-282409e e-flex e-con-boxed e-con e-child\" data-id=\"282409e\" data-element_type=\"container\" data-e-type=\"container\">\n\t\t\t\t\t<div class=\"e-con-inner\">\n\t\t<div class=\"elementor-element elementor-element-1b23add e-flex e-con-boxed e-con e-child\" data-id=\"1b23add\" data-element_type=\"container\" data-e-type=\"container\">\n\t\t\t\t\t<div class=\"e-con-inner\">\n\t\t\t\t<div class=\"elementor-element elementor-element-71a6541 elementor-widget-divider--view-line elementor-widget elementor-widget-divider\" data-id=\"71a6541\" data-element_type=\"widget\" data-e-type=\"widget\" data-widget_type=\"divider.default\">\n\t\t\t\t<div class=\"elementor-widget-container\">\n\t\t\t\t\t\t\t<div class=\"elementor-divider\">\n\t\t\t<span class=\"elementor-divider-separator\">\n\t\t\t\t\t\t<\/span>\n\t\t<\/div>\n\t\t\t\t\t\t<\/div>\n\t\t\t\t<\/div>\n\t\t<div class=\"elementor-element elementor-element-58dfe53 e-flex e-con-boxed e-con e-child\" data-id=\"58dfe53\" data-element_type=\"container\" data-e-type=\"container\">\n\t\t\t\t\t<div class=\"e-con-inner\">\n\t\t\t\t<div class=\"elementor-element elementor-element-879370d elementor-widget elementor-widget-tp-blog-listout\" data-id=\"879370d\" data-element_type=\"widget\" data-e-type=\"widget\" data-widget_type=\"tp-blog-listout.default\">\n\t\t\t\t\t<div id=\"pt-plus-blog-post-list\" class=\"blog-list post69f22a92eb177  list-isotope  blog-style-2 hover-image-style-1 layout-style-2  animate-general\"  data-layout-type=\"fitRows\"   data-id=\"post69f22a92eb177\" data-style=\"style-2\"  data-animate-type=\"transition.fadeIn\" data-animate-delay=\"50\" data-animate-offset=\"85%\"  dir= data-enable-isotope=\"1\" filter-type = \"normal\"><div id=\"post69f22a92eb177\" class=\"tp-row post-inner-loop post69f22a92eb177 text-left   tp-listing-preloader\" data-extparam= '{\"loading-opt\":\"skeleton\",\"URL-para\":\"\"}'  ><div class=\"grid-item metro-item  tp-col-lg-3 tp-col-md-3 tp-col-sm-6 tp-col-6  \"><article id=\"post-7901\" class=\"post-7901 post type-post status-publish format-standard has-post-thumbnail hentry category-insights-de\">\n\t<div class=\"blog-list-content\">\n\t\t\t\t<div class=\"post-content-image\">\n\t\t\t<a href=\"https:\/\/bicg.com\/de\/using-new-ways-of-working-to-boost-senior-talent-management\/\">\n\t\t\t\t\t<div class=\"blog-featured-image \">\n\t<span class=\"thumb-wrap\">\n\t\t<img fetchpriority=\"high\" decoding=\"async\" width=\"500\" height=\"501\" src=\"https:\/\/bicg.com\/wp-content\/uploads\/2024\/11\/Thumb-Insights-Ale-Senior-Talent.jpg\" class=\"attachment-tp-image-grid size-tp-image-grid\" alt=\"\" srcset=\"https:\/\/bicg.com\/wp-content\/uploads\/2024\/11\/Thumb-Insights-Ale-Senior-Talent.jpg 500w, https:\/\/bicg.com\/wp-content\/uploads\/2024\/11\/Thumb-Insights-Ale-Senior-Talent-300x300.jpg 300w, https:\/\/bicg.com\/wp-content\/uploads\/2024\/11\/Thumb-Insights-Ale-Senior-Talent-150x150.jpg 150w\" sizes=\"(max-width: 500px) 100vw, 500px\" \/>\t<\/span>\n\t<\/div>\n\t\t\t<\/a>\n\t\t\t\t\t<\/div>\n\t\t\t\t<div class=\"post-content-bottom\">\n\t\t\t\t\t\t<div class=\"post-metro-content\">\n\t\t\t\t<h3 class=\"post-title\">\n\t<a href=\"https:\/\/bicg.com\/de\/using-new-ways-of-working-to-boost-senior-talent-management\/\" class=\"normal\">Using New Ways of Working to boost senior talent management<\/a>\n<\/h3>\n\t\t\t\t\t\t\t\t\t\t\t<\/div>\n\t\t<\/div>\n\t\t\t\t\t<\/div>\n<\/article>\n<\/div><div class=\"grid-item metro-item  tp-col-lg-3 tp-col-md-3 tp-col-sm-6 tp-col-6  \"><article id=\"post-7759\" class=\"post-7759 post type-post status-publish format-standard has-post-thumbnail hentry category-insights-de\">\n\t<div class=\"blog-list-content\">\n\t\t\t\t<div class=\"post-content-image\">\n\t\t\t<a href=\"https:\/\/bicg.com\/de\/how-to-drive-innovation-in-a-corporate-environment\/\">\n\t\t\t\t\t<div class=\"blog-featured-image \">\n\t<span class=\"thumb-wrap\">\n\t\t<img decoding=\"async\" width=\"500\" height=\"501\" src=\"https:\/\/bicg.com\/wp-content\/uploads\/2024\/11\/Thumb-Insights-Fer-fostering-innovation.jpg\" class=\"attachment-tp-image-grid size-tp-image-grid\" alt=\"\" srcset=\"https:\/\/bicg.com\/wp-content\/uploads\/2024\/11\/Thumb-Insights-Fer-fostering-innovation.jpg 500w, https:\/\/bicg.com\/wp-content\/uploads\/2024\/11\/Thumb-Insights-Fer-fostering-innovation-300x300.jpg 300w, https:\/\/bicg.com\/wp-content\/uploads\/2024\/11\/Thumb-Insights-Fer-fostering-innovation-150x150.jpg 150w\" sizes=\"(max-width: 500px) 100vw, 500px\" \/>\t<\/span>\n\t<\/div>\n\t\t\t<\/a>\n\t\t\t\t\t<\/div>\n\t\t\t\t<div class=\"post-content-bottom\">\n\t\t\t\t\t\t<div class=\"post-metro-content\">\n\t\t\t\t<h3 class=\"post-title\">\n\t<a href=\"https:\/\/bicg.com\/de\/how-to-drive-innovation-in-a-corporate-environment\/\" class=\"normal\">How to drive innovation in a corporate environment<\/a>\n<\/h3>\n\t\t\t\t\t\t\t\t\t\t\t<\/div>\n\t\t<\/div>\n\t\t\t\t\t<\/div>\n<\/article>\n<\/div><div class=\"grid-item metro-item  tp-col-lg-3 tp-col-md-3 tp-col-sm-6 tp-col-6  \"><article id=\"post-7941\" class=\"post-7941 post type-post status-publish format-standard has-post-thumbnail hentry category-insights-de\">\n\t<div class=\"blog-list-content\">\n\t\t\t\t<div class=\"post-content-image\">\n\t\t\t<a href=\"https:\/\/bicg.com\/de\/bicg-rueckblick-2024-1999\/\">\n\t\t\t\t\t<div class=\"blog-featured-image \">\n\t<span class=\"thumb-wrap\">\n\t\t<img decoding=\"async\" width=\"500\" height=\"501\" src=\"https:\/\/bicg.com\/wp-content\/uploads\/2024\/11\/Thumb-Insights-Inaki-Look.jpg\" class=\"attachment-tp-image-grid size-tp-image-grid\" alt=\"\" srcset=\"https:\/\/bicg.com\/wp-content\/uploads\/2024\/11\/Thumb-Insights-Inaki-Look.jpg 500w, https:\/\/bicg.com\/wp-content\/uploads\/2024\/11\/Thumb-Insights-Inaki-Look-300x300.jpg 300w, https:\/\/bicg.com\/wp-content\/uploads\/2024\/11\/Thumb-Insights-Inaki-Look-150x150.jpg 150w\" sizes=\"(max-width: 500px) 100vw, 500px\" \/>\t<\/span>\n\t<\/div>\n\t\t\t<\/a>\n\t\t\t\t\t<\/div>\n\t\t\t\t<div class=\"post-content-bottom\">\n\t\t\t\t\t\t<div class=\"post-metro-content\">\n\t\t\t\t<h3 class=\"post-title\">\n\t<a href=\"https:\/\/bicg.com\/de\/bicg-rueckblick-2024-1999\/\" class=\"normal\">bicg &#8211; R\u00fcckblick 2024-1999<\/a>\n<\/h3>\n\t\t\t\t\t\t\t\t\t\t\t<\/div>\n\t\t<\/div>\n\t\t\t\t\t<\/div>\n<\/article>\n<\/div><div class=\"grid-item metro-item  tp-col-lg-3 tp-col-md-3 tp-col-sm-6 tp-col-6  \"><article id=\"post-7935\" class=\"post-7935 post type-post status-publish format-standard has-post-thumbnail hentry category-insights-de\">\n\t<div class=\"blog-list-content\">\n\t\t\t\t<div class=\"post-content-image\">\n\t\t\t<a href=\"https:\/\/bicg.com\/de\/anpassung-und-veraenderungsmanagement-strategien-fuer-ein-zeitalter-der-ungewissheit\/\">\n\t\t\t\t\t<div class=\"blog-featured-image \">\n\t<span class=\"thumb-wrap\">\n\t\t<img loading=\"lazy\" decoding=\"async\" width=\"500\" height=\"501\" src=\"https:\/\/bicg.com\/wp-content\/uploads\/2024\/11\/Thumb-Insights-Ale-Senior-Talent-copy.jpg\" class=\"attachment-tp-image-grid size-tp-image-grid\" alt=\"\" srcset=\"https:\/\/bicg.com\/wp-content\/uploads\/2024\/11\/Thumb-Insights-Ale-Senior-Talent-copy.jpg 500w, https:\/\/bicg.com\/wp-content\/uploads\/2024\/11\/Thumb-Insights-Ale-Senior-Talent-copy-300x300.jpg 300w, https:\/\/bicg.com\/wp-content\/uploads\/2024\/11\/Thumb-Insights-Ale-Senior-Talent-copy-150x150.jpg 150w\" sizes=\"(max-width: 500px) 100vw, 500px\" \/>\t<\/span>\n\t<\/div>\n\t\t\t<\/a>\n\t\t\t\t\t<\/div>\n\t\t\t\t<div class=\"post-content-bottom\">\n\t\t\t\t\t\t<div class=\"post-metro-content\">\n\t\t\t\t<h3 class=\"post-title\">\n\t<a href=\"https:\/\/bicg.com\/de\/anpassung-und-veraenderungsmanagement-strategien-fuer-ein-zeitalter-der-ungewissheit\/\" class=\"normal\">Anpassung und Ver\u00e4nderungsmanagement: Strategien f\u00fcr ein Zeitalter der Ungewissheit<\/a>\n<\/h3>\n\t\t\t\t\t\t\t\t\t\t\t<\/div>\n\t\t<\/div>\n\t\t\t\t\t<\/div>\n<\/article>\n<\/div><div class=\"grid-item metro-item  tp-col-lg-3 tp-col-md-3 tp-col-sm-6 tp-col-6  \"><article id=\"post-8121\" class=\"post-8121 post type-post status-publish format-standard has-post-thumbnail hentry category-insights-de\">\n\t<div class=\"blog-list-content\">\n\t\t\t\t<div class=\"post-content-image\">\n\t\t\t<a href=\"https:\/\/bicg.com\/de\/das-sich-weiterentwickelnde-oekosystem-der-industriearbeit-eine-dringende-und-unvermeidliche-herausforderung\/\">\n\t\t\t\t\t<div class=\"blog-featured-image \">\n\t<span class=\"thumb-wrap\">\n\t\t<img loading=\"lazy\" decoding=\"async\" width=\"500\" height=\"500\" src=\"https:\/\/bicg.com\/wp-content\/uploads\/2024\/11\/Thumb-Insights-Carlos-Industrial.jpg\" class=\"attachment-tp-image-grid size-tp-image-grid\" alt=\"\" srcset=\"https:\/\/bicg.com\/wp-content\/uploads\/2024\/11\/Thumb-Insights-Carlos-Industrial.jpg 500w, https:\/\/bicg.com\/wp-content\/uploads\/2024\/11\/Thumb-Insights-Carlos-Industrial-300x300.jpg 300w, https:\/\/bicg.com\/wp-content\/uploads\/2024\/11\/Thumb-Insights-Carlos-Industrial-150x150.jpg 150w\" sizes=\"(max-width: 500px) 100vw, 500px\" \/>\t<\/span>\n\t<\/div>\n\t\t\t<\/a>\n\t\t\t\t\t<\/div>\n\t\t\t\t<div class=\"post-content-bottom\">\n\t\t\t\t\t\t<div class=\"post-metro-content\">\n\t\t\t\t<h3 class=\"post-title\">\n\t<a href=\"https:\/\/bicg.com\/de\/das-sich-weiterentwickelnde-oekosystem-der-industriearbeit-eine-dringende-und-unvermeidliche-herausforderung\/\" class=\"normal\">Das sich weiterentwickelnde \u00d6kosystem der Industriearbeit: eine dringende und unvermeidliche Herausforderung<\/a>\n<\/h3>\n\t\t\t\t\t\t\t\t\t\t\t<\/div>\n\t\t<\/div>\n\t\t\t\t\t<\/div>\n<\/article>\n<\/div><div class=\"grid-item metro-item  tp-col-lg-3 tp-col-md-3 tp-col-sm-6 tp-col-6  \"><article id=\"post-7939\" class=\"post-7939 post type-post status-publish format-standard has-post-thumbnail hentry category-insights-de\">\n\t<div class=\"blog-list-content\">\n\t\t\t\t<div class=\"post-content-image\">\n\t\t\t<a href=\"https:\/\/bicg.com\/de\/von-ceo-zu-ceo-menschen-zurueck-ins-buero-bringen\/\">\n\t\t\t\t\t<div class=\"blog-featured-image \">\n\t<span class=\"thumb-wrap\">\n\t\t<img loading=\"lazy\" decoding=\"async\" width=\"500\" height=\"500\" src=\"https:\/\/bicg.com\/wp-content\/uploads\/2024\/01\/Thumb-Insights-Inaki-CEO2CEO.jpg\" class=\"attachment-tp-image-grid size-tp-image-grid\" alt=\"\" srcset=\"https:\/\/bicg.com\/wp-content\/uploads\/2024\/01\/Thumb-Insights-Inaki-CEO2CEO.jpg 500w, https:\/\/bicg.com\/wp-content\/uploads\/2024\/01\/Thumb-Insights-Inaki-CEO2CEO-300x300.jpg 300w, https:\/\/bicg.com\/wp-content\/uploads\/2024\/01\/Thumb-Insights-Inaki-CEO2CEO-150x150.jpg 150w\" sizes=\"(max-width: 500px) 100vw, 500px\" \/>\t<\/span>\n\t<\/div>\n\t\t\t<\/a>\n\t\t\t\t\t<\/div>\n\t\t\t\t<div class=\"post-content-bottom\">\n\t\t\t\t\t\t<div class=\"post-metro-content\">\n\t\t\t\t<h3 class=\"post-title\">\n\t<a href=\"https:\/\/bicg.com\/de\/von-ceo-zu-ceo-menschen-zurueck-ins-buero-bringen\/\" class=\"normal\">Von CEO zu CEO: Menschen zur\u00fcck ins B\u00fcro bringen<\/a>\n<\/h3>\n\t\t\t\t\t\t\t\t\t\t\t<\/div>\n\t\t<\/div>\n\t\t\t\t\t<\/div>\n<\/article>\n<\/div><div class=\"grid-item metro-item  tp-col-lg-3 tp-col-md-3 tp-col-sm-6 tp-col-6  \"><article id=\"post-7937\" class=\"post-7937 post type-post status-publish format-standard has-post-thumbnail hentry category-insights-de\">\n\t<div class=\"blog-list-content\">\n\t\t\t\t<div class=\"post-content-image\">\n\t\t\t<a href=\"https:\/\/bicg.com\/de\/liquid-real-estate-unternehmenszentralen\/\">\n\t\t\t\t\t<div class=\"blog-featured-image \">\n\t<span class=\"thumb-wrap\">\n\t\t<img loading=\"lazy\" decoding=\"async\" width=\"500\" height=\"500\" src=\"https:\/\/bicg.com\/wp-content\/uploads\/2024\/11\/Thumb-Insights-Fer-LRE.jpg\" class=\"attachment-tp-image-grid size-tp-image-grid\" alt=\"\" srcset=\"https:\/\/bicg.com\/wp-content\/uploads\/2024\/11\/Thumb-Insights-Fer-LRE.jpg 500w, https:\/\/bicg.com\/wp-content\/uploads\/2024\/11\/Thumb-Insights-Fer-LRE-300x300.jpg 300w, https:\/\/bicg.com\/wp-content\/uploads\/2024\/11\/Thumb-Insights-Fer-LRE-150x150.jpg 150w\" sizes=\"(max-width: 500px) 100vw, 500px\" \/>\t<\/span>\n\t<\/div>\n\t\t\t<\/a>\n\t\t\t\t\t<\/div>\n\t\t\t\t<div class=\"post-content-bottom\">\n\t\t\t\t\t\t<div class=\"post-metro-content\">\n\t\t\t\t<h3 class=\"post-title\">\n\t<a href=\"https:\/\/bicg.com\/de\/liquid-real-estate-unternehmenszentralen\/\" class=\"normal\">Die neuen unternehmenssitze: Ein ansatz f\u00fcr Liquid Real Estate<\/a>\n<\/h3>\n\t\t\t\t\t\t\t\t\t\t\t<\/div>\n\t\t<\/div>\n\t\t\t\t\t<\/div>\n<\/article>\n<\/div><div class=\"grid-item metro-item  tp-col-lg-3 tp-col-md-3 tp-col-sm-6 tp-col-6  \"><article id=\"post-8082\" class=\"post-8082 post type-post status-publish format-standard has-post-thumbnail hentry category-insights-de\">\n\t<div class=\"blog-list-content\">\n\t\t\t\t<div class=\"post-content-image\">\n\t\t\t<a href=\"https:\/\/bicg.com\/de\/leadership-die-grosse-ungeloeste-herausforderung\/\">\n\t\t\t\t\t<div class=\"blog-featured-image \">\n\t<span class=\"thumb-wrap\">\n\t\t<img loading=\"lazy\" decoding=\"async\" width=\"500\" height=\"500\" src=\"https:\/\/bicg.com\/wp-content\/uploads\/2024\/11\/Thumb-Insights-Ale-Leadership.jpg\" class=\"attachment-tp-image-grid size-tp-image-grid\" alt=\"\" srcset=\"https:\/\/bicg.com\/wp-content\/uploads\/2024\/11\/Thumb-Insights-Ale-Leadership.jpg 500w, https:\/\/bicg.com\/wp-content\/uploads\/2024\/11\/Thumb-Insights-Ale-Leadership-300x300.jpg 300w, https:\/\/bicg.com\/wp-content\/uploads\/2024\/11\/Thumb-Insights-Ale-Leadership-150x150.jpg 150w\" sizes=\"(max-width: 500px) 100vw, 500px\" \/>\t<\/span>\n\t<\/div>\n\t\t\t<\/a>\n\t\t\t\t\t<\/div>\n\t\t\t\t<div class=\"post-content-bottom\">\n\t\t\t\t\t\t<div class=\"post-metro-content\">\n\t\t\t\t<h3 class=\"post-title\">\n\t<a href=\"https:\/\/bicg.com\/de\/leadership-die-grosse-ungeloeste-herausforderung\/\" class=\"normal\">Leadership, die gro\u00dfe ungel\u00f6ste Herausforderung<\/a>\n<\/h3>\n\t\t\t\t\t\t\t\t\t\t\t<\/div>\n\t\t<\/div>\n\t\t\t\t\t<\/div>\n<\/article>\n<\/div><\/div><\/div>\t\t\t\t<\/div>\n\t\t\t\t\t<\/div>\n\t\t\t\t<\/div>\n\t\t\t\t\t<\/div>\n\t\t\t\t<\/div>\n\t\t\t\t\t<\/div>\n\t\t\t\t<\/div>\n\t\t\t\t\t<\/div>\n\t\t\t\t<\/div>\n\t\t<div class=\"elementor-element elementor-element-668399b e-flex e-con-boxed e-con e-parent\" data-id=\"668399b\" data-element_type=\"container\" data-e-type=\"container\">\n\t\t\t\t\t<div class=\"e-con-inner\">\n\t\t\t\t<div class=\"elementor-element elementor-element-12406a9 elementor-widget elementor-widget-spacer\" data-id=\"12406a9\" data-element_type=\"widget\" data-e-type=\"widget\" data-widget_type=\"spacer.default\">\n\t\t\t\t<div class=\"elementor-widget-container\">\n\t\t\t\t\t\t\t<div class=\"elementor-spacer\">\n\t\t\t<div class=\"elementor-spacer-inner\"><\/div>\n\t\t<\/div>\n\t\t\t\t\t\t<\/div>\n\t\t\t\t<\/div>\n\t\t\t\t\t<\/div>\n\t\t\t\t<\/div>\n\t\t\t\t<\/div>\n\t\t","protected":false},"excerpt":{"rendered":"<p>INSIGHTS bicg 2024 &#8211; 1999 Mirando atr\u00e1s Adaptaci\u00f3n y Gesti\u00f3n del Cambio: Estrategias para una Era de Incertidumbre La evoluci\u00f3n del ecosistema laboral industrial: un reto urgente e ineludible De CEO a CEO: traer a la gente de vuelta a la oficina Las Nuevas Sedes Corporativas El liderazgo, el gran reto sin resolver<\/p>\n","protected":false},"author":1,"featured_media":0,"parent":6119,"menu_order":0,"comment_status":"closed","ping_status":"closed","template":"","meta":{"footnotes":""},"class_list":["post-6171","page","type-page","status-publish","hentry"],"_links":{"self":[{"href":"https:\/\/bicg.com\/de\/wp-json\/wp\/v2\/pages\/6171","targetHints":{"allow":["GET"]}}],"collection":[{"href":"https:\/\/bicg.com\/de\/wp-json\/wp\/v2\/pages"}],"about":[{"href":"https:\/\/bicg.com\/de\/wp-json\/wp\/v2\/types\/page"}],"author":[{"embeddable":true,"href":"https:\/\/bicg.com\/de\/wp-json\/wp\/v2\/users\/1"}],"replies":[{"embeddable":true,"href":"https:\/\/bicg.com\/de\/wp-json\/wp\/v2\/comments?post=6171"}],"version-history":[{"count":1,"href":"https:\/\/bicg.com\/de\/wp-json\/wp\/v2\/pages\/6171\/revisions"}],"predecessor-version":[{"id":6172,"href":"https:\/\/bicg.com\/de\/wp-json\/wp\/v2\/pages\/6171\/revisions\/6172"}],"up":[{"embeddable":true,"href":"https:\/\/bicg.com\/de\/wp-json\/wp\/v2\/pages\/6119"}],"wp:attachment":[{"href":"https:\/\/bicg.com\/de\/wp-json\/wp\/v2\/media?parent=6171"}],"curies":[{"name":"wp","href":"https:\/\/api.w.org\/{rel}","templated":true}]}}