{"id":6107,"date":"2023-09-20T23:12:23","date_gmt":"2023-09-20T21:12:23","guid":{"rendered":"https:\/\/bicg.com\/leistungen\/digitale-suite\/"},"modified":"2025-03-13T23:20:19","modified_gmt":"2025-03-13T22:20:19","slug":"digitale-suite","status":"publish","type":"page","link":"https:\/\/bicg.com\/de\/leistungen\/digitale-suite\/","title":{"rendered":"Digitale Suite"},"content":{"rendered":"\t\t<div data-elementor-type=\"wp-page\" data-elementor-id=\"6107\" class=\"elementor elementor-6107 elementor-261\" data-elementor-post-type=\"page\">\n\t\t\t\t<div class=\"elementor-element elementor-element-0c83aa0 e-flex e-con-boxed e-con e-parent\" data-id=\"0c83aa0\" data-element_type=\"container\" data-e-type=\"container\">\n\t\t\t\t\t<div class=\"e-con-inner\">\n\t\t\t\t<div class=\"elementor-element elementor-element-1d318df elementor-widget elementor-widget-spacer\" data-id=\"1d318df\" data-element_type=\"widget\" data-e-type=\"widget\" data-widget_type=\"spacer.default\">\n\t\t\t\t<div class=\"elementor-widget-container\">\n\t\t\t\t\t\t\t<div class=\"elementor-spacer\">\n\t\t\t<div class=\"elementor-spacer-inner\"><\/div>\n\t\t<\/div>\n\t\t\t\t\t\t<\/div>\n\t\t\t\t<\/div>\n\t\t\t\t\t<\/div>\n\t\t\t\t<\/div>\n\t\t<div class=\"elementor-element elementor-element-e5be8d7 e-flex e-con-boxed e-con e-parent\" data-id=\"e5be8d7\" data-element_type=\"container\" data-e-type=\"container\">\n\t\t\t\t\t<div class=\"e-con-inner\">\n\t\t<div class=\"elementor-element elementor-element-fe5e0bb e-flex e-con-boxed e-con e-child\" data-id=\"fe5e0bb\" data-element_type=\"container\" data-e-type=\"container\">\n\t\t\t\t\t<div class=\"e-con-inner\">\n\t\t\t\t<div class=\"elementor-element elementor-element-59f8365 elementor-widget elementor-widget-heading\" data-id=\"59f8365\" data-element_type=\"widget\" data-e-type=\"widget\" data-widget_type=\"heading.default\">\n\t\t\t\t<div class=\"elementor-widget-container\">\n\t\t\t\t\t<h2 class=\"elementor-heading-title elementor-size-default\">DIGITALE SUITE<\/h2>\t\t\t\t<\/div>\n\t\t\t\t<\/div>\n\t\t\t\t<div class=\"elementor-element elementor-element-bef5616 elementor-widget-divider--view-line elementor-widget elementor-widget-divider\" data-id=\"bef5616\" data-element_type=\"widget\" data-e-type=\"widget\" data-widget_type=\"divider.default\">\n\t\t\t\t<div class=\"elementor-widget-container\">\n\t\t\t\t\t\t\t<div class=\"elementor-divider\">\n\t\t\t<span class=\"elementor-divider-separator\">\n\t\t\t\t\t\t<\/span>\n\t\t<\/div>\n\t\t\t\t\t\t<\/div>\n\t\t\t\t<\/div>\n\t\t\t\t<div class=\"elementor-element elementor-element-b989314 elementor-widget elementor-widget-heading\" data-id=\"b989314\" data-element_type=\"widget\" data-e-type=\"widget\" data-widget_type=\"heading.default\">\n\t\t\t\t<div class=\"elementor-widget-container\">\n\t\t\t\t\t<h2 class=\"elementor-heading-title elementor-size-default\">WIR R\u00dcSTEN IHRE TRANSFORMATION MIT DIGITALEN TOOLS AUS<\/h2>\t\t\t\t<\/div>\n\t\t\t\t<\/div>\n\t\t\t\t<div class=\"elementor-element elementor-element-3491fdb elementor-widget elementor-widget-text-editor\" data-id=\"3491fdb\" data-element_type=\"widget\" data-e-type=\"widget\" data-widget_type=\"text-editor.default\">\n\t\t\t\t<div class=\"elementor-widget-container\">\n\t\t\t\t\t\t\t\t\t<p>Technologie spielt in der heutigen Gesch\u00e4ftswelt eine entscheidene Rolle bei der Neugestaltung der Arbeitsorganisation. Bicg hat die hyTeams Digital-Suite entwickelt, um den Anforderungen moderner Arbeitsmodelle gerecht zu werden.<\/p>\n<p>Die umfassende Erfahrung von bicg im Bereich des organisatorischen Transformation bildet die Grundlage f\u00fcr die Entwicklung der hyTeams-Suite. Diese Suite bietet Technologien, die speziell auf die Dynamiken und Bed\u00fcrfnisse zugeschnitten sind, die sich bei der Implementierung neuer Arbeits- und Organisationsformen wie der hybriden Arbeit ergeben. Unternehmen k\u00f6nnen mit der hyTeams-Suite die Zukunft der Arbeit effektiv gestalten, indem sie robuste und fundierte Technologiel\u00f6sungen f\u00fcr effizientes und kollaboratives Management nutzen. <\/p>\n<p>Die hyTeams-Suite besteht aus drei Tools f\u00fcr die Organisation von Personalressourcen und die Optimierung des Immobilienmanagements. Diese Tools k\u00f6nnen einzeln genutzt oder aber in der leistungsstarken Suite miteinander kombiniert werden, um alle Vorteile voll auszusch\u00f6pfen. <\/p>\n\t\t\t\t\t\t\t\t<\/div>\n\t\t\t\t<\/div>\n\t\t\t\t\t<\/div>\n\t\t\t\t<\/div>\n\t\t<div class=\"elementor-element elementor-element-2fcba32 e-flex e-con-boxed e-con e-child\" data-id=\"2fcba32\" data-element_type=\"container\" data-e-type=\"container\">\n\t\t\t\t\t<div class=\"e-con-inner\">\n\t\t\t\t<div class=\"elementor-element elementor-element-602cf5f elementor-widget elementor-widget-image\" data-id=\"602cf5f\" data-element_type=\"widget\" data-e-type=\"widget\" data-widget_type=\"image.default\">\n\t\t\t\t<div class=\"elementor-widget-container\">\n\t\t\t\t\t\t\t\t\t\t\t\t\t\t\t<img fetchpriority=\"high\" decoding=\"async\" width=\"800\" height=\"1000\" src=\"https:\/\/bicg.com\/wp-content\/uploads\/2023\/10\/daniel-korpai-pKRNxEguRgM-unsplash-819x1024.jpg\" class=\"attachment-large size-large wp-image-3302\" alt=\"Soluciones digitales\" srcset=\"https:\/\/bicg.com\/wp-content\/uploads\/2023\/10\/daniel-korpai-pKRNxEguRgM-unsplash-819x1024.jpg 819w, https:\/\/bicg.com\/wp-content\/uploads\/2023\/10\/daniel-korpai-pKRNxEguRgM-unsplash-240x300.jpg 240w, https:\/\/bicg.com\/wp-content\/uploads\/2023\/10\/daniel-korpai-pKRNxEguRgM-unsplash-768x960.jpg 768w, https:\/\/bicg.com\/wp-content\/uploads\/2023\/10\/daniel-korpai-pKRNxEguRgM-unsplash-1229x1536.jpg 1229w, https:\/\/bicg.com\/wp-content\/uploads\/2023\/10\/daniel-korpai-pKRNxEguRgM-unsplash.jpg 1600w\" sizes=\"(max-width: 800px) 100vw, 800px\" \/>\t\t\t\t\t\t\t\t\t\t\t\t\t\t\t<\/div>\n\t\t\t\t<\/div>\n\t\t\t\t\t<\/div>\n\t\t\t\t<\/div>\n\t\t\t\t\t<\/div>\n\t\t\t\t<\/div>\n\t\t<div class=\"elementor-element elementor-element-771812e e-flex e-con-boxed e-con e-parent\" data-id=\"771812e\" data-element_type=\"container\" data-e-type=\"container\">\n\t\t\t\t\t<div class=\"e-con-inner\">\n\t\t\t\t<div class=\"elementor-element elementor-element-ee4edc5 elementor-widget elementor-widget-spacer\" data-id=\"ee4edc5\" data-element_type=\"widget\" data-e-type=\"widget\" data-widget_type=\"spacer.default\">\n\t\t\t\t<div class=\"elementor-widget-container\">\n\t\t\t\t\t\t\t<div class=\"elementor-spacer\">\n\t\t\t<div class=\"elementor-spacer-inner\"><\/div>\n\t\t<\/div>\n\t\t\t\t\t\t<\/div>\n\t\t\t\t<\/div>\n\t\t\t\t\t<\/div>\n\t\t\t\t<\/div>\n\t\t<div class=\"elementor-element elementor-element-bac4fcd e-flex e-con-boxed e-con e-parent\" data-id=\"bac4fcd\" data-element_type=\"container\" data-e-type=\"container\">\n\t\t\t\t\t<div class=\"e-con-inner\">\n\t\t\t\t<div class=\"elementor-element elementor-element-e3d53c3 elementor-widget elementor-widget-tp-animated-service-boxes\" data-id=\"e3d53c3\" data-element_type=\"widget\" data-e-type=\"widget\" data-widget_type=\"tp-animated-service-boxes.default\">\n\t\t\t\t<div class=\"elementor-widget-container\">\n\t\t\t\t\t<div id=\"ani_ser_box69d41ee358d0d\" class=\"pt_plus_asb_wrapper image-accordion accordion-style-2 accordion-vertical  \" data-accordion-hover=\"yes\" ><div class=\"asb_wrap_list tp-row\"><div class=\"service-item-loop       \" style=\"flex-grow: 1;\"   data-flexgrow=\"10\"   ><img decoding=\"async\" class=\"theplus-image-accordion__image-instance loaded\" src=\"https:\/\/bicg.com\/wp-content\/uploads\/2024\/02\/Thumb-Serv-Digital-1.jpg\" alt=\"\">\n<div class=\"asb-content\" >\n\t<a class=\"asb-title-link\" href=\"http:\/\/www.hyteams.app\"><h6 class=\"asb-title \">HYTEAMS<\/h6><\/a><div class=\"asb-desc\"> <p><strong>Die Synchronisierung Ihres Teams ist der Schl\u00fcssel zur Produktivit\u00e4t in hybriden Arbeitsmodellen<\/strong><\/p><p>Eine Anwendung, die unter anderem f\u00fcr die Synchronisierung hybrider Mitarbeiterteams, die Leistungs\u00fcberwachung, die statistische Analyse der hybriden Arbeit in der Organisation und die Erstellung von ONAs (Organizational Network Analysis) entwickelt wurde.<\/p><p><a href=\"https:\/\/hyteams.app\/para-equipos\/\" target=\"_blank\" rel=\"noopener\"><strong>Erfahren Sie mehr \u00fcber hyTeams &gt;<\/strong><\/a><\/p> <\/div><\/div>\n\t\n<\/div><div class=\"service-item-loop       \" style=\"flex-grow: 1;\"   data-flexgrow=\"10\"   ><img decoding=\"async\" class=\"theplus-image-accordion__image-instance loaded\" src=\"https:\/\/bicg.com\/wp-content\/uploads\/2024\/02\/Thumb-Serv-Digital-2.jpg\" alt=\"\">\n<div class=\"asb-content\" >\n\t<h6 class=\"asb-title\">BLOCKING &amp; STACKING<\/h6><div class=\"asb-desc\"> <p><strong>Nutzen Sie Ihren Raum optimal, um Ihren Teams eine einzigartige Experience zu bieten.<\/strong><\/p><p>Erstellen Sie schnell und effizient zahlreiche Blocking Stacking Szenarien. Dieses Tool nutzt Daten von hyTeams, um die Kommunikationsbeziehungen sowie die Aufteilung von Arbeitsbereichen und Teams in bestehenden oder geplanten Geb\u00e4uden zu optimieren. Dadurch wird die Effizienz gesteigert, die Raumkosten werden gesenkt, die Interaktion zwischen Bereichen und Teams verbessert, zuk\u00fcnftige Auslastungen der Geb\u00e4ude vorhergesagt und eine reibungslose Verteilung von Arbeitsbereichen und Teams erm\u00f6glicht. Zus\u00e4tzlich schafft es ein flexibles Modell f\u00fcr das Raummanagement.<\/p><p><strong><a href=\"https:\/\/bicg.com\/contact\/\">Kontaktieren Sie uns f\u00fcr eine Demo!&gt; <\/a><a href=\"https:\/\/bicg.com\/contact\/\">&gt;<\/a><\/strong><\/p> <\/div><\/div>\n\t\n<\/div><div class=\"service-item-loop       \" style=\"flex-grow: 1;\"   data-flexgrow=\"10\"   ><img decoding=\"async\" class=\"theplus-image-accordion__image-instance loaded\" src=\"https:\/\/bicg.com\/wp-content\/uploads\/2024\/02\/Thumb-Serv-Digital-3.jpg\" alt=\"\">\n<div class=\"asb-content\" >\n\t<a class=\"asb-title-link\" href=\"#\"><h6 class=\"asb-title \">PORTFOLIO TOOL<\/h6><\/a><div class=\"asb-desc\"> <p><strong>Entdecken Sie die M\u00f6glichkeiten und maximieren Sie die Rentabilit\u00e4t Ihres Immobilienportfolios<\/strong><\/p><p>Mit diesem Tool lassen sich Immobilien effektiv verwalten \u2013 sei es der Firmensitz oder ein Campus \u2013 ganz gleich in welcher Gr\u00f6\u00dfe oder an welchem Standort sie sich befinden. Ziel ist es, die Vernetzung zwischen den R\u00e4umen und Teams zu f\u00f6rdern sowie das Portfolio zu optimieren. Auf diese Weise k\u00f6nnen ungenutzte Fl\u00e4chen genutzt und Wachstumsm\u00f6glichkeiten geschaffen werden, ohne dass neue Immobilien erworben oder angemietet werden m\u00fcssen.<\/p><p><a href=\"https:\/\/bicg.com\/contact\/\"><strong>Kontaktieren Sie uns f\u00fcr eine Demo!&gt;<\/strong><\/a><\/p> <\/div><\/div>\n\t\n<\/div><\/div><\/div>\t\t\t\t<\/div>\n\t\t\t\t<\/div>\n\t\t\t\t<div class=\"elementor-element elementor-element-b7d0798 elementor-widget elementor-widget-spacer\" data-id=\"b7d0798\" data-element_type=\"widget\" data-e-type=\"widget\" data-widget_type=\"spacer.default\">\n\t\t\t\t<div class=\"elementor-widget-container\">\n\t\t\t\t\t\t\t<div class=\"elementor-spacer\">\n\t\t\t<div class=\"elementor-spacer-inner\"><\/div>\n\t\t<\/div>\n\t\t\t\t\t\t<\/div>\n\t\t\t\t<\/div>\n\t\t\t\t\t<\/div>\n\t\t\t\t<\/div>\n\t\t<div class=\"elementor-element elementor-element-cbce0d1 elementor-hidden-mobile e-flex e-con-boxed e-con e-child\" data-id=\"cbce0d1\" data-element_type=\"container\" data-e-type=\"container\">\n\t\t\t\t\t<div class=\"e-con-inner\">\n\t\t<div class=\"elementor-element elementor-element-c0b858b e-con-full e-flex e-con e-child\" data-id=\"c0b858b\" data-element_type=\"container\" data-e-type=\"container\">\n\t\t\t\t<div class=\"elementor-element elementor-element-6877246 elementor-widget elementor-widget-heading\" data-id=\"6877246\" data-element_type=\"widget\" data-e-type=\"widget\" data-widget_type=\"heading.default\">\n\t\t\t\t<div class=\"elementor-widget-container\">\n\t\t\t\t\t<h2 class=\"elementor-heading-title elementor-size-default\">Finden Sie heraus, was wir f\u00fcr Sie tun k\u00f6nnen \u2026<\/h2>\t\t\t\t<\/div>\n\t\t\t\t<\/div>\n\t\t\t\t<\/div>\n\t\t<div class=\"elementor-element elementor-element-4de009f e-flex e-con-boxed e-con e-child\" data-id=\"4de009f\" data-element_type=\"container\" data-e-type=\"container\" data-settings=\"{&quot;background_background&quot;:&quot;classic&quot;}\">\n\t\t\t\t\t<div class=\"e-con-inner\">\n\t\t\t\t<div class=\"elementor-element elementor-element-99e26d6 elementor-widget elementor-widget-video\" data-id=\"99e26d6\" data-element_type=\"widget\" data-e-type=\"widget\" data-settings=\"{&quot;video_type&quot;:&quot;vimeo&quot;}\" data-widget_type=\"video.default\">\n\t\t\t\t<div class=\"elementor-widget-container\">\n\t\t\t\t\t\t\t<div class=\"elementor-wrapper elementor-open-inline\">\n\t\t\t <div class=\"brlbs-cmpnt-container brlbs-cmpnt-content-blocker brlbs-cmpnt-with-individual-styles\" data-borlabs-cookie-content-blocker-id=\"vimeo-content-blocker\" data-borlabs-cookie-content=\"PGlmcmFtZSBjbGFzcz0iZWxlbWVudG9yLXZpZGVvLWlmcmFtZSIgYWxsb3dmdWxsc2NyZWVuIGFsbG93PSJjbGlwYm9hcmQtd3JpdGUiIHRpdGxlPSJ2aW1lbyBWaWRlbyBQbGF5ZXIiIHNyYz0iaHR0cHM6Ly9wbGF5ZXIudmltZW8uY29tL3ZpZGVvLzcxOTgwMzgzNz9jb2xvciZhbXA7YXV0b3BhdXNlPTAmYW1wO2xvb3A9MCZhbXA7bXV0ZWQ9MCZhbXA7dGl0bGU9MCZhbXA7cG9ydHJhaXQ9MCZhbXA7YnlsaW5lPTAjdD0iPjwvaWZyYW1lPg==\"><div class=\"brlbs-cmpnt-cb-preset-c brlbs-cmpnt-cb-vimeo\"> <div class=\"brlbs-cmpnt-cb-thumbnail\" style=\"background-image: url('https:\/\/bicg.com\/wp-content\/uploads\/borlabs-cookie\/1\/vimeo_719803837.jpg')\"><\/div> <div class=\"brlbs-cmpnt-cb-main\"> <div class=\"brlbs-cmpnt-cb-play-button\"><\/div> <div class=\"brlbs-cmpnt-cb-content\"> <p class=\"brlbs-cmpnt-cb-description\">Sie sehen gerade einen Platzhalterinhalt von <strong>Vimeo<\/strong>. Um auf den eigentlichen Inhalt zuzugreifen, klicken Sie auf die Schaltfl\u00e4che unten. Bitte beachten Sie, dass dabei Daten an Drittanbieter weitergegeben werden.<\/p> <a class=\"brlbs-cmpnt-cb-provider-toggle\" href=\"#\" data-borlabs-cookie-show-provider-information role=\"button\">Mehr Informationen<\/a> <\/div> <div class=\"brlbs-cmpnt-cb-buttons\"> <a class=\"brlbs-cmpnt-cb-btn\" href=\"#\" data-borlabs-cookie-unblock role=\"button\">Inhalt entsperren<\/a> <a class=\"brlbs-cmpnt-cb-btn\" href=\"#\" data-borlabs-cookie-accept-service role=\"button\" style=\"display: inherit\">Erforderlichen Service akzeptieren und Inhalte entsperren<\/a> <\/div> <\/div> <\/div><\/div>\t\t<\/div>\n\t\t\t\t\t\t<\/div>\n\t\t\t\t<\/div>\n\t\t\t\t\t<\/div>\n\t\t\t\t<\/div>\n\t\t\t\t\t<\/div>\n\t\t\t\t<\/div>\n\t\t<div class=\"elementor-element elementor-element-4a45c3f e-flex e-con-boxed e-con e-parent\" data-id=\"4a45c3f\" data-element_type=\"container\" data-e-type=\"container\">\n\t\t\t\t\t<div class=\"e-con-inner\">\n\t\t<div class=\"elementor-element elementor-element-8e8bf0a e-flex e-con-boxed e-con e-child\" data-id=\"8e8bf0a\" data-element_type=\"container\" data-e-type=\"container\">\n\t\t\t\t\t<div class=\"e-con-inner\">\n\t\t\t\t<div class=\"elementor-element elementor-element-e8ce2a7 elementor-widget elementor-widget-spacer\" data-id=\"e8ce2a7\" data-element_type=\"widget\" data-e-type=\"widget\" data-widget_type=\"spacer.default\">\n\t\t\t\t<div class=\"elementor-widget-container\">\n\t\t\t\t\t\t\t<div class=\"elementor-spacer\">\n\t\t\t<div class=\"elementor-spacer-inner\"><\/div>\n\t\t<\/div>\n\t\t\t\t\t\t<\/div>\n\t\t\t\t<\/div>\n\t\t\t\t<div class=\"elementor-element elementor-element-ca96d8b elementor-widget elementor-widget-heading\" data-id=\"ca96d8b\" data-element_type=\"widget\" data-e-type=\"widget\" data-widget_type=\"heading.default\">\n\t\t\t\t<div class=\"elementor-widget-container\">\n\t\t\t\t\t<h2 class=\"elementor-heading-title elementor-size-default\">Werfen Sie einen Blick auf unsere Fallstudie<\/h2>\t\t\t\t<\/div>\n\t\t\t\t<\/div>\n\t\t\t\t<div class=\"elementor-element elementor-element-3bf227d elementor-align-center elementor-widget__width-initial elementor-widget elementor-widget-button\" data-id=\"3bf227d\" data-element_type=\"widget\" data-e-type=\"widget\" data-widget_type=\"button.default\">\n\t\t\t\t<div class=\"elementor-widget-container\">\n\t\t\t\t\t\t\t\t\t<div class=\"elementor-button-wrapper\">\n\t\t\t\t\t<a class=\"elementor-button elementor-button-link elementor-size-sm elementor-animation-grow\" href=\"#elementor-action%3Aaction%3Dpopup%3Aopen%26settings%3DeyJpZCI6MTMzNiwidG9nZ2xlIjpmYWxzZX0%3D\">\n\t\t\t\t\t\t<span class=\"elementor-button-content-wrapper\">\n\t\t\t\t\t\t\t\t\t<span class=\"elementor-button-text\">Freier Download<\/span>\n\t\t\t\t\t<\/span>\n\t\t\t\t\t<\/a>\n\t\t\t\t<\/div>\n\t\t\t\t\t\t\t\t<\/div>\n\t\t\t\t<\/div>\n\t\t\t\t\t<\/div>\n\t\t\t\t<\/div>\n\t\t\t\t<div class=\"elementor-element elementor-element-2436d93 elementor-widget elementor-widget-spacer\" data-id=\"2436d93\" data-element_type=\"widget\" data-e-type=\"widget\" data-widget_type=\"spacer.default\">\n\t\t\t\t<div class=\"elementor-widget-container\">\n\t\t\t\t\t\t\t<div class=\"elementor-spacer\">\n\t\t\t<div class=\"elementor-spacer-inner\"><\/div>\n\t\t<\/div>\n\t\t\t\t\t\t<\/div>\n\t\t\t\t<\/div>\n\t\t<div class=\"elementor-element elementor-element-9a72038 e-flex e-con-boxed e-con e-child\" data-id=\"9a72038\" data-element_type=\"container\" data-e-type=\"container\">\n\t\t\t\t\t<div class=\"e-con-inner\">\n\t\t\t\t<div class=\"elementor-element elementor-element-6a5b808 elementor-align-center elementor-widget__width-initial elementor-widget elementor-widget-button\" data-id=\"6a5b808\" data-element_type=\"widget\" data-e-type=\"widget\" data-widget_type=\"button.default\">\n\t\t\t\t<div class=\"elementor-widget-container\">\n\t\t\t\t\t\t\t\t\t<div class=\"elementor-button-wrapper\">\n\t\t\t\t\t<a class=\"elementor-button elementor-button-link elementor-size-sm elementor-animation-grow\" href=\"#elementor-action%3Aaction%3Dpopup%3Aopen%26settings%3DeyJpZCI6NjE4OSwidG9nZ2xlIjpmYWxzZX0%3D\">\n\t\t\t\t\t\t<span class=\"elementor-button-content-wrapper\">\n\t\t\t\t\t\t\t\t\t<span class=\"elementor-button-text\">M\u00f6chten Sie unsere Hilfe in Anspruch nehmen?<\/span>\n\t\t\t\t\t<\/span>\n\t\t\t\t\t<\/a>\n\t\t\t\t<\/div>\n\t\t\t\t\t\t\t\t<\/div>\n\t\t\t\t<\/div>\n\t\t\t\t<div class=\"elementor-element elementor-element-08739b6 elementor-widget elementor-widget-spacer\" data-id=\"08739b6\" data-element_type=\"widget\" data-e-type=\"widget\" data-widget_type=\"spacer.default\">\n\t\t\t\t<div class=\"elementor-widget-container\">\n\t\t\t\t\t\t\t<div class=\"elementor-spacer\">\n\t\t\t<div class=\"elementor-spacer-inner\"><\/div>\n\t\t<\/div>\n\t\t\t\t\t\t<\/div>\n\t\t\t\t<\/div>\n\t\t\t\t<div class=\"elementor-element elementor-element-d92d0af elementor-align-center elementor-widget__width-initial elementor-widget elementor-widget-button\" data-id=\"d92d0af\" data-element_type=\"widget\" data-e-type=\"widget\" data-widget_type=\"button.default\">\n\t\t\t\t<div class=\"elementor-widget-container\">\n\t\t\t\t\t\t\t\t\t<div class=\"elementor-button-wrapper\">\n\t\t\t\t\t<a class=\"elementor-button elementor-button-link elementor-size-sm elementor-animation-grow\" href=\"https:\/\/bicg.com\/de\/erfolgsgeschichten\/#DigitalSuite\">\n\t\t\t\t\t\t<span class=\"elementor-button-content-wrapper\">\n\t\t\t\t\t\t\t\t\t<span class=\"elementor-button-text\">Entdecken Sie unsere Erfolgsgeschichten<\/span>\n\t\t\t\t\t<\/span>\n\t\t\t\t\t<\/a>\n\t\t\t\t<\/div>\n\t\t\t\t\t\t\t\t<\/div>\n\t\t\t\t<\/div>\n\t\t\t\t\t<\/div>\n\t\t\t\t<\/div>\n\t\t\t\t<div class=\"elementor-element elementor-element-dd588dc elementor-widget elementor-widget-spacer\" data-id=\"dd588dc\" data-element_type=\"widget\" data-e-type=\"widget\" data-widget_type=\"spacer.default\">\n\t\t\t\t<div class=\"elementor-widget-container\">\n\t\t\t\t\t\t\t<div class=\"elementor-spacer\">\n\t\t\t<div class=\"elementor-spacer-inner\"><\/div>\n\t\t<\/div>\n\t\t\t\t\t\t<\/div>\n\t\t\t\t<\/div>\n\t\t\t\t\t<\/div>\n\t\t\t\t<\/div>\n\t\t<div class=\"elementor-element elementor-element-325db21 e-flex e-con-boxed e-con e-parent\" data-id=\"325db21\" data-element_type=\"container\" data-e-type=\"container\">\n\t\t\t\t\t<div class=\"e-con-inner\">\n\t\t\t\t\t<\/div>\n\t\t\t\t<\/div>\n\t\t\t\t<\/div>\n\t\t","protected":false},"excerpt":{"rendered":"<p>DIGITALE SUITE WIR R\u00dcSTEN IHRE TRANSFORMATION MIT DIGITALEN TOOLS AUS Technologie spielt in der heutigen Gesch\u00e4ftswelt eine entscheidene Rolle bei der Neugestaltung der Arbeitsorganisation. Bicg hat die hyTeams Digital-Suite entwickelt, um den Anforderungen moderner Arbeitsmodelle gerecht zu werden. Die umfassende Erfahrung von bicg im Bereich des organisatorischen Transformation bildet die Grundlage f\u00fcr die Entwicklung der [&hellip;]<\/p>\n","protected":false},"author":1,"featured_media":0,"parent":6094,"menu_order":0,"comment_status":"closed","ping_status":"closed","template":"","meta":{"footnotes":""},"class_list":["post-6107","page","type-page","status-publish","hentry"],"_links":{"self":[{"href":"https:\/\/bicg.com\/de\/wp-json\/wp\/v2\/pages\/6107","targetHints":{"allow":["GET"]}}],"collection":[{"href":"https:\/\/bicg.com\/de\/wp-json\/wp\/v2\/pages"}],"about":[{"href":"https:\/\/bicg.com\/de\/wp-json\/wp\/v2\/types\/page"}],"author":[{"embeddable":true,"href":"https:\/\/bicg.com\/de\/wp-json\/wp\/v2\/users\/1"}],"replies":[{"embeddable":true,"href":"https:\/\/bicg.com\/de\/wp-json\/wp\/v2\/comments?post=6107"}],"version-history":[{"count":4,"href":"https:\/\/bicg.com\/de\/wp-json\/wp\/v2\/pages\/6107\/revisions"}],"predecessor-version":[{"id":9038,"href":"https:\/\/bicg.com\/de\/wp-json\/wp\/v2\/pages\/6107\/revisions\/9038"}],"up":[{"embeddable":true,"href":"https:\/\/bicg.com\/de\/wp-json\/wp\/v2\/pages\/6094"}],"wp:attachment":[{"href":"https:\/\/bicg.com\/de\/wp-json\/wp\/v2\/media?parent=6107"}],"curies":[{"name":"wp","href":"https:\/\/api.w.org\/{rel}","templated":true}]}}